{"id":107,"date":"2025-12-08T07:27:23","date_gmt":"2025-12-08T06:27:23","guid":{"rendered":"https:\/\/sklep.biomus.eu\/gwarancje\/"},"modified":"2025-12-08T07:28:49","modified_gmt":"2025-12-08T06:28:49","slug":"gwarancje","status":"publish","type":"page","link":"https:\/\/sklep.biomus.eu\/de\/gwarancje\/","title":{"rendered":"Gwarancje"},"content":{"rendered":"\n<p class=\"wp-block-paragraph\">Wszystkie towary s\u0105 fabrycznie nowe i obj\u0119te gwarancj\u0105 producenta lub dystrybutora na warunkach zawartych w kartach gwarancyjnych.<\/p>\n\n<p class=\"wp-block-paragraph\"><br\/>Aby z\u0142o\u017cy\u0107 Zam\u00f3wienie poprzez stron\u0119 internetow\u0105 www.sklep.biomus.eu nale\u017cy poda\u0107 dane niezb\u0119dne do realizacji Zam\u00f3wienia \/ Rezerwacji z wyra\u017ceniem zgody na ich przetwarzanie przez Biomus oraz zaakceptowa\u0107 postanowienia<strong> <a href=\"https:\/\/sklep.biomus.eu\/regulamin\/\" data-type=\"page\" data-id=\"167\">Regulaminu Sklepu<\/a>.<\/strong><\/p>\n\n<p class=\"wp-block-paragraph\"><\/p>\n","protected":false},"excerpt":{"rendered":"<p>Wszystkie towary s\u0105 fabrycznie nowe i obj\u0119te gwarancj\u0105 producenta lub dystrybutora na warunkach zawartych w kartach gwarancyjnych. Aby z\u0142o\u017cy\u0107 Zam\u00f3wienie poprzez stron\u0119 internetow\u0105 www.sklep.biomus.eu nale\u017cy poda\u0107 dane niezb\u0119dne do realizacji Zam\u00f3wienia \/ Rezerwacji z wyra\u017ceniem zgody na ich przetwarzanie przez Biomus oraz zaakceptowa\u0107 postanowienia Regulaminu Sklepu.<\/p>\n","protected":false},"author":1,"featured_media":0,"parent":0,"menu_order":0,"comment_status":"closed","ping_status":"closed","template":"","meta":{"inline_featured_image":false,"footnotes":""},"class_list":["post-107","page","type-page","status-publish","hentry"],"_links":{"self":[{"href":"https:\/\/sklep.biomus.eu\/de\/wp-json\/wp\/v2\/pages\/107","targetHints":{"allow":["GET"]}}],"collection":[{"href":"https:\/\/sklep.biomus.eu\/de\/wp-json\/wp\/v2\/pages"}],"about":[{"href":"https:\/\/sklep.biomus.eu\/de\/wp-json\/wp\/v2\/types\/page"}],"author":[{"embeddable":true,"href":"https:\/\/sklep.biomus.eu\/de\/wp-json\/wp\/v2\/users\/1"}],"replies":[{"embeddable":true,"href":"https:\/\/sklep.biomus.eu\/de\/wp-json\/wp\/v2\/comments?post=107"}],"version-history":[{"count":1,"href":"https:\/\/sklep.biomus.eu\/de\/wp-json\/wp\/v2\/pages\/107\/revisions"}],"predecessor-version":[{"id":108,"href":"https:\/\/sklep.biomus.eu\/de\/wp-json\/wp\/v2\/pages\/107\/revisions\/108"}],"wp:attachment":[{"href":"https:\/\/sklep.biomus.eu\/de\/wp-json\/wp\/v2\/media?parent=107"}],"curies":[{"name":"wp","href":"https:\/\/api.w.org\/{rel}","templated":true}]}}