{"id":123,"date":"2025-12-08T07:26:34","date_gmt":"2025-12-08T06:26:34","guid":{"rendered":"https:\/\/sklep.biomus.eu\/bezpieczne-platnosci\/"},"modified":"2025-12-08T07:30:48","modified_gmt":"2025-12-08T06:30:48","slug":"bezpieczne-platnosci","status":"publish","type":"page","link":"https:\/\/sklep.biomus.eu\/de\/bezpieczne-platnosci\/","title":{"rendered":"Bezpieczne p\u0142atno\u015bci"},"content":{"rendered":"\n<p class=\"wp-block-paragraph\"><strong>Formy p\u0142atno\u015bci<\/strong><\/p>\n\n<p class=\"wp-block-paragraph\">Nale\u017cno\u015b\u0107 wynikaj\u0105ca z danej Rezerwacji lub z danego Zam\u00f3wienia r\u00f3wna jest sumie cen wszystkich zarezerwowanych lub zam\u00f3wionych towar\u00f3w oraz w razie umowy zawieranej na odleg\u0142o\u015b\u0107 koszt\u00f3w ich transportu.<\/p>\n\n<p class=\"wp-block-paragraph\"><strong>Dost\u0119pne formy p\u0142atno\u015bci w Sklepie Internetowym <\/strong>to:<\/p>\n\n<p class=\"wp-block-paragraph\">a. <strong>Przelew na konto<\/strong> &#8211; wp\u0142aty nale\u017cy dokona\u0107 na numer konta podany na Zam\u00f3wieniu \/ Rezerwacji. <br\/>Numer widoczny jest po z\u0142o\u017ceniu Zam\u00f3wienia \/ Rezerwacji jak r\u00f3wnie\u017c w e-mailu potwierdzaj\u0105cym przyj\u0119cie Zam\u00f3wienia, b\u0105d\u017a Rezerwacji do realizacji.<br\/>Je\u017celi numer konta nie zosta\u0142 wygenerowany lub zosta\u0142 odrzucony przez Pa\u0144stwa bank prosimy o niezw\u0142oczne poinformowanie o tym fakcie obs\u0142ugi Sklepu Internetowego. W tej sytuacji wp\u0142aty mo\u017cna dokona\u0107 na og\u00f3lne konto naszej firmy kt\u00f3re podane jest na naszych stronach.<\/p>\n\n<hr class=\"wp-block-separator has-alpha-channel-opacity\"\/>\n\n<p class=\"wp-block-paragraph\">b. <strong>P\u0142atno\u015b\u0107 za pobraniem<\/strong> \u2013 Wp\u0142aty nale\u017cy dokona\u0107 got\u00f3wk\u0105 przy odbiorze przesy\u0142ki Kurierowi, kt\u00f3ry dostarczy\u0142 zam\u00f3wiony towar. Przygotuj odliczon\u0105 kwot\u0119.<\/p>\n\n<hr class=\"wp-block-separator has-alpha-channel-opacity\"\/>\n\n<p class=\"wp-block-paragraph\">c. <strong>P\u0142atno\u015b\u0107 przy odbiorze osobistym<\/strong> \u2013 Wp\u0142ata w siedzibie firmy <strong>Biomus<\/strong>.<\/p>\n\n<p class=\"wp-block-paragraph\">Wszystkie ceny widoczne na stronie s\u0105 cenami brutto, zawieraj\u0105 podatek VAT<\/p>\n\n<p class=\"wp-block-paragraph\"><\/p>\n","protected":false},"excerpt":{"rendered":"<p>Formy p\u0142atno\u015bci Nale\u017cno\u015b\u0107 wynikaj\u0105ca z danej Rezerwacji lub z danego Zam\u00f3wienia r\u00f3wna jest sumie cen wszystkich zarezerwowanych lub zam\u00f3wionych towar\u00f3w oraz w razie umowy zawieranej na odleg\u0142o\u015b\u0107 koszt\u00f3w ich transportu. Dost\u0119pne formy p\u0142atno\u015bci w Sklepie Internetowym to: a. Przelew na konto &#8211; wp\u0142aty nale\u017cy dokona\u0107 na numer konta podany na Zam\u00f3wieniu \/ Rezerwacji. Numer widoczny [&hellip;]<\/p>\n","protected":false},"author":1,"featured_media":0,"parent":0,"menu_order":0,"comment_status":"closed","ping_status":"closed","template":"","meta":{"inline_featured_image":false,"footnotes":""},"class_list":["post-123","page","type-page","status-publish","hentry"],"_links":{"self":[{"href":"https:\/\/sklep.biomus.eu\/de\/wp-json\/wp\/v2\/pages\/123","targetHints":{"allow":["GET"]}}],"collection":[{"href":"https:\/\/sklep.biomus.eu\/de\/wp-json\/wp\/v2\/pages"}],"about":[{"href":"https:\/\/sklep.biomus.eu\/de\/wp-json\/wp\/v2\/types\/page"}],"author":[{"embeddable":true,"href":"https:\/\/sklep.biomus.eu\/de\/wp-json\/wp\/v2\/users\/1"}],"replies":[{"embeddable":true,"href":"https:\/\/sklep.biomus.eu\/de\/wp-json\/wp\/v2\/comments?post=123"}],"version-history":[{"count":1,"href":"https:\/\/sklep.biomus.eu\/de\/wp-json\/wp\/v2\/pages\/123\/revisions"}],"predecessor-version":[{"id":124,"href":"https:\/\/sklep.biomus.eu\/de\/wp-json\/wp\/v2\/pages\/123\/revisions\/124"}],"wp:attachment":[{"href":"https:\/\/sklep.biomus.eu\/de\/wp-json\/wp\/v2\/media?parent=123"}],"curies":[{"name":"wp","href":"https:\/\/api.w.org\/{rel}","templated":true}]}}