{"id":83,"date":"2025-12-08T07:09:35","date_gmt":"2025-12-08T06:09:35","guid":{"rendered":"https:\/\/sklep.biomus.eu\/?page_id=83"},"modified":"2026-01-13T14:40:20","modified_gmt":"2026-01-13T13:40:20","slug":"datenschutzerklarung","status":"publish","type":"page","link":"https:\/\/sklep.biomus.eu\/de\/datenschutzerklarung\/","title":{"rendered":"Datenschutzerkl\u00e4rung"},"content":{"rendered":"\n<h2 class=\"wp-block-heading\">Wer wir sind<\/h2>\n\n<p><strong class=\"privacy-policy-tutorial\">Vorgeschlagener Text: <\/strong>Die Adresse unserer Website lautet: https:\/\/sklep.biomus.eu.<\/p>\n\n<h2 class=\"wp-block-heading\">Kommentare<\/h2>\n\n<p><strong class=\"privacy-policy-tutorial\">Vorgeschlagener Text: <\/strong>Wenn Besucher Kommentare auf der Website hinterlassen, erfassen wir die im Kommentarformular angezeigten Daten sowie die IP-Adresse des Besuchers und den User-Agent-String des Browsers zur Spam-Erkennung.<\/p>\n\n<p class=\"wp-block-paragraph\">Ein anonymisierter String, der aus Ihrer E-Mail-Adresse erstellt wurde (auch Hash genannt), kann an den Gravatar-Dienst \u00fcbermittelt werden, um zu pr\u00fcfen, ob Sie ihn verwenden. Die Datenschutzrichtlinie des Gravatar-Dienstes finden Sie unter: https:\/\/automattic.com\/privacy\/. Nach der Genehmigung Ihres Kommentars ist Ihr Profilbild im Kontext Ihres Kommentars \u00f6ffentlich sichtbar.<\/p>\n\n<h2 class=\"wp-block-heading\">Medien<\/h2>\n\n<p><strong class=\"privacy-policy-tutorial\">Vorgeschlagener Text: <\/strong>Wenn Sie ein registrierter Benutzer sind und Bilder auf die Website hochladen, sollten Sie das Hochladen von Bildern mit EXIF-Standort-Tags vermeiden. Besucher der Website k\u00f6nnen vollst\u00e4ndige Standortdaten von Bildern auf der Website herunterladen und lesen.<\/p>\n\n<h2 class=\"wp-block-heading\">Cookies<\/h2>\n\n<p><strong class=\"privacy-policy-tutorial\">Vorgeschlagener Text: <\/strong>Wenn Sie einen Kommentar auf der Website hinterlassen, k\u00f6nnen Sie w\u00e4hlen, ob Ihr Name, Ihre E-Mail-Adresse und Ihre Website in Cookies gespeichert werden sollen, damit diese Informationen bei zuk\u00fcnftigen Kommentaren bequem vorausgef\u00fcllt sind. Cookies verfallen nach einem Jahr.<\/p>\n\n<p class=\"wp-block-paragraph\">Wenn Sie die Anmeldeseite besuchen, setzen wir ein tempor\u00e4res Cookie, um zu pr\u00fcfen, ob Ihr Browser Cookies akzeptiert. Es enth\u00e4lt keine pers\u00f6nlichen Daten und wird gel\u00f6scht, sobald Sie Ihren Browser schlie\u00dfen.<\/p>\n\n<p class=\"wp-block-paragraph\">Beim Login setzen wir zus\u00e4tzlich mehrere Cookies, um Ihre Login-Informationen und ausgew\u00e4hlten Bildschirmoptionen zu speichern. Login-Cookies verfallen nach zwei Tagen und Bildschirmoptionen-Cookies nach einem Jahr. Wenn Sie die Option \u201eAngemeldet bleiben\u201c aktivieren, l\u00e4uft der Login nach zwei Wochen ab. Wenn Sie sich von Ihrem Konto abmelden, werden die Login-Cookies gel\u00f6scht.<\/p>\n\n<p class=\"wp-block-paragraph\">Wenn Sie einen Artikel bearbeiten oder ver\u00f6ffentlichen, wird ein zus\u00e4tzliches Cookie in Ihrem Browser gespeichert. Dieses Cookie enth\u00e4lt keine pers\u00f6nlichen Daten und verweist lediglich auf die ID des gerade bearbeiteten Artikels. Es verf\u00e4llt nach 1 Tag.<\/p>\n\n<h2 class=\"wp-block-heading\">Eingebettete Inhalte von anderen Websites<\/h2>\n\n<p><strong class=\"privacy-policy-tutorial\">Vorgeschlagener Text: <\/strong>Artikel auf dieser Website k\u00f6nnen eingebettete Inhalte (z. B. Videos, Bilder, Artikel usw.) enthalten. Eingebettete Inhalte von anderen Websites verhalten sich genau so, als ob der Benutzer die jeweilige Website direkt besucht h\u00e4tte.<\/p>\n\n<p class=\"wp-block-paragraph\">Diese Websites k\u00f6nnen Daten \u00fcber Sie sammeln, Cookies verwenden, zus\u00e4tzliche externe Tracking-Dienste einbetten und Ihre Interaktionen mit diesen eingebetteten Inhalten \u00fcberwachen, einschlie\u00dflich der Verfolgung Ihrer Interaktionen mit den eingebetteten Inhalten, wenn Sie ein Konto auf dieser Website haben und dort angemeldet sind.<\/p>\n\n<h2 class=\"wp-block-heading\">Mit wem wir Ihre Daten teilen<\/h2>\n\n<p><strong class=\"privacy-policy-tutorial\">Vorgeschlagener Text: <\/strong>Wenn Sie eine Passwortzur\u00fccksetzung anfordern, wird Ihre IP-Adresse in der E-Mail enthalten sein.<\/p>\n\n<h2 class=\"wp-block-heading\">Wie lange wir Ihre Daten speichern<\/h2>\n\n<p><strong class=\"privacy-policy-tutorial\">Vorgeschlagener Text: <\/strong>Wenn Sie einen Kommentar hinterlassen, werden der Kommentar und seine Metadaten auf unbestimmte Zeit gespeichert. Dadurch k\u00f6nnen wir Folgekommentare automatisch erkennen und genehmigen, anstatt sie jedes Mal zur Moderation zu senden.<\/p>\n\n<p class=\"wp-block-paragraph\">F\u00fcr Benutzer, die sich auf unserer Website registrieren (falls vorhanden), speichern wir auch die pers\u00f6nlichen Informationen, die sie in ihrem Benutzerprofil angeben. Jeder Benutzer kann seine pers\u00f6nlichen Informationen jederzeit einsehen, korrigieren oder l\u00f6schen (mit Ausnahme des Benutzernamens, der nicht ge\u00e4ndert werden kann). Administratoren der Website k\u00f6nnen diese Informationen ebenfalls einsehen und bearbeiten.<\/p>\n\n<h2 class=\"wp-block-heading\">Welche Rechte Sie an Ihren Daten haben<\/h2>\n\n<p><strong class=\"privacy-policy-tutorial\">Vorgeschlagener Text: <\/strong>Wenn Sie ein Konto auf dieser Website haben oder Kommentare hinterlassen haben, k\u00f6nnen Sie einen Export Ihrer pers\u00f6nlichen Daten anfordern, die wir \u00fcber Sie gespeichert haben, einschlie\u00dflich aller Daten, die Sie uns zur Verf\u00fcgung gestellt haben. Sie k\u00f6nnen auch die L\u00f6schung aller pers\u00f6nlichen Daten, die wir \u00fcber Sie gespeichert haben, anfordern. Dies umfasst keine Daten, die wir aufgrund administrativer, rechtlicher oder sicherheitsrelevanter Notwendigkeiten aufbewahren m\u00fcssen.<\/p>\n\n<h2 class=\"wp-block-heading\">Wohin wir Ihre Daten senden<\/h2>\n\n<p><strong class=\"privacy-policy-tutorial\">Vorgeschlagener Text: <\/strong>Besucherkommentare k\u00f6nnen durch einen automatisierten Spam-Erkennungsdienst \u00fcberpr\u00fcft werden.<\/p>\n","protected":false},"excerpt":{"rendered":"<p>Wer wir sind Vorgeschlagener Text: Die Adresse unserer Website lautet: https:\/\/sklep.biomus.eu. Kommentare Vorgeschlagener Text: Wenn Besucher Kommentare auf der Website hinterlassen, erfassen wir die im Kommentarformular angezeigten Daten sowie die IP-Adresse des Besuchers und den User-Agent-String des Browsers zur Spam-Erkennung. Ein anonymisierter String, der aus Ihrer E-Mail-Adresse erstellt wurde (auch Hash genannt), kann an den [&hellip;]<\/p>\n","protected":false},"author":1,"featured_media":0,"parent":0,"menu_order":0,"comment_status":"closed","ping_status":"open","template":"","meta":{"inline_featured_image":false,"footnotes":""},"class_list":["post-83","page","type-page","status-publish","hentry"],"_links":{"self":[{"href":"https:\/\/sklep.biomus.eu\/de\/wp-json\/wp\/v2\/pages\/83","targetHints":{"allow":["GET"]}}],"collection":[{"href":"https:\/\/sklep.biomus.eu\/de\/wp-json\/wp\/v2\/pages"}],"about":[{"href":"https:\/\/sklep.biomus.eu\/de\/wp-json\/wp\/v2\/types\/page"}],"author":[{"embeddable":true,"href":"https:\/\/sklep.biomus.eu\/de\/wp-json\/wp\/v2\/users\/1"}],"replies":[{"embeddable":true,"href":"https:\/\/sklep.biomus.eu\/de\/wp-json\/wp\/v2\/comments?post=83"}],"version-history":[{"count":1,"href":"https:\/\/sklep.biomus.eu\/de\/wp-json\/wp\/v2\/pages\/83\/revisions"}],"predecessor-version":[{"id":84,"href":"https:\/\/sklep.biomus.eu\/de\/wp-json\/wp\/v2\/pages\/83\/revisions\/84"}],"wp:attachment":[{"href":"https:\/\/sklep.biomus.eu\/de\/wp-json\/wp\/v2\/media?parent=83"}],"curies":[{"name":"wp","href":"https:\/\/api.w.org\/{rel}","templated":true}]}}