{"id":10146,"date":"2024-05-09T08:15:06","date_gmt":"2024-05-09T06:15:06","guid":{"rendered":"https:\/\/sklep.biomus.eu\/surowce-i-odczynniki-chemiczne\/mydlo-w-plynie-mydlo-szare-potasowe-1l-2\/"},"modified":"2025-12-09T22:38:43","modified_gmt":"2025-12-09T21:38:43","slug":"mydlo-w-plynie-mydlo-szare-potasowe-1l-2","status":"publish","type":"product","link":"https:\/\/sklep.biomus.eu\/de\/surowce-i-odczynniki-chemiczne\/mydlo-w-plynie-mydlo-szare-potasowe-1l-2\/","title":{"rendered":"Fl\u00fcssige Kaliumseife. Myd\u0142o w p\u0142ynie 1L"},"content":{"rendered":"<p>Fl\u00fcssigseife BIOMUS 1L<\/p>\n<p>Name: Fl\u00fcssigseife<\/p>\n<p>Synonyme: fl\u00fcssige Kaliseife, Fl\u00fcssigseife, Liquid Soap, tekut\u00e9 m\u00fddlo<\/p>\n<p>Typ: Rein<\/p>\n<p>Hauptbestandteil: Kaliseife &#8211; CAS Nr: 61790-44-1<\/p>\n<p>Kaliseife wird nach dem traditionellen Rezept aus der Verseifung von Fetten mit Kaliumhydroxid hergestellt.<\/p>\n<p>Zusammensetzung: Sapo kalinus (sapo viridis), Kaliumpalmitat, Kaliumstearat, Kaliumoleat, Aqua, Kaliumhydroxid, Glycerin<\/p>\n<p>Das Produkt wird gem\u00e4\u00df den Kriterien des GHS-Systems nicht als gef\u00e4hrlich eingestuft.<\/p>\n","protected":false},"excerpt":{"rendered":"<p>Fl\u00fcssigseife BIOMUS 1L Name: Fl\u00fcssigseife Synonyme: fl\u00fcssige Kaliseife, Fl\u00fcssigseife, Liquid Soap, tekut\u00e9 m\u00fddlo Typ: Rein Hauptbestandteil: Kaliseife &#8211; CAS Nr: 61790-44-1 Kaliseife wird nach dem traditionellen Rezept aus der Verseifung von Fetten mit Kaliumhydroxid hergestellt. Zusammensetzung: Sapo kalinus (sapo viridis), Kaliumpalmitat, Kaliumstearat, Kaliumoleat, Aqua, Kaliumhydroxid, Glycerin Das Produkt wird gem\u00e4\u00df den Kriterien des GHS-Systems nicht [&hellip;]<\/p>\n","protected":false},"featured_media":15463,"comment_status":"open","ping_status":"closed","template":"","meta":{"inline_featured_image":false},"product_brand":[],"product_cat":[1126],"product_tag":[],"class_list":{"0":"post-10146","1":"product","2":"type-product","3":"status-publish","4":"has-post-thumbnail","6":"product_cat-flussigseife","8":"first","9":"instock","10":"taxable","11":"shipping-taxable","12":"purchasable","13":"product-type-simple"},"_links":{"self":[{"href":"https:\/\/sklep.biomus.eu\/de\/wp-json\/wp\/v2\/product\/10146","targetHints":{"allow":["GET"]}}],"collection":[{"href":"https:\/\/sklep.biomus.eu\/de\/wp-json\/wp\/v2\/product"}],"about":[{"href":"https:\/\/sklep.biomus.eu\/de\/wp-json\/wp\/v2\/types\/product"}],"replies":[{"embeddable":true,"href":"https:\/\/sklep.biomus.eu\/de\/wp-json\/wp\/v2\/comments?post=10146"}],"wp:featuredmedia":[{"embeddable":true,"href":"https:\/\/sklep.biomus.eu\/de\/wp-json\/wp\/v2\/media\/15463"}],"wp:attachment":[{"href":"https:\/\/sklep.biomus.eu\/de\/wp-json\/wp\/v2\/media?parent=10146"}],"wp:term":[{"taxonomy":"product_brand","embeddable":true,"href":"https:\/\/sklep.biomus.eu\/de\/wp-json\/wp\/v2\/product_brand?post=10146"},{"taxonomy":"product_cat","embeddable":true,"href":"https:\/\/sklep.biomus.eu\/de\/wp-json\/wp\/v2\/product_cat?post=10146"},{"taxonomy":"product_tag","embeddable":true,"href":"https:\/\/sklep.biomus.eu\/de\/wp-json\/wp\/v2\/product_tag?post=10146"}],"curies":[{"name":"wp","href":"https:\/\/api.w.org\/{rel}","templated":true}]}}