{"id":10221,"date":"2024-03-06T13:12:54","date_gmt":"2024-03-06T12:12:54","guid":{"rendered":"https:\/\/sklep.biomus.eu\/surowce-i-odczynniki-chemiczne\/bialko-grochu-500g-2\/"},"modified":"2025-12-09T22:39:08","modified_gmt":"2025-12-09T21:39:08","slug":"bialko-grochu-500g-2","status":"publish","type":"product","link":"https:\/\/sklep.biomus.eu\/de\/surowce-i-odczynniki-chemiczne\/bialko-grochu-500g-2\/","title":{"rendered":"Erbsenprotein 500g"},"content":{"rendered":"<p>Erbsenprotein BIOMUS<\/p>\n<p>Name: Erbsenproteinisolat<\/p>\n<p>Synonyme: Erbsenproteinisolat, Erbsenproteinisolat, izol\u00e1t hr\u00e1\u0161kov\u00e9ho proteinu<\/p>\n<p>Art: Rein<\/p>\n<p>Reinheit: Rein<\/p>\n<p>CAS-Nr .: 222400-29-5<\/p>\n<p>EG-Nr .: 606-962-3<\/p>\n","protected":false},"excerpt":{"rendered":"<p>Erbsenprotein BIOMUS Name: Erbsenproteinisolat Synonyme: Erbsenproteinisolat, Erbsenproteinisolat, izol\u00e1t hr\u00e1\u0161kov\u00e9ho proteinu Art: Rein Reinheit: Rein CAS-Nr .: 222400-29-5 EG-Nr .: 606-962-3<\/p>\n","protected":false},"featured_media":10218,"comment_status":"open","ping_status":"closed","template":"","meta":{"inline_featured_image":false},"product_brand":[],"product_cat":[1239],"product_tag":[],"class_list":{"0":"post-10221","1":"product","2":"type-product","3":"status-publish","4":"has-post-thumbnail","6":"product_cat-erbsenproteinisolat","8":"first","9":"instock","10":"taxable","11":"shipping-taxable","12":"purchasable","13":"product-type-simple"},"_links":{"self":[{"href":"https:\/\/sklep.biomus.eu\/de\/wp-json\/wp\/v2\/product\/10221","targetHints":{"allow":["GET"]}}],"collection":[{"href":"https:\/\/sklep.biomus.eu\/de\/wp-json\/wp\/v2\/product"}],"about":[{"href":"https:\/\/sklep.biomus.eu\/de\/wp-json\/wp\/v2\/types\/product"}],"replies":[{"embeddable":true,"href":"https:\/\/sklep.biomus.eu\/de\/wp-json\/wp\/v2\/comments?post=10221"}],"wp:featuredmedia":[{"embeddable":true,"href":"https:\/\/sklep.biomus.eu\/de\/wp-json\/wp\/v2\/media\/10218"}],"wp:attachment":[{"href":"https:\/\/sklep.biomus.eu\/de\/wp-json\/wp\/v2\/media?parent=10221"}],"wp:term":[{"taxonomy":"product_brand","embeddable":true,"href":"https:\/\/sklep.biomus.eu\/de\/wp-json\/wp\/v2\/product_brand?post=10221"},{"taxonomy":"product_cat","embeddable":true,"href":"https:\/\/sklep.biomus.eu\/de\/wp-json\/wp\/v2\/product_cat?post=10221"},{"taxonomy":"product_tag","embeddable":true,"href":"https:\/\/sklep.biomus.eu\/de\/wp-json\/wp\/v2\/product_tag?post=10221"}],"curies":[{"name":"wp","href":"https:\/\/api.w.org\/{rel}","templated":true}]}}