{"id":10313,"date":"2024-02-13T15:25:08","date_gmt":"2024-02-13T14:25:08","guid":{"rendered":"https:\/\/sklep.biomus.eu\/surowce-i-odczynniki-chemiczne\/olejek-cynamonowy-10ml-2\/"},"modified":"2025-12-09T22:39:40","modified_gmt":"2025-12-09T21:39:40","slug":"olejek-cynamonowy-10ml-2","status":"publish","type":"product","link":"https:\/\/sklep.biomus.eu\/de\/surowce-i-odczynniki-chemiczne\/olejek-cynamonowy-10ml-2\/","title":{"rendered":"Zimt \u00e4therisches \u00d6l Zimt\u00f6l 10ml"},"content":{"rendered":"<p>Biomus Zimt \u00e4therisches \u00d6l<\/p>\n<p>Name: Zimt\u00f6l (aus Rinde)<\/p>\n<p>Synonyme: Zimt \u00e4therisches \u00d6l, esenci\u00e1ln\u00ed olej ze sko\u0159ice, Zimt\u00f6l<\/p>\n<p>Art: Rein<\/p>\n<p>Farbe: gelb bis dunkelbraun<\/p>\n<p>Duft: charakteristisch<\/p>\n<p>Chemische Formel: Nicht zutreffend<\/p>\n<p>CAS-Nummer: 84649-98-9<\/p>\n<p>EG-Nummer: 283-479-0<\/p>\n","protected":false},"excerpt":{"rendered":"<p>Biomus Zimt \u00e4therisches \u00d6l Name: Zimt\u00f6l (aus Rinde) Synonyme: Zimt \u00e4therisches \u00d6l, esenci\u00e1ln\u00ed olej ze sko\u0159ice, Zimt\u00f6l Art: Rein Farbe: gelb bis dunkelbraun Duft: charakteristisch Chemische Formel: Nicht zutreffend CAS-Nummer: 84649-98-9 EG-Nummer: 283-479-0<\/p>\n","protected":false},"featured_media":15067,"comment_status":"open","ping_status":"closed","template":"","meta":{"inline_featured_image":false},"product_brand":[],"product_cat":[1245],"product_tag":[],"class_list":{"0":"post-10313","1":"product","2":"type-product","3":"status-publish","4":"has-post-thumbnail","6":"product_cat-zimt-atherisches-ol-zimtol","8":"first","9":"outofstock","10":"taxable","11":"shipping-taxable","12":"purchasable","13":"product-type-simple"},"_links":{"self":[{"href":"https:\/\/sklep.biomus.eu\/de\/wp-json\/wp\/v2\/product\/10313","targetHints":{"allow":["GET"]}}],"collection":[{"href":"https:\/\/sklep.biomus.eu\/de\/wp-json\/wp\/v2\/product"}],"about":[{"href":"https:\/\/sklep.biomus.eu\/de\/wp-json\/wp\/v2\/types\/product"}],"replies":[{"embeddable":true,"href":"https:\/\/sklep.biomus.eu\/de\/wp-json\/wp\/v2\/comments?post=10313"}],"wp:featuredmedia":[{"embeddable":true,"href":"https:\/\/sklep.biomus.eu\/de\/wp-json\/wp\/v2\/media\/15067"}],"wp:attachment":[{"href":"https:\/\/sklep.biomus.eu\/de\/wp-json\/wp\/v2\/media?parent=10313"}],"wp:term":[{"taxonomy":"product_brand","embeddable":true,"href":"https:\/\/sklep.biomus.eu\/de\/wp-json\/wp\/v2\/product_brand?post=10313"},{"taxonomy":"product_cat","embeddable":true,"href":"https:\/\/sklep.biomus.eu\/de\/wp-json\/wp\/v2\/product_cat?post=10313"},{"taxonomy":"product_tag","embeddable":true,"href":"https:\/\/sklep.biomus.eu\/de\/wp-json\/wp\/v2\/product_tag?post=10313"}],"curies":[{"name":"wp","href":"https:\/\/api.w.org\/{rel}","templated":true}]}}