{"id":10317,"date":"2024-01-26T11:07:03","date_gmt":"2024-01-26T10:07:03","guid":{"rendered":"https:\/\/sklep.biomus.eu\/surowce-i-odczynniki-chemiczne\/olejek-rozmarynowy-10ml-2\/"},"modified":"2025-12-09T22:39:42","modified_gmt":"2025-12-09T21:39:42","slug":"olejek-rozmarynowy-10ml-2","status":"publish","type":"product","link":"https:\/\/sklep.biomus.eu\/de\/surowce-i-odczynniki-chemiczne\/olejek-rozmarynowy-10ml-2\/","title":{"rendered":"Rosmarin \u00e4therisches \u00d6l 10ml"},"content":{"rendered":"<p>Biomus Rosmarin \u00e4therisches \u00d6l<\/p>\n<p>Name: Rosmarin\u00f6l (enth\u00e4lt nat\u00fcrlichen Kampfer)<\/p>\n<p>Synonyme: Rosmarin \u00e4therisches \u00d6l, rozmar\u00fdnov\u00fd esenci\u00e1ln\u00ed olej, \u00c4therisches Rosmarin\u00f6l<\/p>\n<p>Art: Rein<\/p>\n<p>Duft: charakteristisch<\/p>\n<p>Farbe: farblos bis gelb<\/p>\n<p>Chemische Formel: Nicht zutreffend<\/p>\n<p>CAS-Nummer: 84604-14-8<\/p>\n<p>EG-Nummer: 283-291-9<\/p><\/p>\n","protected":false},"excerpt":{"rendered":"<p>Biomus Rosmarin \u00e4therisches \u00d6l Name: Rosmarin\u00f6l (enth\u00e4lt nat\u00fcrlichen Kampfer) Synonyme: Rosmarin \u00e4therisches \u00d6l, rozmar\u00fdnov\u00fd esenci\u00e1ln\u00ed olej, \u00c4therisches Rosmarin\u00f6l Art: Rein Duft: charakteristisch Farbe: farblos bis gelb Chemische Formel: Nicht zutreffend CAS-Nummer: 84604-14-8 EG-Nummer: 283-291-9<\/p>\n","protected":false},"featured_media":10314,"comment_status":"open","ping_status":"closed","template":"","meta":{"inline_featured_image":false},"product_brand":[],"product_cat":[1248],"product_tag":[],"class_list":{"0":"post-10317","1":"product","2":"type-product","3":"status-publish","4":"has-post-thumbnail","6":"product_cat-atherisches-rosmarinol","8":"first","9":"instock","10":"taxable","11":"shipping-taxable","12":"purchasable","13":"product-type-simple"},"_links":{"self":[{"href":"https:\/\/sklep.biomus.eu\/de\/wp-json\/wp\/v2\/product\/10317","targetHints":{"allow":["GET"]}}],"collection":[{"href":"https:\/\/sklep.biomus.eu\/de\/wp-json\/wp\/v2\/product"}],"about":[{"href":"https:\/\/sklep.biomus.eu\/de\/wp-json\/wp\/v2\/types\/product"}],"replies":[{"embeddable":true,"href":"https:\/\/sklep.biomus.eu\/de\/wp-json\/wp\/v2\/comments?post=10317"}],"wp:featuredmedia":[{"embeddable":true,"href":"https:\/\/sklep.biomus.eu\/de\/wp-json\/wp\/v2\/media\/10314"}],"wp:attachment":[{"href":"https:\/\/sklep.biomus.eu\/de\/wp-json\/wp\/v2\/media?parent=10317"}],"wp:term":[{"taxonomy":"product_brand","embeddable":true,"href":"https:\/\/sklep.biomus.eu\/de\/wp-json\/wp\/v2\/product_brand?post=10317"},{"taxonomy":"product_cat","embeddable":true,"href":"https:\/\/sklep.biomus.eu\/de\/wp-json\/wp\/v2\/product_cat?post=10317"},{"taxonomy":"product_tag","embeddable":true,"href":"https:\/\/sklep.biomus.eu\/de\/wp-json\/wp\/v2\/product_tag?post=10317"}],"curies":[{"name":"wp","href":"https:\/\/api.w.org\/{rel}","templated":true}]}}