{"id":10327,"date":"2023-12-28T14:54:03","date_gmt":"2023-12-28T13:54:03","guid":{"rendered":"https:\/\/sklep.biomus.eu\/surowce-i-odczynniki-chemiczne\/parafina-granulat-3kg-2\/"},"modified":"2025-12-09T22:39:44","modified_gmt":"2025-12-09T21:39:44","slug":"parafina-granulat-3kg-2","status":"publish","type":"product","link":"https:\/\/sklep.biomus.eu\/de\/surowce-i-odczynniki-chemiczne\/parafina-granulat-3kg-2\/","title":{"rendered":"Paraffin Granulat 3kg"},"content":{"rendered":"<p>BIOMUS Paraffin<\/p>\n<p>Name: Granulat-Paraffin<\/p>\n<p>Synonyme: Granuliertes Paraffin, Paraffinwachs<\/p>\n<p>Art: Rein<\/p>\n<p>CAS-Nummer: 64742-51-4<\/p>\n<p>EC-Nummer: 265-154-5<\/p>\n<p>Index-Nummer: nicht zutreffend<\/p>\n<\/p>\n<p>Paraffin 56\/58 ist eine wei\u00dfliche, feink\u00f6rnige Form von Paraffin.<\/p>\n<p>Ideal f\u00fcr viele Anwendungen, einschlie\u00dflich der Herstellung von Kerzen.<\/p>\n<p>Form: Granulat<\/p>\n<p>Geruch: geruchlos<\/p>\n<p>Die Substanz wird gem\u00e4\u00df den Kriterien des GHS-Systems nicht als gef\u00e4hrlich eingestuft.&#8220;<\/p>\n","protected":false},"excerpt":{"rendered":"<p>BIOMUS Paraffin Name: Granulat-Paraffin Synonyme: Granuliertes Paraffin, Paraffinwachs Art: Rein CAS-Nummer: 64742-51-4 EC-Nummer: 265-154-5 Index-Nummer: nicht zutreffend Paraffin 56\/58 ist eine wei\u00dfliche, feink\u00f6rnige Form von Paraffin. Ideal f\u00fcr viele Anwendungen, einschlie\u00dflich der Herstellung von Kerzen. Form: Granulat Geruch: geruchlos Die Substanz wird gem\u00e4\u00df den Kriterien des GHS-Systems nicht als gef\u00e4hrlich eingestuft.&#8220;<\/p>\n","protected":false},"featured_media":10323,"comment_status":"open","ping_status":"closed","template":"","meta":{"inline_featured_image":false},"product_brand":[],"product_cat":[1207],"product_tag":[],"class_list":{"0":"post-10327","1":"product","2":"type-product","3":"status-publish","4":"has-post-thumbnail","6":"product_cat-paraffin-granulat","8":"first","9":"instock","10":"taxable","11":"shipping-taxable","12":"purchasable","13":"product-type-simple"},"_links":{"self":[{"href":"https:\/\/sklep.biomus.eu\/de\/wp-json\/wp\/v2\/product\/10327","targetHints":{"allow":["GET"]}}],"collection":[{"href":"https:\/\/sklep.biomus.eu\/de\/wp-json\/wp\/v2\/product"}],"about":[{"href":"https:\/\/sklep.biomus.eu\/de\/wp-json\/wp\/v2\/types\/product"}],"replies":[{"embeddable":true,"href":"https:\/\/sklep.biomus.eu\/de\/wp-json\/wp\/v2\/comments?post=10327"}],"wp:featuredmedia":[{"embeddable":true,"href":"https:\/\/sklep.biomus.eu\/de\/wp-json\/wp\/v2\/media\/10323"}],"wp:attachment":[{"href":"https:\/\/sklep.biomus.eu\/de\/wp-json\/wp\/v2\/media?parent=10327"}],"wp:term":[{"taxonomy":"product_brand","embeddable":true,"href":"https:\/\/sklep.biomus.eu\/de\/wp-json\/wp\/v2\/product_brand?post=10327"},{"taxonomy":"product_cat","embeddable":true,"href":"https:\/\/sklep.biomus.eu\/de\/wp-json\/wp\/v2\/product_cat?post=10327"},{"taxonomy":"product_tag","embeddable":true,"href":"https:\/\/sklep.biomus.eu\/de\/wp-json\/wp\/v2\/product_tag?post=10327"}],"curies":[{"name":"wp","href":"https:\/\/api.w.org\/{rel}","templated":true}]}}