{"id":10457,"date":"2023-12-15T08:47:31","date_gmt":"2023-12-15T07:47:31","guid":{"rendered":"https:\/\/sklep.biomus.eu\/surowce-i-odczynniki-chemiczne\/olejek-gozdzikowy-1l-2\/"},"modified":"2025-12-09T22:40:31","modified_gmt":"2025-12-09T21:40:31","slug":"olejek-gozdzikowy-1l-2","status":"publish","type":"product","link":"https:\/\/sklep.biomus.eu\/de\/surowce-i-odczynniki-chemiczne\/olejek-gozdzikowy-1l-2\/","title":{"rendered":"\u00c4therisches Nelken\u00f6l 1L"},"content":{"rendered":"<p>Synonym: Nelken\u00f6l, Nelken\u00f6l, Oleum caryophyllorum<\/p>\n<p>Geruch: charakteristisch<\/p>\n<p>Reinheit: \u00e4therisches \u00d6l<\/p>\n<p>Chemische Formel: nicht anwendbar<\/p>\n<p>CAS-Nr.: 84961-50-2<\/p>\n<p>EC-Nr.: 284-638-7<\/p>\n","protected":false},"excerpt":{"rendered":"<p>Synonym: Nelken\u00f6l, Nelken\u00f6l, Oleum caryophyllorum Geruch: charakteristisch Reinheit: \u00e4therisches \u00d6l Chemische Formel: nicht anwendbar CAS-Nr.: 84961-50-2 EC-Nr.: 284-638-7<\/p>\n","protected":false},"featured_media":10453,"comment_status":"open","ping_status":"closed","template":"","meta":{"inline_featured_image":false},"product_brand":[],"product_cat":[1275],"product_tag":[],"class_list":{"0":"post-10457","1":"product","2":"type-product","3":"status-publish","4":"has-post-thumbnail","6":"product_cat-atherisches-nelkenol","8":"first","9":"instock","10":"taxable","11":"shipping-taxable","12":"purchasable","13":"product-type-simple"},"_links":{"self":[{"href":"https:\/\/sklep.biomus.eu\/de\/wp-json\/wp\/v2\/product\/10457","targetHints":{"allow":["GET"]}}],"collection":[{"href":"https:\/\/sklep.biomus.eu\/de\/wp-json\/wp\/v2\/product"}],"about":[{"href":"https:\/\/sklep.biomus.eu\/de\/wp-json\/wp\/v2\/types\/product"}],"replies":[{"embeddable":true,"href":"https:\/\/sklep.biomus.eu\/de\/wp-json\/wp\/v2\/comments?post=10457"}],"wp:featuredmedia":[{"embeddable":true,"href":"https:\/\/sklep.biomus.eu\/de\/wp-json\/wp\/v2\/media\/10453"}],"wp:attachment":[{"href":"https:\/\/sklep.biomus.eu\/de\/wp-json\/wp\/v2\/media?parent=10457"}],"wp:term":[{"taxonomy":"product_brand","embeddable":true,"href":"https:\/\/sklep.biomus.eu\/de\/wp-json\/wp\/v2\/product_brand?post=10457"},{"taxonomy":"product_cat","embeddable":true,"href":"https:\/\/sklep.biomus.eu\/de\/wp-json\/wp\/v2\/product_cat?post=10457"},{"taxonomy":"product_tag","embeddable":true,"href":"https:\/\/sklep.biomus.eu\/de\/wp-json\/wp\/v2\/product_tag?post=10457"}],"curies":[{"name":"wp","href":"https:\/\/api.w.org\/{rel}","templated":true}]}}