{"id":10535,"date":"2023-12-12T15:23:26","date_gmt":"2023-12-12T14:23:26","guid":{"rendered":"https:\/\/sklep.biomus.eu\/surowce-i-odczynniki-chemiczne\/albumina-bialko-jaja-500g-2\/"},"modified":"2025-12-09T22:40:56","modified_gmt":"2025-12-09T21:40:56","slug":"albumina-bialko-jaja-500g-2","status":"publish","type":"product","link":"https:\/\/sklep.biomus.eu\/de\/surowce-i-odczynniki-chemiczne\/albumina-bialko-jaja-500g-2\/","title":{"rendered":"Albumin 500g"},"content":{"rendered":"<p>Name: BIOMUS Albumin<\/p>\n<p>Synonyme: H\u00fchnereiwei\u00dfpulver, Albumin<\/p>\n<p>Spezies: Rein<\/p>\n<p>Reinheit: Rein<\/p>\n<p>Albumin enth\u00e4lt ein vollst\u00e4ndiges Protein, das alle essentiellen Aminos\u00e4uren enth\u00e4lt. Dar\u00fcber hinaus ist es f\u00fcr seine F\u00e4higkeit bekannt, einen sehr stabilen Schaum zu bilden.<\/p>\n","protected":false},"excerpt":{"rendered":"<p>Name: BIOMUS Albumin Synonyme: H\u00fchnereiwei\u00dfpulver, Albumin Spezies: Rein Reinheit: Rein Albumin enth\u00e4lt ein vollst\u00e4ndiges Protein, das alle essentiellen Aminos\u00e4uren enth\u00e4lt. Dar\u00fcber hinaus ist es f\u00fcr seine F\u00e4higkeit bekannt, einen sehr stabilen Schaum zu bilden.<\/p>\n","protected":false},"featured_media":10532,"comment_status":"open","ping_status":"closed","template":"","meta":{"inline_featured_image":false},"product_brand":[],"product_cat":[1154],"product_tag":[],"class_list":{"0":"post-10535","1":"product","2":"type-product","3":"status-publish","4":"has-post-thumbnail","6":"product_cat-albumin","8":"first","9":"instock","10":"taxable","11":"shipping-taxable","12":"purchasable","13":"product-type-simple"},"_links":{"self":[{"href":"https:\/\/sklep.biomus.eu\/de\/wp-json\/wp\/v2\/product\/10535","targetHints":{"allow":["GET"]}}],"collection":[{"href":"https:\/\/sklep.biomus.eu\/de\/wp-json\/wp\/v2\/product"}],"about":[{"href":"https:\/\/sklep.biomus.eu\/de\/wp-json\/wp\/v2\/types\/product"}],"replies":[{"embeddable":true,"href":"https:\/\/sklep.biomus.eu\/de\/wp-json\/wp\/v2\/comments?post=10535"}],"wp:featuredmedia":[{"embeddable":true,"href":"https:\/\/sklep.biomus.eu\/de\/wp-json\/wp\/v2\/media\/10532"}],"wp:attachment":[{"href":"https:\/\/sklep.biomus.eu\/de\/wp-json\/wp\/v2\/media?parent=10535"}],"wp:term":[{"taxonomy":"product_brand","embeddable":true,"href":"https:\/\/sklep.biomus.eu\/de\/wp-json\/wp\/v2\/product_brand?post=10535"},{"taxonomy":"product_cat","embeddable":true,"href":"https:\/\/sklep.biomus.eu\/de\/wp-json\/wp\/v2\/product_cat?post=10535"},{"taxonomy":"product_tag","embeddable":true,"href":"https:\/\/sklep.biomus.eu\/de\/wp-json\/wp\/v2\/product_tag?post=10535"}],"curies":[{"name":"wp","href":"https:\/\/api.w.org\/{rel}","templated":true}]}}