{"id":10765,"date":"2023-10-03T10:28:31","date_gmt":"2023-10-03T08:28:31","guid":{"rendered":"https:\/\/sklep.biomus.eu\/surowce-i-odczynniki-chemiczne\/glinka-zielona-100g-2\/"},"modified":"2025-12-09T22:42:35","modified_gmt":"2025-12-09T21:42:35","slug":"glinka-zielona-100g-2","status":"publish","type":"product","link":"https:\/\/sklep.biomus.eu\/de\/surowce-i-odczynniki-chemiczne\/glinka-zielona-100g-2\/","title":{"rendered":"Gr\u00fcner Ton 100g"},"content":{"rendered":"<p>Nat\u00fcrlicher mineralischer Rohstoff<\/p>\n<p>Name: Gr\u00fcner Ton<\/p>\n<p>Synonyme: Montmorillonite, green clay, zelen\u00e1 hl\u00edna<\/p>\n<p>Genre: Sauber<\/p>\n<p>Form: Gr\u00fcnes Pulver<\/p>\n<p>Nr CAS: 1318-93-0<\/p>\n<p>EC: 215-288-5<\/p><\/p>\n","protected":false},"excerpt":{"rendered":"<p>Nat\u00fcrlicher mineralischer Rohstoff Name: Gr\u00fcner Ton Synonyme: Montmorillonite, green clay, zelen\u00e1 hl\u00edna Genre: Sauber Form: Gr\u00fcnes Pulver Nr CAS: 1318-93-0 EC: 215-288-5<\/p>\n","protected":false},"featured_media":16472,"comment_status":"open","ping_status":"closed","template":"","meta":{"inline_featured_image":false},"product_brand":[],"product_cat":[1301],"product_tag":[],"class_list":{"0":"post-10765","1":"product","2":"type-product","3":"status-publish","4":"has-post-thumbnail","6":"product_cat-gruner-ton","8":"first","9":"instock","10":"taxable","11":"shipping-taxable","12":"purchasable","13":"product-type-simple"},"_links":{"self":[{"href":"https:\/\/sklep.biomus.eu\/de\/wp-json\/wp\/v2\/product\/10765","targetHints":{"allow":["GET"]}}],"collection":[{"href":"https:\/\/sklep.biomus.eu\/de\/wp-json\/wp\/v2\/product"}],"about":[{"href":"https:\/\/sklep.biomus.eu\/de\/wp-json\/wp\/v2\/types\/product"}],"replies":[{"embeddable":true,"href":"https:\/\/sklep.biomus.eu\/de\/wp-json\/wp\/v2\/comments?post=10765"}],"wp:featuredmedia":[{"embeddable":true,"href":"https:\/\/sklep.biomus.eu\/de\/wp-json\/wp\/v2\/media\/16472"}],"wp:attachment":[{"href":"https:\/\/sklep.biomus.eu\/de\/wp-json\/wp\/v2\/media?parent=10765"}],"wp:term":[{"taxonomy":"product_brand","embeddable":true,"href":"https:\/\/sklep.biomus.eu\/de\/wp-json\/wp\/v2\/product_brand?post=10765"},{"taxonomy":"product_cat","embeddable":true,"href":"https:\/\/sklep.biomus.eu\/de\/wp-json\/wp\/v2\/product_cat?post=10765"},{"taxonomy":"product_tag","embeddable":true,"href":"https:\/\/sklep.biomus.eu\/de\/wp-json\/wp\/v2\/product_tag?post=10765"}],"curies":[{"name":"wp","href":"https:\/\/api.w.org\/{rel}","templated":true}]}}