{"id":10885,"date":"2023-05-29T14:53:00","date_gmt":"2023-05-29T12:53:00","guid":{"rendered":"https:\/\/sklep.biomus.eu\/surowce-i-odczynniki-chemiczne\/olejek-limetkowy-100ml-2\/"},"modified":"2025-12-09T22:43:23","modified_gmt":"2025-12-09T21:43:23","slug":"olejek-limetkowy-100ml-2","status":"publish","type":"product","link":"https:\/\/sklep.biomus.eu\/de\/surowce-i-odczynniki-chemiczne\/olejek-limetkowy-100ml-2\/","title":{"rendered":"Limetten\u00f6l 100ml"},"content":{"rendered":"<p>Synonym: \u00e4therisches Kiefern\u00f6l, \u00c4therisches Kiefern\u00f6l, Kiefern\u00f6l (Pinus sylvestris)<\/p>\n<p>Geruch: charakteristisch<\/p>\n<p>Reinheit: 100 % \u00e4therisches \u00d6l (100 % nat\u00fcrlich und rein)<\/p>\n<p>Chemische Formel: nicht anwendbar<\/p>\n<p>CAS-Nr.: 8008-26-2<\/p>\n<p>EC-Nr.:\u00a0616-919-0<\/p>\n","protected":false},"excerpt":{"rendered":"<p>Synonym: \u00e4therisches Kiefern\u00f6l, \u00c4therisches Kiefern\u00f6l, Kiefern\u00f6l (Pinus sylvestris) Geruch: charakteristisch Reinheit: 100 % \u00e4therisches \u00d6l (100 % nat\u00fcrlich und rein) Chemische Formel: nicht anwendbar CAS-Nr.: 8008-26-2 EC-Nr.:\u00a0616-919-0<\/p>\n","protected":false},"featured_media":10880,"comment_status":"open","ping_status":"closed","template":"","meta":{"inline_featured_image":false},"product_brand":[],"product_cat":[1224],"product_tag":[],"class_list":{"0":"post-10885","1":"product","2":"type-product","3":"status-publish","4":"has-post-thumbnail","6":"product_cat-limettenol","8":"first","9":"instock","10":"taxable","11":"shipping-taxable","12":"purchasable","13":"product-type-simple"},"_links":{"self":[{"href":"https:\/\/sklep.biomus.eu\/de\/wp-json\/wp\/v2\/product\/10885","targetHints":{"allow":["GET"]}}],"collection":[{"href":"https:\/\/sklep.biomus.eu\/de\/wp-json\/wp\/v2\/product"}],"about":[{"href":"https:\/\/sklep.biomus.eu\/de\/wp-json\/wp\/v2\/types\/product"}],"replies":[{"embeddable":true,"href":"https:\/\/sklep.biomus.eu\/de\/wp-json\/wp\/v2\/comments?post=10885"}],"wp:featuredmedia":[{"embeddable":true,"href":"https:\/\/sklep.biomus.eu\/de\/wp-json\/wp\/v2\/media\/10880"}],"wp:attachment":[{"href":"https:\/\/sklep.biomus.eu\/de\/wp-json\/wp\/v2\/media?parent=10885"}],"wp:term":[{"taxonomy":"product_brand","embeddable":true,"href":"https:\/\/sklep.biomus.eu\/de\/wp-json\/wp\/v2\/product_brand?post=10885"},{"taxonomy":"product_cat","embeddable":true,"href":"https:\/\/sklep.biomus.eu\/de\/wp-json\/wp\/v2\/product_cat?post=10885"},{"taxonomy":"product_tag","embeddable":true,"href":"https:\/\/sklep.biomus.eu\/de\/wp-json\/wp\/v2\/product_tag?post=10885"}],"curies":[{"name":"wp","href":"https:\/\/api.w.org\/{rel}","templated":true}]}}