{"id":10994,"date":"2023-04-12T10:28:10","date_gmt":"2023-04-12T08:28:10","guid":{"rendered":"https:\/\/sklep.biomus.eu\/surowce-i-odczynniki-chemiczne\/zestaw-do-polerowania-szyb-xl-2\/"},"modified":"2025-12-09T22:44:42","modified_gmt":"2025-12-09T21:44:42","slug":"zestaw-do-polerowania-szyb-xl-2","status":"publish","type":"product","link":"https:\/\/sklep.biomus.eu\/de\/surowce-i-odczynniki-chemiczne\/zestaw-do-polerowania-szyb-xl-2\/","title":{"rendered":"XL Windschutzscheiben-Polierset"},"content":{"rendered":"<p>Das Polierset enth\u00e4lt alles, was zum professionellen Polieren von Glasoberfl\u00e4chen ben\u00f6tigt wird.<\/p>\n<p>Satz enth\u00e4lt:<\/p>\n<p>&#8211; Ceroxid CeO2 (Cerdioxid) 100g<\/p>\n<p>&#8211; Polierscheibe 75mm\/10mm<\/p>\n<p>&#8211; M14\/8mm-Adapter<\/p>\n<p>&#8211; Schraubverschluss mit Skala<\/p>\n<p>&#8211; Mikrofaser 300&#215;300 mm<\/p>\n<p>&#8211; Nitrilhandschuhe (Paar)<\/p>\n<p>&#8211; Benutzerhandbuch<\/p>\n","protected":false},"excerpt":{"rendered":"<p>Das Polierset enth\u00e4lt alles, was zum professionellen Polieren von Glasoberfl\u00e4chen ben\u00f6tigt wird. Satz enth\u00e4lt: &#8211; Ceroxid CeO2 (Cerdioxid) 100g &#8211; Polierscheibe 75mm\/10mm &#8211; M14\/8mm-Adapter &#8211; Schraubverschluss mit Skala &#8211; Mikrofaser 300&#215;300 mm &#8211; Nitrilhandschuhe (Paar) &#8211; Benutzerhandbuch<\/p>\n","protected":false},"featured_media":10986,"comment_status":"open","ping_status":"closed","template":"","meta":{"inline_featured_image":false},"product_brand":[],"product_cat":[1332],"product_tag":[],"class_list":{"0":"post-10994","1":"product","2":"type-product","3":"status-publish","4":"has-post-thumbnail","6":"product_cat-scheibenpolierset","8":"first","9":"instock","10":"taxable","11":"shipping-taxable","12":"purchasable","13":"product-type-simple"},"_links":{"self":[{"href":"https:\/\/sklep.biomus.eu\/de\/wp-json\/wp\/v2\/product\/10994","targetHints":{"allow":["GET"]}}],"collection":[{"href":"https:\/\/sklep.biomus.eu\/de\/wp-json\/wp\/v2\/product"}],"about":[{"href":"https:\/\/sklep.biomus.eu\/de\/wp-json\/wp\/v2\/types\/product"}],"replies":[{"embeddable":true,"href":"https:\/\/sklep.biomus.eu\/de\/wp-json\/wp\/v2\/comments?post=10994"}],"wp:featuredmedia":[{"embeddable":true,"href":"https:\/\/sklep.biomus.eu\/de\/wp-json\/wp\/v2\/media\/10986"}],"wp:attachment":[{"href":"https:\/\/sklep.biomus.eu\/de\/wp-json\/wp\/v2\/media?parent=10994"}],"wp:term":[{"taxonomy":"product_brand","embeddable":true,"href":"https:\/\/sklep.biomus.eu\/de\/wp-json\/wp\/v2\/product_brand?post=10994"},{"taxonomy":"product_cat","embeddable":true,"href":"https:\/\/sklep.biomus.eu\/de\/wp-json\/wp\/v2\/product_cat?post=10994"},{"taxonomy":"product_tag","embeddable":true,"href":"https:\/\/sklep.biomus.eu\/de\/wp-json\/wp\/v2\/product_tag?post=10994"}],"curies":[{"name":"wp","href":"https:\/\/api.w.org\/{rel}","templated":true}]}}