{"id":11004,"date":"2023-04-06T08:41:38","date_gmt":"2023-04-06T06:41:38","guid":{"rendered":"https:\/\/sklep.biomus.eu\/surowce-i-odczynniki-chemiczne\/olejek-bergamotowy-30ml-2\/"},"modified":"2025-12-09T22:44:45","modified_gmt":"2025-12-09T21:44:45","slug":"olejek-bergamotowy-30ml-2","status":"publish","type":"product","link":"https:\/\/sklep.biomus.eu\/de\/surowce-i-odczynniki-chemiczne\/olejek-bergamotowy-30ml-2\/","title":{"rendered":"Bergamotte \u00e4therisches \u00d6l 30ml"},"content":{"rendered":"<p>Synonym: Bergamotte \u00e4therisches \u00d6l, Bergamotte\u00f6l, Oleum bergamottae, Oleum bergamiae<\/p>\n<p>Geruch: charakteristisch<\/p>\n<p>Reinheit: 100 % \u00e4therisches \u00d6l (100 % nat\u00fcrlich und rein)<\/p>\n<p>Chemische Formel: nicht anwendbar<\/p>\n<p>CAS-Nr.: 8007-75-8<\/p>\n<p>EC-Nr.: 289-904-6<\/p>\n","protected":false},"excerpt":{"rendered":"<p>Synonym: Bergamotte \u00e4therisches \u00d6l, Bergamotte\u00f6l, Oleum bergamottae, Oleum bergamiae Geruch: charakteristisch Reinheit: 100 % \u00e4therisches \u00d6l (100 % nat\u00fcrlich und rein) Chemische Formel: nicht anwendbar CAS-Nr.: 8007-75-8 EC-Nr.: 289-904-6<\/p>\n","protected":false},"featured_media":11000,"comment_status":"open","ping_status":"closed","template":"","meta":{"inline_featured_image":false},"product_brand":[],"product_cat":[1287],"product_tag":[],"class_list":{"0":"post-11004","1":"product","2":"type-product","3":"status-publish","4":"has-post-thumbnail","6":"product_cat-bergamotte-atherisches-ol","8":"first","9":"instock","10":"taxable","11":"shipping-taxable","12":"purchasable","13":"product-type-simple"},"_links":{"self":[{"href":"https:\/\/sklep.biomus.eu\/de\/wp-json\/wp\/v2\/product\/11004","targetHints":{"allow":["GET"]}}],"collection":[{"href":"https:\/\/sklep.biomus.eu\/de\/wp-json\/wp\/v2\/product"}],"about":[{"href":"https:\/\/sklep.biomus.eu\/de\/wp-json\/wp\/v2\/types\/product"}],"replies":[{"embeddable":true,"href":"https:\/\/sklep.biomus.eu\/de\/wp-json\/wp\/v2\/comments?post=11004"}],"wp:featuredmedia":[{"embeddable":true,"href":"https:\/\/sklep.biomus.eu\/de\/wp-json\/wp\/v2\/media\/11000"}],"wp:attachment":[{"href":"https:\/\/sklep.biomus.eu\/de\/wp-json\/wp\/v2\/media?parent=11004"}],"wp:term":[{"taxonomy":"product_brand","embeddable":true,"href":"https:\/\/sklep.biomus.eu\/de\/wp-json\/wp\/v2\/product_brand?post=11004"},{"taxonomy":"product_cat","embeddable":true,"href":"https:\/\/sklep.biomus.eu\/de\/wp-json\/wp\/v2\/product_cat?post=11004"},{"taxonomy":"product_tag","embeddable":true,"href":"https:\/\/sklep.biomus.eu\/de\/wp-json\/wp\/v2\/product_tag?post=11004"}],"curies":[{"name":"wp","href":"https:\/\/api.w.org\/{rel}","templated":true}]}}