{"id":11029,"date":"2023-03-24T14:46:51","date_gmt":"2023-03-24T13:46:51","guid":{"rendered":"https:\/\/sklep.biomus.eu\/surowce-i-odczynniki-chemiczne\/olejek-grejpfrutowy-100ml-2\/"},"modified":"2026-04-15T10:57:28","modified_gmt":"2026-04-15T08:57:28","slug":"olejek-grejpfrutowy-100ml-2","status":"publish","type":"product","link":"https:\/\/sklep.biomus.eu\/de\/surowce-i-odczynniki-chemiczne\/olejek-grejpfrutowy-100ml-2\/","title":{"rendered":"Grapefriut\u00f6l 100ml"},"content":{"rendered":"<p>Synonym: Grapefruit \u00e4therisches \u00d6l, Grapefriut\u00f6l\u00a0100ml<\/p>\n<p>Geruch: charakteristisch<\/p>\n<p>Reinheit: 100 % \u00e4therisches \u00d6l (100 % nat\u00fcrlich und rein)<\/p>\n<p>Chemische Formel: nicht anwendbar<\/p>\n<p>CAS-Nr.: 90045-43-5<\/p>\n<p>EC-Nr.: 289-904-6<\/p>\n<p>Ablaufdatum: 07\/2026<\/p>\n","protected":false},"excerpt":{"rendered":"<p>Synonym: Grapefruit \u00e4therisches \u00d6l, Grapefriut\u00f6l\u00a0100ml Geruch: charakteristisch Reinheit: 100 % \u00e4therisches \u00d6l (100 % nat\u00fcrlich und rein) Chemische Formel: nicht anwendbar CAS-Nr.: 90045-43-5 EC-Nr.: 289-904-6 Ablaufdatum: 07\/2026<\/p>\n","protected":false},"featured_media":17512,"comment_status":"open","ping_status":"closed","template":"","meta":{"inline_featured_image":false},"product_brand":[],"product_cat":[1272],"product_tag":[],"class_list":{"0":"post-11029","1":"product","2":"type-product","3":"status-publish","4":"has-post-thumbnail","6":"product_cat-grapefriutol","8":"first","9":"instock","10":"taxable","11":"shipping-taxable","12":"purchasable","13":"product-type-simple"},"_links":{"self":[{"href":"https:\/\/sklep.biomus.eu\/de\/wp-json\/wp\/v2\/product\/11029","targetHints":{"allow":["GET"]}}],"collection":[{"href":"https:\/\/sklep.biomus.eu\/de\/wp-json\/wp\/v2\/product"}],"about":[{"href":"https:\/\/sklep.biomus.eu\/de\/wp-json\/wp\/v2\/types\/product"}],"replies":[{"embeddable":true,"href":"https:\/\/sklep.biomus.eu\/de\/wp-json\/wp\/v2\/comments?post=11029"}],"wp:featuredmedia":[{"embeddable":true,"href":"https:\/\/sklep.biomus.eu\/de\/wp-json\/wp\/v2\/media\/17512"}],"wp:attachment":[{"href":"https:\/\/sklep.biomus.eu\/de\/wp-json\/wp\/v2\/media?parent=11029"}],"wp:term":[{"taxonomy":"product_brand","embeddable":true,"href":"https:\/\/sklep.biomus.eu\/de\/wp-json\/wp\/v2\/product_brand?post=11029"},{"taxonomy":"product_cat","embeddable":true,"href":"https:\/\/sklep.biomus.eu\/de\/wp-json\/wp\/v2\/product_cat?post=11029"},{"taxonomy":"product_tag","embeddable":true,"href":"https:\/\/sklep.biomus.eu\/de\/wp-json\/wp\/v2\/product_tag?post=11029"}],"curies":[{"name":"wp","href":"https:\/\/api.w.org\/{rel}","templated":true}]}}