{"id":11207,"date":"2022-08-02T19:57:40","date_gmt":"2022-08-02T17:57:40","guid":{"rendered":"https:\/\/sklep.biomus.eu\/surowce-i-odczynniki-chemiczne\/olejek-drzewo-herbaciane-30ml-2\/"},"modified":"2025-12-09T22:46:13","modified_gmt":"2025-12-09T21:46:13","slug":"olejek-drzewo-herbaciane-30ml-2","status":"publish","type":"product","link":"https:\/\/sklep.biomus.eu\/de\/surowce-i-odczynniki-chemiczne\/olejek-drzewo-herbaciane-30ml-2\/","title":{"rendered":"Teebaum\u00f6l 30ml"},"content":{"rendered":"<p>Synonym: Teebaum\u00f6l, Teebaum\u00f6l, Melaleuca alternifolia, \u00d6l<\/p>\n<p>Geruch: frisch, Menthol, Terpene<\/p>\n<p>Farbe: fl\u00fcssig, farblos bis hellgelb<\/p>\n<p>Chemische Formel: nicht anwendbar<\/p>\n","protected":false},"excerpt":{"rendered":"<p>Synonym: Teebaum\u00f6l, Teebaum\u00f6l, Melaleuca alternifolia, \u00d6l Geruch: frisch, Menthol, Terpene Farbe: fl\u00fcssig, farblos bis hellgelb Chemische Formel: nicht anwendbar<\/p>\n","protected":false},"featured_media":11203,"comment_status":"open","ping_status":"closed","template":"","meta":{"inline_featured_image":false},"product_brand":[],"product_cat":[1254],"product_tag":[],"class_list":{"0":"post-11207","1":"product","2":"type-product","3":"status-publish","4":"has-post-thumbnail","6":"product_cat-teebaumol","8":"first","9":"instock","10":"taxable","11":"shipping-taxable","12":"purchasable","13":"product-type-simple"},"_links":{"self":[{"href":"https:\/\/sklep.biomus.eu\/de\/wp-json\/wp\/v2\/product\/11207","targetHints":{"allow":["GET"]}}],"collection":[{"href":"https:\/\/sklep.biomus.eu\/de\/wp-json\/wp\/v2\/product"}],"about":[{"href":"https:\/\/sklep.biomus.eu\/de\/wp-json\/wp\/v2\/types\/product"}],"replies":[{"embeddable":true,"href":"https:\/\/sklep.biomus.eu\/de\/wp-json\/wp\/v2\/comments?post=11207"}],"wp:featuredmedia":[{"embeddable":true,"href":"https:\/\/sklep.biomus.eu\/de\/wp-json\/wp\/v2\/media\/11203"}],"wp:attachment":[{"href":"https:\/\/sklep.biomus.eu\/de\/wp-json\/wp\/v2\/media?parent=11207"}],"wp:term":[{"taxonomy":"product_brand","embeddable":true,"href":"https:\/\/sklep.biomus.eu\/de\/wp-json\/wp\/v2\/product_brand?post=11207"},{"taxonomy":"product_cat","embeddable":true,"href":"https:\/\/sklep.biomus.eu\/de\/wp-json\/wp\/v2\/product_cat?post=11207"},{"taxonomy":"product_tag","embeddable":true,"href":"https:\/\/sklep.biomus.eu\/de\/wp-json\/wp\/v2\/product_tag?post=11207"}],"curies":[{"name":"wp","href":"https:\/\/api.w.org\/{rel}","templated":true}]}}