{"id":11267,"date":"2022-08-02T19:15:38","date_gmt":"2022-08-02T17:15:38","guid":{"rendered":"https:\/\/sklep.biomus.eu\/surowce-i-odczynniki-chemiczne\/olejek-pomaranczowy-30ml-2\/"},"modified":"2025-12-09T22:46:45","modified_gmt":"2025-12-09T21:46:45","slug":"olejek-pomaranczowy-30ml-2","status":"publish","type":"product","link":"https:\/\/sklep.biomus.eu\/de\/surowce-i-odczynniki-chemiczne\/olejek-pomaranczowy-30ml-2\/","title":{"rendered":"Orangen\u00f6l 30ml"},"content":{"rendered":"<p>Synonyme: Zitrus sinensis-Schalen\u00f6l ausgedr\u00fcckt<\/p>\n<p>Geruch: Orangenschale<\/p>\n<p>Farbe: gelb bis dunkelorange<\/p>\n<p>Chemische Formel: nicht zutreffend<\/p>\n","protected":false},"excerpt":{"rendered":"<p>Synonyme: Zitrus sinensis-Schalen\u00f6l ausgedr\u00fcckt Geruch: Orangenschale Farbe: gelb bis dunkelorange Chemische Formel: nicht zutreffend<\/p>\n","protected":false},"featured_media":11263,"comment_status":"open","ping_status":"closed","template":"","meta":{"inline_featured_image":false},"product_brand":[],"product_cat":[1263],"product_tag":[],"class_list":{"0":"post-11267","1":"product","2":"type-product","3":"status-publish","4":"has-post-thumbnail","6":"product_cat-orangenol","8":"first","9":"instock","10":"taxable","11":"shipping-taxable","12":"purchasable","13":"product-type-simple"},"_links":{"self":[{"href":"https:\/\/sklep.biomus.eu\/de\/wp-json\/wp\/v2\/product\/11267","targetHints":{"allow":["GET"]}}],"collection":[{"href":"https:\/\/sklep.biomus.eu\/de\/wp-json\/wp\/v2\/product"}],"about":[{"href":"https:\/\/sklep.biomus.eu\/de\/wp-json\/wp\/v2\/types\/product"}],"replies":[{"embeddable":true,"href":"https:\/\/sklep.biomus.eu\/de\/wp-json\/wp\/v2\/comments?post=11267"}],"wp:featuredmedia":[{"embeddable":true,"href":"https:\/\/sklep.biomus.eu\/de\/wp-json\/wp\/v2\/media\/11263"}],"wp:attachment":[{"href":"https:\/\/sklep.biomus.eu\/de\/wp-json\/wp\/v2\/media?parent=11267"}],"wp:term":[{"taxonomy":"product_brand","embeddable":true,"href":"https:\/\/sklep.biomus.eu\/de\/wp-json\/wp\/v2\/product_brand?post=11267"},{"taxonomy":"product_cat","embeddable":true,"href":"https:\/\/sklep.biomus.eu\/de\/wp-json\/wp\/v2\/product_cat?post=11267"},{"taxonomy":"product_tag","embeddable":true,"href":"https:\/\/sklep.biomus.eu\/de\/wp-json\/wp\/v2\/product_tag?post=11267"}],"curies":[{"name":"wp","href":"https:\/\/api.w.org\/{rel}","templated":true}]}}