{"id":11445,"date":"2022-01-19T13:41:29","date_gmt":"2022-01-19T12:41:29","guid":{"rendered":"https:\/\/sklep.biomus.eu\/surowce-i-odczynniki-chemiczne\/kwas-amidosulfonowy-1kg-2\/"},"modified":"2025-12-09T22:48:16","modified_gmt":"2025-12-09T21:48:16","slug":"kwas-amidosulfonowy-1kg-2","status":"publish","type":"product","link":"https:\/\/sklep.biomus.eu\/de\/surowce-i-odczynniki-chemiczne\/kwas-amidosulfonowy-1kg-2\/","title":{"rendered":"Sulfamins\u00e4ure 1kg"},"content":{"rendered":"<p>Name: Sulfamins\u00e4ure<\/p>\n<p>Synonyme: Sulfamins\u00e4ure, Sulfamins\u00e4ure, Sulfamins\u00e4ure<\/p>\n<p>Gattung: Sauber<\/p>\n<p>Chemische Formel: H2NSO3H<\/p>\n<p>CAS-Nr.: 5329-14-6<\/p>\n<p>EG-Nr.: 226-218-8<\/p>\n","protected":false},"excerpt":{"rendered":"<p><br data-mce-bogus=\"1\"><\/p>\n","protected":false},"featured_media":17190,"comment_status":"open","ping_status":"closed","template":"","meta":{"inline_featured_image":false},"product_brand":[],"product_cat":[1251],"product_tag":[],"class_list":{"0":"post-11445","1":"product","2":"type-product","3":"status-publish","4":"has-post-thumbnail","6":"product_cat-sulfaminsaure","8":"first","9":"instock","10":"taxable","11":"shipping-taxable","12":"purchasable","13":"product-type-simple"},"_links":{"self":[{"href":"https:\/\/sklep.biomus.eu\/de\/wp-json\/wp\/v2\/product\/11445","targetHints":{"allow":["GET"]}}],"collection":[{"href":"https:\/\/sklep.biomus.eu\/de\/wp-json\/wp\/v2\/product"}],"about":[{"href":"https:\/\/sklep.biomus.eu\/de\/wp-json\/wp\/v2\/types\/product"}],"replies":[{"embeddable":true,"href":"https:\/\/sklep.biomus.eu\/de\/wp-json\/wp\/v2\/comments?post=11445"}],"wp:featuredmedia":[{"embeddable":true,"href":"https:\/\/sklep.biomus.eu\/de\/wp-json\/wp\/v2\/media\/17190"}],"wp:attachment":[{"href":"https:\/\/sklep.biomus.eu\/de\/wp-json\/wp\/v2\/media?parent=11445"}],"wp:term":[{"taxonomy":"product_brand","embeddable":true,"href":"https:\/\/sklep.biomus.eu\/de\/wp-json\/wp\/v2\/product_brand?post=11445"},{"taxonomy":"product_cat","embeddable":true,"href":"https:\/\/sklep.biomus.eu\/de\/wp-json\/wp\/v2\/product_cat?post=11445"},{"taxonomy":"product_tag","embeddable":true,"href":"https:\/\/sklep.biomus.eu\/de\/wp-json\/wp\/v2\/product_tag?post=11445"}],"curies":[{"name":"wp","href":"https:\/\/api.w.org\/{rel}","templated":true}]}}