{"id":11505,"date":"2022-01-05T11:51:55","date_gmt":"2022-01-05T10:51:55","guid":{"rendered":"https:\/\/sklep.biomus.eu\/surowce-i-odczynniki-chemiczne\/butelka-szklana-brazowa-okragla-250ml-2\/"},"modified":"2026-02-10T13:32:18","modified_gmt":"2026-02-10T12:32:18","slug":"butelka-szklana-brazowa-okragla-250ml-2","status":"publish","type":"product","link":"https:\/\/sklep.biomus.eu\/de\/surowce-i-odczynniki-chemiczne\/butelka-szklana-brazowa-okragla-250ml-2\/","title":{"rendered":"FLASCHE Glas braun rund 250ml"},"content":{"rendered":"<p>Runde Glasflasche dunkelbraun 250ml<\/p>\n<p>Flasche komplett mit Schaumkappe.<\/p>\n<p>Hochwertige Flasche, langlebig, solide, \u00e4sthetisch.<\/p>\n<p>Die Flasche im Bild ist hervorgehoben, die tats\u00e4chliche Farbe der Flasche ist dunkelbraun.<\/p>\n<p>Volumen 250ml<\/p>\n<p>Gewinde: 28mm<\/p>\n<p>Gewicht: 148g<\/p>\n<p>Ma\u00dfe:<\/p>\n<p>&#8211; Breite\u00a061,7 mm<\/p>\n<p>&#8211; H\u00f6he 142,9 mm<\/p>\n","protected":false},"excerpt":{"rendered":"<p>Runde Glasflasche dunkelbraun 250ml Flasche komplett mit Schaumkappe. Hochwertige Flasche, langlebig, solide, \u00e4sthetisch. Die Flasche im Bild ist hervorgehoben, die tats\u00e4chliche Farbe der Flasche ist dunkelbraun. Volumen 250ml Gewinde: 28mm Gewicht: 148g Ma\u00dfe: &#8211; Breite\u00a061,7 mm &#8211; H\u00f6he 142,9 mm<\/p>\n","protected":false},"featured_media":16089,"comment_status":"open","ping_status":"closed","template":"","meta":{"inline_featured_image":false},"product_brand":[],"product_cat":[1032],"product_tag":[],"class_list":{"0":"post-11505","1":"product","2":"type-product","3":"status-publish","4":"has-post-thumbnail","6":"product_cat-opakowania","8":"first","9":"instock","10":"taxable","11":"shipping-taxable","12":"purchasable","13":"product-type-simple"},"_links":{"self":[{"href":"https:\/\/sklep.biomus.eu\/de\/wp-json\/wp\/v2\/product\/11505","targetHints":{"allow":["GET"]}}],"collection":[{"href":"https:\/\/sklep.biomus.eu\/de\/wp-json\/wp\/v2\/product"}],"about":[{"href":"https:\/\/sklep.biomus.eu\/de\/wp-json\/wp\/v2\/types\/product"}],"replies":[{"embeddable":true,"href":"https:\/\/sklep.biomus.eu\/de\/wp-json\/wp\/v2\/comments?post=11505"}],"wp:featuredmedia":[{"embeddable":true,"href":"https:\/\/sklep.biomus.eu\/de\/wp-json\/wp\/v2\/media\/16089"}],"wp:attachment":[{"href":"https:\/\/sklep.biomus.eu\/de\/wp-json\/wp\/v2\/media?parent=11505"}],"wp:term":[{"taxonomy":"product_brand","embeddable":true,"href":"https:\/\/sklep.biomus.eu\/de\/wp-json\/wp\/v2\/product_brand?post=11505"},{"taxonomy":"product_cat","embeddable":true,"href":"https:\/\/sklep.biomus.eu\/de\/wp-json\/wp\/v2\/product_cat?post=11505"},{"taxonomy":"product_tag","embeddable":true,"href":"https:\/\/sklep.biomus.eu\/de\/wp-json\/wp\/v2\/product_tag?post=11505"}],"curies":[{"name":"wp","href":"https:\/\/api.w.org\/{rel}","templated":true}]}}