{"id":11510,"date":"2022-01-05T10:37:57","date_gmt":"2022-01-05T09:37:57","guid":{"rendered":"https:\/\/sklep.biomus.eu\/surowce-i-odczynniki-chemiczne\/butelka-szklana-brazowa-okragla-100ml-2\/"},"modified":"2026-02-10T13:33:16","modified_gmt":"2026-02-10T12:33:16","slug":"butelka-szklana-brazowa-okragla-100ml-2","status":"publish","type":"product","link":"https:\/\/sklep.biomus.eu\/de\/surowce-i-odczynniki-chemiczne\/butelka-szklana-brazowa-okragla-100ml-2\/","title":{"rendered":"FLASCHE Glas braun rund 100ml"},"content":{"rendered":"<p>Runde Glasflasche dunkelbraun 100ml<\/p>\n<p>Flasche komplett mit Schaumkappe.<\/p>\n<p>Hochwertige Flasche, langlebig, solide, \u00e4sthetisch.<\/p>\n<p>Die Flasche im Bild ist hervorgehoben, die tats\u00e4chliche Farbe der Flasche ist dunkelbraun.<\/p>\n<p>Volumen 100ml<\/p>\n<p>Gewinde: 28mm<\/p>\n<p>Gewicht: 72g<\/p>\n<p>Ma\u00dfe:<\/p>\n<p>&#8211; Breite 46,1 mm<\/p>\n<p>&#8211; H\u00f6he 104,8 mm<\/p>\n","protected":false},"excerpt":{"rendered":"<p>Runde Glasflasche dunkelbraun 100ml Flasche komplett mit Schaumkappe. Hochwertige Flasche, langlebig, solide, \u00e4sthetisch. Die Flasche im Bild ist hervorgehoben, die tats\u00e4chliche Farbe der Flasche ist dunkelbraun. Volumen 100ml Gewinde: 28mm Gewicht: 72g Ma\u00dfe: &#8211; Breite 46,1 mm &#8211; H\u00f6he 104,8 mm<\/p>\n","protected":false},"featured_media":16091,"comment_status":"open","ping_status":"closed","template":"","meta":{"inline_featured_image":false},"product_brand":[],"product_cat":[1032],"product_tag":[],"class_list":{"0":"post-11510","1":"product","2":"type-product","3":"status-publish","4":"has-post-thumbnail","6":"product_cat-opakowania","8":"first","9":"instock","10":"taxable","11":"shipping-taxable","12":"purchasable","13":"product-type-simple"},"_links":{"self":[{"href":"https:\/\/sklep.biomus.eu\/de\/wp-json\/wp\/v2\/product\/11510","targetHints":{"allow":["GET"]}}],"collection":[{"href":"https:\/\/sklep.biomus.eu\/de\/wp-json\/wp\/v2\/product"}],"about":[{"href":"https:\/\/sklep.biomus.eu\/de\/wp-json\/wp\/v2\/types\/product"}],"replies":[{"embeddable":true,"href":"https:\/\/sklep.biomus.eu\/de\/wp-json\/wp\/v2\/comments?post=11510"}],"wp:featuredmedia":[{"embeddable":true,"href":"https:\/\/sklep.biomus.eu\/de\/wp-json\/wp\/v2\/media\/16091"}],"wp:attachment":[{"href":"https:\/\/sklep.biomus.eu\/de\/wp-json\/wp\/v2\/media?parent=11510"}],"wp:term":[{"taxonomy":"product_brand","embeddable":true,"href":"https:\/\/sklep.biomus.eu\/de\/wp-json\/wp\/v2\/product_brand?post=11510"},{"taxonomy":"product_cat","embeddable":true,"href":"https:\/\/sklep.biomus.eu\/de\/wp-json\/wp\/v2\/product_cat?post=11510"},{"taxonomy":"product_tag","embeddable":true,"href":"https:\/\/sklep.biomus.eu\/de\/wp-json\/wp\/v2\/product_tag?post=11510"}],"curies":[{"name":"wp","href":"https:\/\/api.w.org\/{rel}","templated":true}]}}