{"id":11515,"date":"2022-01-05T09:32:18","date_gmt":"2022-01-05T08:32:18","guid":{"rendered":"https:\/\/sklep.biomus.eu\/surowce-i-odczynniki-chemiczne\/butelka-szklana-z-kroplomierzem-100ml-2\/"},"modified":"2026-02-10T13:35:55","modified_gmt":"2026-02-10T12:35:55","slug":"butelka-szklana-z-kroplomierzem-100ml-2","status":"publish","type":"product","link":"https:\/\/sklep.biomus.eu\/de\/surowce-i-odczynniki-chemiczne\/butelka-szklana-z-kroplomierzem-100ml-2\/","title":{"rendered":"Glasflasche mit Tropfer BUTELKA szklana z kroplomierzem 100ml"},"content":{"rendered":"<p>Runde Glasflasche dunkelbraun<\/p>\n<p>mit Tropfer und 100ml Garantiering<\/p>\n<p>Hochwertige Flasche, langlebig, solide, \u00e4sthetisch.<\/p>\n<p>Volumen: 100ml<\/p>\n<p>Gewindegr\u00f6\u00dfe: 18mm<\/p>\n<p>H\u00f6he: 110,7 mm<\/p>\n<p>Breite:\u00a047 mm<\/p>\n<p>Kapazit\u00e4t: 100 ml<\/p>\n<p>Gewicht:\u00a0108 g<\/p>\n","protected":false},"excerpt":{"rendered":"<p>Runde Glasflasche dunkelbraun mit Tropfer und 100ml Garantiering Hochwertige Flasche, langlebig, solide, \u00e4sthetisch. Volumen: 100ml Gewindegr\u00f6\u00dfe: 18mm H\u00f6he: 110,7 mm Breite:\u00a047 mm Kapazit\u00e4t: 100 ml Gewicht:\u00a0108 g<\/p>\n","protected":false},"featured_media":16106,"comment_status":"open","ping_status":"closed","template":"","meta":{"inline_featured_image":false},"product_brand":[],"product_cat":[1032],"product_tag":[],"class_list":{"0":"post-11515","1":"product","2":"type-product","3":"status-publish","4":"has-post-thumbnail","6":"product_cat-opakowania","8":"first","9":"instock","10":"taxable","11":"shipping-taxable","12":"purchasable","13":"product-type-simple"},"_links":{"self":[{"href":"https:\/\/sklep.biomus.eu\/de\/wp-json\/wp\/v2\/product\/11515","targetHints":{"allow":["GET"]}}],"collection":[{"href":"https:\/\/sklep.biomus.eu\/de\/wp-json\/wp\/v2\/product"}],"about":[{"href":"https:\/\/sklep.biomus.eu\/de\/wp-json\/wp\/v2\/types\/product"}],"replies":[{"embeddable":true,"href":"https:\/\/sklep.biomus.eu\/de\/wp-json\/wp\/v2\/comments?post=11515"}],"wp:featuredmedia":[{"embeddable":true,"href":"https:\/\/sklep.biomus.eu\/de\/wp-json\/wp\/v2\/media\/16106"}],"wp:attachment":[{"href":"https:\/\/sklep.biomus.eu\/de\/wp-json\/wp\/v2\/media?parent=11515"}],"wp:term":[{"taxonomy":"product_brand","embeddable":true,"href":"https:\/\/sklep.biomus.eu\/de\/wp-json\/wp\/v2\/product_brand?post=11515"},{"taxonomy":"product_cat","embeddable":true,"href":"https:\/\/sklep.biomus.eu\/de\/wp-json\/wp\/v2\/product_cat?post=11515"},{"taxonomy":"product_tag","embeddable":true,"href":"https:\/\/sklep.biomus.eu\/de\/wp-json\/wp\/v2\/product_tag?post=11515"}],"curies":[{"name":"wp","href":"https:\/\/api.w.org\/{rel}","templated":true}]}}