{"id":11520,"date":"2022-01-05T09:27:06","date_gmt":"2022-01-05T08:27:06","guid":{"rendered":"https:\/\/sklep.biomus.eu\/surowce-i-odczynniki-chemiczne\/butelka-szklana-z-kroplomierzem-30ml-2\/"},"modified":"2026-02-10T13:35:55","modified_gmt":"2026-02-10T12:35:55","slug":"butelka-szklana-z-kroplomierzem-30ml-2","status":"publish","type":"product","link":"https:\/\/sklep.biomus.eu\/de\/surowce-i-odczynniki-chemiczne\/butelka-szklana-z-kroplomierzem-30ml-2\/","title":{"rendered":"Glasflasche mit Tropfer BUTELKA szklana z kroplomierzem 30ml"},"content":{"rendered":"<p>Runde Glasflasche dunkelbraun 30ml<\/p>\n<p>mit Tropfer und Garantiering<\/p>\n<p>Hochwertige Flasche, langlebig, solide, \u00e4sthetisch.<\/p>\n<p>Volumen: 30ml<\/p>\n<p>Gewindegr\u00f6\u00dfe: fi18mm<\/p>\n<p>H\u00f6he: 79 mm<\/p>\n<p>Breite: 32,6 mm<\/p>\n<p>Kapazit\u00e4t: 30 ml<\/p>\n<p>Gewicht: 42 g<\/p>\n","protected":false},"excerpt":{"rendered":"<p>Runde Glasflasche dunkelbraun 30ml mit Tropfer und Garantiering Hochwertige Flasche, langlebig, solide, \u00e4sthetisch. Volumen: 30ml Gewindegr\u00f6\u00dfe: fi18mm H\u00f6he: 79 mm Breite: 32,6 mm Kapazit\u00e4t: 30 ml Gewicht: 42 g<\/p>\n","protected":false},"featured_media":16105,"comment_status":"open","ping_status":"closed","template":"","meta":{"inline_featured_image":false},"product_brand":[],"product_cat":[1032],"product_tag":[],"class_list":{"0":"post-11520","1":"product","2":"type-product","3":"status-publish","4":"has-post-thumbnail","6":"product_cat-opakowania","8":"first","9":"instock","10":"taxable","11":"shipping-taxable","12":"purchasable","13":"product-type-simple"},"_links":{"self":[{"href":"https:\/\/sklep.biomus.eu\/de\/wp-json\/wp\/v2\/product\/11520","targetHints":{"allow":["GET"]}}],"collection":[{"href":"https:\/\/sklep.biomus.eu\/de\/wp-json\/wp\/v2\/product"}],"about":[{"href":"https:\/\/sklep.biomus.eu\/de\/wp-json\/wp\/v2\/types\/product"}],"replies":[{"embeddable":true,"href":"https:\/\/sklep.biomus.eu\/de\/wp-json\/wp\/v2\/comments?post=11520"}],"wp:featuredmedia":[{"embeddable":true,"href":"https:\/\/sklep.biomus.eu\/de\/wp-json\/wp\/v2\/media\/16105"}],"wp:attachment":[{"href":"https:\/\/sklep.biomus.eu\/de\/wp-json\/wp\/v2\/media?parent=11520"}],"wp:term":[{"taxonomy":"product_brand","embeddable":true,"href":"https:\/\/sklep.biomus.eu\/de\/wp-json\/wp\/v2\/product_brand?post=11520"},{"taxonomy":"product_cat","embeddable":true,"href":"https:\/\/sklep.biomus.eu\/de\/wp-json\/wp\/v2\/product_cat?post=11520"},{"taxonomy":"product_tag","embeddable":true,"href":"https:\/\/sklep.biomus.eu\/de\/wp-json\/wp\/v2\/product_tag?post=11520"}],"curies":[{"name":"wp","href":"https:\/\/api.w.org\/{rel}","templated":true}]}}