{"id":11595,"date":"2021-12-23T11:23:11","date_gmt":"2021-12-23T10:23:11","guid":{"rendered":"https:\/\/sklep.biomus.eu\/surowce-i-odczynniki-chemiczne\/kwas-solny-100ml-4-2\/"},"modified":"2025-12-09T22:49:41","modified_gmt":"2025-12-09T21:49:41","slug":"kwas-solny-100ml-4-2","status":"publish","type":"product","link":"https:\/\/sklep.biomus.eu\/de\/surowce-i-odczynniki-chemiczne\/kwas-solny-100ml-4-2\/","title":{"rendered":"Salzs\u00e4ure. Kwas solny 100ml 4%"},"content":{"rendered":"<p id=\"docs-internal-guid-02aa0ec0-4418-fe56-760d-f125674c0bfb\" dir=\"ltr\">Salzs\u00e4ure 4 % rein. Salzs\u00e4ure. HCl<\/p>\n<\/p>\n<p dir=\"ltr\">Anwendung<\/p>\n<p dir=\"ltr\">Salzs\u00e4ure ist eine der wichtigsten S\u00e4uren in der Industrie (einschlie\u00dflich Textilien, Zucker, Farbstoffe, Kunststoffe, Pharma, Gerberei und Erzgewinnung). Es wird auch zur Oberfl\u00e4chenreinigung von Metallen sowie in der Geologie zur Analyse von Mineralien eingesetzt. Zusammen mit Salpeters\u00e4ure bildet es k\u00f6nigliches Wasser, das unter anderem f\u00fcr die Verdauung von Edelmetallen verwendet wird.<\/p>\n","protected":false},"excerpt":{"rendered":"<p>Salzs\u00e4ure 4 % rein. Salzs\u00e4ure. HCl Anwendung Salzs\u00e4ure ist eine der wichtigsten S\u00e4uren in der Industrie (einschlie\u00dflich Textilien, Zucker, Farbstoffe, Kunststoffe, Pharma, Gerberei und Erzgewinnung). Es wird auch zur Oberfl\u00e4chenreinigung von Metallen sowie in der Geologie zur Analyse von Mineralien eingesetzt. Zusammen mit Salpeters\u00e4ure bildet es k\u00f6nigliches Wasser, das unter anderem f\u00fcr die Verdauung von [&hellip;]<\/p>\n","protected":false},"featured_media":17540,"comment_status":"open","ping_status":"closed","template":"","meta":{"inline_featured_image":false},"product_brand":[],"product_cat":[1358],"product_tag":[],"class_list":{"0":"post-11595","1":"product","2":"type-product","3":"status-publish","4":"has-post-thumbnail","6":"product_cat-kwas-solny-4-kwas-chlorowodorowy-czysty","8":"first","9":"instock","10":"taxable","11":"shipping-taxable","12":"purchasable","13":"product-type-simple"},"_links":{"self":[{"href":"https:\/\/sklep.biomus.eu\/de\/wp-json\/wp\/v2\/product\/11595","targetHints":{"allow":["GET"]}}],"collection":[{"href":"https:\/\/sklep.biomus.eu\/de\/wp-json\/wp\/v2\/product"}],"about":[{"href":"https:\/\/sklep.biomus.eu\/de\/wp-json\/wp\/v2\/types\/product"}],"replies":[{"embeddable":true,"href":"https:\/\/sklep.biomus.eu\/de\/wp-json\/wp\/v2\/comments?post=11595"}],"wp:featuredmedia":[{"embeddable":true,"href":"https:\/\/sklep.biomus.eu\/de\/wp-json\/wp\/v2\/media\/17540"}],"wp:attachment":[{"href":"https:\/\/sklep.biomus.eu\/de\/wp-json\/wp\/v2\/media?parent=11595"}],"wp:term":[{"taxonomy":"product_brand","embeddable":true,"href":"https:\/\/sklep.biomus.eu\/de\/wp-json\/wp\/v2\/product_brand?post=11595"},{"taxonomy":"product_cat","embeddable":true,"href":"https:\/\/sklep.biomus.eu\/de\/wp-json\/wp\/v2\/product_cat?post=11595"},{"taxonomy":"product_tag","embeddable":true,"href":"https:\/\/sklep.biomus.eu\/de\/wp-json\/wp\/v2\/product_tag?post=11595"}],"curies":[{"name":"wp","href":"https:\/\/api.w.org\/{rel}","templated":true}]}}