{"id":11864,"date":"2019-01-02T00:00:00","date_gmt":"2019-01-01T23:00:00","guid":{"rendered":"https:\/\/sklep.biomus.eu\/surowce-i-odczynniki-chemiczne\/dmso-dimetylosulfotlenek-szklana-butelka-1kg-2\/"},"modified":"2026-01-21T18:08:47","modified_gmt":"2026-01-21T17:08:47","slug":"dmso-dimetylosulfotlenek-szklana-butelka-1kg-2","status":"publish","type":"product","link":"https:\/\/sklep.biomus.eu\/de\/surowce-i-odczynniki-chemiczne\/dmso-dimetylosulfotlenek-szklana-butelka-1kg-2\/","title":{"rendered":"DMSO. Dimethylsulfoxid. DMSO. Dimetylosulfotlenek 1kg"},"content":{"rendered":"<p id=\"docs-internal-guid-e8ae8d24-439a-9320-8aa5-9392ec7b53e3\" dir=\"ltr\">DMSO-Dimethylsulfoxid<\/p>\n<\/p>\n<p dir=\"ltr\">Dimethylsulfoxid (DMSO, Dimethylsulfoxid), (CH3) 2SO ist eine organische chemische Verbindung, die zur Gruppe der Sulfoxide geh\u00f6rt. Es wird als chemisches Reagenz und L\u00f6sungsmittel verwendet.<\/p>\n<\/p>\n<p dir=\"ltr\">DMSO wird am h\u00e4ufigsten in Form einer fl\u00fcssigen w\u00e4ssrigen L\u00f6sung mit einer Konzentration von 70-90% &#8211; meist \u00e4u\u00dferlich, oder in Gelen verschiedener Konzentration &#8211; eingesetzt.<\/p>\n<\/p>\n<p dir=\"ltr\">Art: sauber<\/p>\n<\/p>\n<p dir=\"ltr\">Spezifikation<\/p>\n<p dir=\"ltr\">Name: Dimethylsulfoxid<\/p>\n<p dir=\"ltr\">Synonyme: DMSO, Dimethylsulfoxid, Dimethylsulfoxid, Methylsulfoxid, Methylsulfinylmethan,<\/p>\n<p dir=\"ltr\">Genre: Sauber<\/p>\n<p dir=\"ltr\">Sauberkeit: sauber min. 99,9%<\/p>\n<p dir=\"ltr\">Chemische Formel: (CH 3) 2 SO<\/p>\n","protected":false},"excerpt":{"rendered":"<p>DMSO-Dimethylsulfoxid Dimethylsulfoxid (DMSO, Dimethylsulfoxid), (CH3) 2SO ist eine organische chemische Verbindung, die zur Gruppe der Sulfoxide geh\u00f6rt. Es wird als chemisches Reagenz und L\u00f6sungsmittel verwendet. DMSO wird am h\u00e4ufigsten in Form einer fl\u00fcssigen w\u00e4ssrigen L\u00f6sung mit einer Konzentration von 70-90% &#8211; meist \u00e4u\u00dferlich, oder in Gelen verschiedener Konzentration &#8211; eingesetzt. Art: sauber Spezifikation Name: Dimethylsulfoxid [&hellip;]<\/p>\n","protected":false},"featured_media":15197,"comment_status":"open","ping_status":"closed","template":"","meta":{"inline_featured_image":false},"product_brand":[],"product_cat":[1165],"product_tag":[],"class_list":{"0":"post-11864","1":"product","2":"type-product","3":"status-publish","4":"has-post-thumbnail","6":"product_cat-dmso-dimetylosulfotlenek-czysty-szklo","8":"first","9":"instock","10":"taxable","11":"shipping-taxable","12":"purchasable","13":"product-type-simple"},"_links":{"self":[{"href":"https:\/\/sklep.biomus.eu\/de\/wp-json\/wp\/v2\/product\/11864","targetHints":{"allow":["GET"]}}],"collection":[{"href":"https:\/\/sklep.biomus.eu\/de\/wp-json\/wp\/v2\/product"}],"about":[{"href":"https:\/\/sklep.biomus.eu\/de\/wp-json\/wp\/v2\/types\/product"}],"replies":[{"embeddable":true,"href":"https:\/\/sklep.biomus.eu\/de\/wp-json\/wp\/v2\/comments?post=11864"}],"wp:featuredmedia":[{"embeddable":true,"href":"https:\/\/sklep.biomus.eu\/de\/wp-json\/wp\/v2\/media\/15197"}],"wp:attachment":[{"href":"https:\/\/sklep.biomus.eu\/de\/wp-json\/wp\/v2\/media?parent=11864"}],"wp:term":[{"taxonomy":"product_brand","embeddable":true,"href":"https:\/\/sklep.biomus.eu\/de\/wp-json\/wp\/v2\/product_brand?post=11864"},{"taxonomy":"product_cat","embeddable":true,"href":"https:\/\/sklep.biomus.eu\/de\/wp-json\/wp\/v2\/product_cat?post=11864"},{"taxonomy":"product_tag","embeddable":true,"href":"https:\/\/sklep.biomus.eu\/de\/wp-json\/wp\/v2\/product_tag?post=11864"}],"curies":[{"name":"wp","href":"https:\/\/api.w.org\/{rel}","templated":true}]}}