{"id":12210,"date":"2017-09-05T00:00:00","date_gmt":"2017-09-04T22:00:00","guid":{"rendered":"https:\/\/sklep.biomus.eu\/surowce-i-odczynniki-chemiczne\/lapex-odkamieniacz-1l-2\/"},"modified":"2026-01-21T18:08:47","modified_gmt":"2026-01-21T17:08:47","slug":"lapex-odkamieniacz-1l-2","status":"publish","type":"product","link":"https:\/\/sklep.biomus.eu\/de\/surowce-i-odczynniki-chemiczne\/lapex-odkamieniacz-1l-2\/","title":{"rendered":"Lapex Entkalkung. Lapex odkamieniacz 1L"},"content":{"rendered":"<p id=\"docs-internal-guid-c2d85341-48e1-a21e-3471-f2fa5d8b1419\" dir=\"ltr\">Lapex Entkalker<\/p>\n<\/p>\n<p dir=\"ltr\">LAPEX ist eine professionelle Zubereitung zum Entfernen von Kesselstein. In seiner Zusammensetzung enth\u00e4lt Salz und Essigs\u00e4ure. Es ist eine der am h\u00e4ufigsten verwendeten Vorbereitungen bei der Entfernung von Kesselstein von Installateuren. Lapex ist ein Produkt, das Kalkablagerungen von Metallobjekten, Glasuren und Kunststoffen effektiv entfernen kann.<\/p>\n","protected":false},"excerpt":{"rendered":"<p>Lapex Entkalker LAPEX ist eine professionelle Zubereitung zum Entfernen von Kesselstein. In seiner Zusammensetzung enth\u00e4lt Salz und Essigs\u00e4ure. Es ist eine der am h\u00e4ufigsten verwendeten Vorbereitungen bei der Entfernung von Kesselstein von Installateuren. Lapex ist ein Produkt, das Kalkablagerungen von Metallobjekten, Glasuren und Kunststoffen effektiv entfernen kann.<\/p>\n","protected":false},"featured_media":17553,"comment_status":"open","ping_status":"closed","template":"","meta":{"inline_featured_image":false},"product_brand":[],"product_cat":[1431],"product_tag":[],"class_list":{"0":"post-12210","1":"product","2":"type-product","3":"status-publish","4":"has-post-thumbnail","6":"product_cat-lapex-entkalker","8":"first","9":"instock","10":"taxable","11":"shipping-taxable","12":"purchasable","13":"product-type-simple"},"_links":{"self":[{"href":"https:\/\/sklep.biomus.eu\/de\/wp-json\/wp\/v2\/product\/12210","targetHints":{"allow":["GET"]}}],"collection":[{"href":"https:\/\/sklep.biomus.eu\/de\/wp-json\/wp\/v2\/product"}],"about":[{"href":"https:\/\/sklep.biomus.eu\/de\/wp-json\/wp\/v2\/types\/product"}],"replies":[{"embeddable":true,"href":"https:\/\/sklep.biomus.eu\/de\/wp-json\/wp\/v2\/comments?post=12210"}],"wp:featuredmedia":[{"embeddable":true,"href":"https:\/\/sklep.biomus.eu\/de\/wp-json\/wp\/v2\/media\/17553"}],"wp:attachment":[{"href":"https:\/\/sklep.biomus.eu\/de\/wp-json\/wp\/v2\/media?parent=12210"}],"wp:term":[{"taxonomy":"product_brand","embeddable":true,"href":"https:\/\/sklep.biomus.eu\/de\/wp-json\/wp\/v2\/product_brand?post=12210"},{"taxonomy":"product_cat","embeddable":true,"href":"https:\/\/sklep.biomus.eu\/de\/wp-json\/wp\/v2\/product_cat?post=12210"},{"taxonomy":"product_tag","embeddable":true,"href":"https:\/\/sklep.biomus.eu\/de\/wp-json\/wp\/v2\/product_tag?post=12210"}],"curies":[{"name":"wp","href":"https:\/\/api.w.org\/{rel}","templated":true}]}}