{"id":12268,"date":"2017-09-01T00:00:00","date_gmt":"2017-08-31T22:00:00","guid":{"rendered":"https:\/\/sklep.biomus.eu\/surowce-i-odczynniki-chemiczne\/fosforan-trisodu-1kg-2\/"},"modified":"2025-12-09T22:58:04","modified_gmt":"2025-12-09T21:58:04","slug":"fosforan-trisodu-1kg-2","status":"publish","type":"product","link":"https:\/\/sklep.biomus.eu\/de\/surowce-i-odczynniki-chemiczne\/fosforan-trisodu-1kg-2\/","title":{"rendered":"Trinatriumphosphat. Fosforan trisodu 1kg"},"content":{"rendered":"<p id=\"docs-internal-guid-3ed2f7ab-4352-2c8e-b406-8831dc0fba3c\" dir=\"ltr\">Trinatriumphosphat. Natriumphosphat<\/p>\n<\/p>\n<p dir=\"ltr\">Natriumphosphat, Na3PO4 ist eine anorganische chemische Verbindung. Es ist ein Phosphors\u00e4ure-Natriumsalz. Diese Substanz hat die Form von wei\u00dfen Kristallen, die in Wasser gut l\u00f6slich sind. Die w\u00e4ssrige L\u00f6sung zeichnet sich durch eine stark alkalische Reaktion aus &#8211; der pH-Wert der 1% igen L\u00f6sung betr\u00e4gt 11,9. Natriumphosphat tritt in Form von Hydrat auf (am h\u00e4ufigsten als Zw\u00f6lfhydrat, selten als Zehnhydrat).<\/p>\n<\/p>\n<p dir=\"ltr\">Natriumphosphat wird verwendet, um andere Metallphosphate auszuf\u00e4llen, um Chemikalien zur Enth\u00e4rtung von Wasser, als Regulator des S\u00e4uregehalts und als Substanz, die Produkte in Phosphor anreichert, herzustellen. Es ist ein Bestandteil von Phosphatd\u00fcngern und kann auch zur Eutrophierung von Gew\u00e4ssern beitragen.<\/p>\n<\/p>\n<p dir=\"ltr\">Funktionen: Regulierung der S\u00e4ure, Emulgierung, Chelatbildung, antioxidative Unterst\u00fctzung.<\/p>\n<p dir=\"ltr\">Landwirtschaft: D\u00fcngemittel.<\/p>\n<p dir=\"ltr\">Branche: Chemikalien zur Enth\u00e4rtung von Wasser, Tropfen, Gelen.<\/p>\n","protected":false},"excerpt":{"rendered":"<p>Name: Natriumphosphat<br \/>Synonyme: Trinatriumphosphat, Trinatriumphosphat<br \/>Art: sauber<br \/>Chemische Formel: Na3PO4 \u00b7 12H2O<br \/>CAS Nummer: 10101-89-0<br \/>EG \/ EG-Nr .: 231-509-8<br \/>Indexnummer: nicht anwendbar<\/p>\n","protected":false},"featured_media":12265,"comment_status":"open","ping_status":"closed","template":"","meta":{"inline_featured_image":false},"product_brand":[],"product_cat":[1323],"product_tag":[],"class_list":{"0":"post-12268","1":"product","2":"type-product","3":"status-publish","4":"has-post-thumbnail","6":"product_cat-trinatriumphosphat-natriumphosphat","8":"first","9":"instock","10":"taxable","11":"shipping-taxable","12":"purchasable","13":"product-type-simple"},"_links":{"self":[{"href":"https:\/\/sklep.biomus.eu\/de\/wp-json\/wp\/v2\/product\/12268","targetHints":{"allow":["GET"]}}],"collection":[{"href":"https:\/\/sklep.biomus.eu\/de\/wp-json\/wp\/v2\/product"}],"about":[{"href":"https:\/\/sklep.biomus.eu\/de\/wp-json\/wp\/v2\/types\/product"}],"replies":[{"embeddable":true,"href":"https:\/\/sklep.biomus.eu\/de\/wp-json\/wp\/v2\/comments?post=12268"}],"wp:featuredmedia":[{"embeddable":true,"href":"https:\/\/sklep.biomus.eu\/de\/wp-json\/wp\/v2\/media\/12265"}],"wp:attachment":[{"href":"https:\/\/sklep.biomus.eu\/de\/wp-json\/wp\/v2\/media?parent=12268"}],"wp:term":[{"taxonomy":"product_brand","embeddable":true,"href":"https:\/\/sklep.biomus.eu\/de\/wp-json\/wp\/v2\/product_brand?post=12268"},{"taxonomy":"product_cat","embeddable":true,"href":"https:\/\/sklep.biomus.eu\/de\/wp-json\/wp\/v2\/product_cat?post=12268"},{"taxonomy":"product_tag","embeddable":true,"href":"https:\/\/sklep.biomus.eu\/de\/wp-json\/wp\/v2\/product_tag?post=12268"}],"curies":[{"name":"wp","href":"https:\/\/api.w.org\/{rel}","templated":true}]}}