{"id":12463,"date":"2017-06-13T00:00:00","date_gmt":"2017-06-12T22:00:00","guid":{"rendered":"https:\/\/sklep.biomus.eu\/surowce-i-odczynniki-chemiczne\/terpentyna-1l-2\/"},"modified":"2025-12-09T22:59:00","modified_gmt":"2025-12-09T21:59:00","slug":"terpentyna-1l-2","status":"publish","type":"product","link":"https:\/\/sklep.biomus.eu\/de\/surowce-i-odczynniki-chemiczne\/terpentyna-1l-2\/","title":{"rendered":"Terpentin. Terpentyna 1L"},"content":{"rendered":"<p id=\"docs-internal-guid-2b517ea3-48bc-adae-6b2e-fa52ad028dc1\" dir=\"ltr\">Balsamico-Terpentin<\/p>\n<\/p>\n<p dir=\"ltr\">Name: Balsamico-Terpentin<\/p>\n<\/p>\n<p dir=\"ltr\">Anwendung<\/p>\n<p dir=\"ltr\">Balsamico-Terpentin wird als L\u00f6sungsmittel f\u00fcr Farben und Lacke verwendet, wird bei der Herstellung von Fu\u00dfbodenpasten und Schuhwerk verwendet und ist auch ein Rohstoff f\u00fcr organische Synthesen. Terpentin l\u00f6st Fette, Harze, Paraffine und andere organische Substanzen gut.<\/p>\n","protected":false},"excerpt":{"rendered":"<p>Balsamico-Terpentin Name: Balsamico-Terpentin Anwendung Balsamico-Terpentin wird als L\u00f6sungsmittel f\u00fcr Farben und Lacke verwendet, wird bei der Herstellung von Fu\u00dfbodenpasten und Schuhwerk verwendet und ist auch ein Rohstoff f\u00fcr organische Synthesen. Terpentin l\u00f6st Fette, Harze, Paraffine und andere organische Substanzen gut.<\/p>\n","protected":false},"featured_media":12459,"comment_status":"open","ping_status":"closed","template":"","meta":{"inline_featured_image":false},"product_brand":[],"product_cat":[1463],"product_tag":[],"class_list":{"0":"post-12463","1":"product","2":"type-product","3":"status-publish","4":"has-post-thumbnail","6":"product_cat-balsamico-terpentin","8":"first","9":"instock","10":"taxable","11":"shipping-taxable","12":"purchasable","13":"product-type-simple"},"_links":{"self":[{"href":"https:\/\/sklep.biomus.eu\/de\/wp-json\/wp\/v2\/product\/12463","targetHints":{"allow":["GET"]}}],"collection":[{"href":"https:\/\/sklep.biomus.eu\/de\/wp-json\/wp\/v2\/product"}],"about":[{"href":"https:\/\/sklep.biomus.eu\/de\/wp-json\/wp\/v2\/types\/product"}],"replies":[{"embeddable":true,"href":"https:\/\/sklep.biomus.eu\/de\/wp-json\/wp\/v2\/comments?post=12463"}],"wp:featuredmedia":[{"embeddable":true,"href":"https:\/\/sklep.biomus.eu\/de\/wp-json\/wp\/v2\/media\/12459"}],"wp:attachment":[{"href":"https:\/\/sklep.biomus.eu\/de\/wp-json\/wp\/v2\/media?parent=12463"}],"wp:term":[{"taxonomy":"product_brand","embeddable":true,"href":"https:\/\/sklep.biomus.eu\/de\/wp-json\/wp\/v2\/product_brand?post=12463"},{"taxonomy":"product_cat","embeddable":true,"href":"https:\/\/sklep.biomus.eu\/de\/wp-json\/wp\/v2\/product_cat?post=12463"},{"taxonomy":"product_tag","embeddable":true,"href":"https:\/\/sklep.biomus.eu\/de\/wp-json\/wp\/v2\/product_tag?post=12463"}],"curies":[{"name":"wp","href":"https:\/\/api.w.org\/{rel}","templated":true}]}}