{"id":12560,"date":"2017-06-13T00:00:00","date_gmt":"2017-06-12T22:00:00","guid":{"rendered":"https:\/\/sklep.biomus.eu\/surowce-i-odczynniki-chemiczne\/siarczan-chondroityny-1kg-2\/"},"modified":"2025-12-09T22:59:32","modified_gmt":"2025-12-09T21:59:32","slug":"siarczan-chondroityny-1kg-2","status":"publish","type":"product","link":"https:\/\/sklep.biomus.eu\/de\/surowce-i-odczynniki-chemiczne\/siarczan-chondroityny-1kg-2\/","title":{"rendered":"Chondroitinsulfat. Siarczan chondroityny 1kg"},"content":{"rendered":"<p id=\"docs-internal-guid-ff206341-42dd-90d6-8c39-f03bedecda15\" dir=\"ltr\">Chondroitinsulfat<\/p>\n<p dir=\"ltr\">Chondroitin<\/p>\n<\/p>\n<p dir=\"ltr\">Name: Chondroitinsulfat<\/p>\n<p dir=\"ltr\">Synonyme: Chondroitin<\/p>\n<p dir=\"ltr\">Genre: Sauber<\/p>\n<p dir=\"ltr\">Sauberkeit: sauber<\/p>\n<p dir=\"ltr\">Chemische Formel: nicht anwendbar<\/p>\n<\/p>\n<p dir=\"ltr\">Die folgenden Informationen beziehen sich auf die m\u00f6glichen Verwendungen und Eigenschaften des Produkts. Das Produkt, das wir anbieten, ist kein Lebensmittel oder Medizinprodukt.<\/p>\n<\/p>\n<p dir=\"ltr\">Chondroitin ist eine organisch-chemische Verbindung, die zur Gruppe der Glykosaminoglykane geh\u00f6rt. Es ist ein Mucopolysaccharid, das abwechselnd aus existierender Glucurons\u00e4ure und N-Acetylgalactosamin aufgebaut ist. Es ist einer der Hauptbestandteile des Gelenkknorpels &#8211; in Form von Sulfat spielt es eine wichtige Rolle bei der Beseitigung der Reibung zwischen dem Ber\u00fchren von Gelenkelementen des Gelenkes. Die mechanischen Eigenschaften h\u00e4ngen stark von der Salzkonzentration in der umgebenden Fl\u00fcssigkeit ab.<\/p>\n","protected":false},"excerpt":{"rendered":"<p>Chondroitinsulfat Chondroitin Name: Chondroitinsulfat Synonyme: Chondroitin Genre: Sauber Sauberkeit: sauber Chemische Formel: nicht anwendbar Die folgenden Informationen beziehen sich auf die m\u00f6glichen Verwendungen und Eigenschaften des Produkts. Das Produkt, das wir anbieten, ist kein Lebensmittel oder Medizinprodukt. Chondroitin ist eine organisch-chemische Verbindung, die zur Gruppe der Glykosaminoglykane geh\u00f6rt. Es ist ein Mucopolysaccharid, das abwechselnd aus [&hellip;]<\/p>\n","protected":false},"featured_media":15073,"comment_status":"open","ping_status":"closed","template":"","meta":{"inline_featured_image":false},"product_brand":[],"product_cat":[1475],"product_tag":[],"class_list":{"0":"post-12560","1":"product","2":"type-product","3":"status-publish","4":"has-post-thumbnail","6":"product_cat-chondroitinsulfat","8":"first","9":"instock","10":"taxable","11":"shipping-taxable","12":"purchasable","13":"product-type-simple"},"_links":{"self":[{"href":"https:\/\/sklep.biomus.eu\/de\/wp-json\/wp\/v2\/product\/12560","targetHints":{"allow":["GET"]}}],"collection":[{"href":"https:\/\/sklep.biomus.eu\/de\/wp-json\/wp\/v2\/product"}],"about":[{"href":"https:\/\/sklep.biomus.eu\/de\/wp-json\/wp\/v2\/types\/product"}],"replies":[{"embeddable":true,"href":"https:\/\/sklep.biomus.eu\/de\/wp-json\/wp\/v2\/comments?post=12560"}],"wp:featuredmedia":[{"embeddable":true,"href":"https:\/\/sklep.biomus.eu\/de\/wp-json\/wp\/v2\/media\/15073"}],"wp:attachment":[{"href":"https:\/\/sklep.biomus.eu\/de\/wp-json\/wp\/v2\/media?parent=12560"}],"wp:term":[{"taxonomy":"product_brand","embeddable":true,"href":"https:\/\/sklep.biomus.eu\/de\/wp-json\/wp\/v2\/product_brand?post=12560"},{"taxonomy":"product_cat","embeddable":true,"href":"https:\/\/sklep.biomus.eu\/de\/wp-json\/wp\/v2\/product_cat?post=12560"},{"taxonomy":"product_tag","embeddable":true,"href":"https:\/\/sklep.biomus.eu\/de\/wp-json\/wp\/v2\/product_tag?post=12560"}],"curies":[{"name":"wp","href":"https:\/\/api.w.org\/{rel}","templated":true}]}}