{"id":12833,"date":"2017-06-12T00:00:00","date_gmt":"2017-06-11T22:00:00","guid":{"rendered":"https:\/\/sklep.biomus.eu\/surowce-i-odczynniki-chemiczne\/kwas-acetylosalicylowy-1kg-2\/"},"modified":"2025-12-09T23:01:09","modified_gmt":"2025-12-09T22:01:09","slug":"kwas-acetylosalicylowy-1kg-2","status":"publish","type":"product","link":"https:\/\/sklep.biomus.eu\/de\/surowce-i-odczynniki-chemiczne\/kwas-acetylosalicylowy-1kg-2\/","title":{"rendered":"Acetylsalicyls\u00e4ure. Kwas acetylosalicylowy 1kg"},"content":{"rendered":"<p id=\"docs-internal-guid-c0eafb10-3efb-ed34-8d8d-0217647233e6\" dir=\"ltr\">Acetylsalicyls\u00e4ure<\/p>\n<\/p>\n<p dir=\"ltr\">Name: Acetylsalicyls\u00e4ure<\/p>\n<p dir=\"ltr\">Synonyme: 2-Acetoxybenzoes\u00e4ure, Acetum-Acetylsalicyls\u00e4ure, Aspirin<\/p>\n<p dir=\"ltr\">Genre: Sauber<\/p>\n<p dir=\"ltr\">Sauberkeit: sauber min. 99,5%<\/p>\n<p dir=\"ltr\">Chemische Formel: C9H8O4<\/p>\n","protected":false},"excerpt":{"rendered":"<p>Acetylsalicyls\u00e4ure Name: Acetylsalicyls\u00e4ure Synonyme: 2-Acetoxybenzoes\u00e4ure, Acetum-Acetylsalicyls\u00e4ure, Aspirin Genre: Sauber Sauberkeit: sauber min. 99,5% Chemische Formel: C9H8O4<\/p>\n","protected":false},"featured_media":17436,"comment_status":"open","ping_status":"closed","template":"","meta":{"inline_featured_image":false},"product_brand":[],"product_cat":[1195],"product_tag":[],"class_list":{"0":"post-12833","1":"product","2":"type-product","3":"status-publish","4":"has-post-thumbnail","6":"product_cat-acetylsalicylsaure","8":"first","9":"instock","10":"taxable","11":"shipping-taxable","12":"purchasable","13":"product-type-simple"},"_links":{"self":[{"href":"https:\/\/sklep.biomus.eu\/de\/wp-json\/wp\/v2\/product\/12833","targetHints":{"allow":["GET"]}}],"collection":[{"href":"https:\/\/sklep.biomus.eu\/de\/wp-json\/wp\/v2\/product"}],"about":[{"href":"https:\/\/sklep.biomus.eu\/de\/wp-json\/wp\/v2\/types\/product"}],"replies":[{"embeddable":true,"href":"https:\/\/sklep.biomus.eu\/de\/wp-json\/wp\/v2\/comments?post=12833"}],"wp:featuredmedia":[{"embeddable":true,"href":"https:\/\/sklep.biomus.eu\/de\/wp-json\/wp\/v2\/media\/17436"}],"wp:attachment":[{"href":"https:\/\/sklep.biomus.eu\/de\/wp-json\/wp\/v2\/media?parent=12833"}],"wp:term":[{"taxonomy":"product_brand","embeddable":true,"href":"https:\/\/sklep.biomus.eu\/de\/wp-json\/wp\/v2\/product_brand?post=12833"},{"taxonomy":"product_cat","embeddable":true,"href":"https:\/\/sklep.biomus.eu\/de\/wp-json\/wp\/v2\/product_cat?post=12833"},{"taxonomy":"product_tag","embeddable":true,"href":"https:\/\/sklep.biomus.eu\/de\/wp-json\/wp\/v2\/product_tag?post=12833"}],"curies":[{"name":"wp","href":"https:\/\/api.w.org\/{rel}","templated":true}]}}