{"id":12889,"date":"2017-06-12T00:00:00","date_gmt":"2017-06-11T22:00:00","guid":{"rendered":"https:\/\/sklep.biomus.eu\/surowce-i-odczynniki-chemiczne\/jod-krystaliczny-1kg-2\/"},"modified":"2025-12-09T23:01:32","modified_gmt":"2025-12-09T22:01:32","slug":"jod-krystaliczny-1kg-2","status":"publish","type":"product","link":"https:\/\/sklep.biomus.eu\/de\/surowce-i-odczynniki-chemiczne\/jod-krystaliczny-1kg-2\/","title":{"rendered":"Jod kristallin. Jod krystaliczny 1kg"},"content":{"rendered":"<p id=\"docs-internal-guid-dad7bff8-3eda-34ca-07d2-01c65138ace9\" dir=\"ltr\">Jod kristallin<\/p>\n<\/p>\n<p dir=\"ltr\">Name: Jod kristallin<\/p>\n<p dir=\"ltr\">Synonyme: Iod, Jod<\/p>\n<p dir=\"ltr\">Genre: Sauber<\/p>\n<p dir=\"ltr\">Sauberkeit: czda<\/p>\n<p dir=\"ltr\">Chemische Formel: I<\/p>\n<\/p>\n<p dir=\"ltr\">Anwendung von Jod:<\/p>\n<p dir=\"ltr\">&#8211; Herstellung von Farbstoffen,<\/p>\n<p dir=\"ltr\">&#8211; in der Fotografie,<\/p>\n<p dir=\"ltr\">&#8211; Lugol Fluidkomponente,<\/p>\n<p dir=\"ltr\">&#8211; St\u00e4rkeerkennung in der chemischen Analyse (Jodtest),<\/p>\n<p dir=\"ltr\">&#8211; Jodd\u00e4mpfe werden zur Induktion von D\u00fcnnschichtchromatographieplatten verwendet.<\/p>\n<p dir=\"ltr\">&#8211; in effektiven chemischen Experimenten.<\/p>\n<\/p>\n<p dir=\"ltr\">Jod ist in Wasser schlecht l\u00f6slich, und viel besser in w\u00e4ssrigem Kaliumiodid (Lugols Fl\u00fcssigkeit), Alkoholen, Chloroform und anderen organischen L\u00f6sungsmitteln.<\/p>\n<\/p>\n<p dir=\"ltr\">Wie wird Lugol fl\u00fcssig mit einer Konzentration von ca. 5% hergestellt?<\/p>\n<\/p>\n<p dir=\"ltr\">Ben\u00f6tigte Substanzen (pro 100 ml Fl\u00fcssigkeit):<\/p>\n<p dir=\"ltr\">&#8211; Kaliumjodid &#8211; 10 g (wei\u00df),<\/p>\n<p dir=\"ltr\">&#8211; kristallines Jod &#8211; 5 g (schwarz &#8211; f\u00e4rbt Wasser in einer dunklen Farbe und verleiht ihm einen charakteristischen Geschmack)<\/p>\n<p dir=\"ltr\">&#8211; destilliertes Wasser (oder demineralisiert) &#8211; erh\u00e4ltlich in Verbraucherm\u00e4rkten und Tankstellen &#8211; 100ml \/ g<\/p>\n<\/p>\n<p dir=\"ltr\">Zubereitung:<\/p>\n<p dir=\"ltr\">gie\u00dfen Sie 100 ml destilliertes Wasser in einen Beh\u00e4lter mit Deckel, f\u00fcgen Sie 10 g Kaliumiodid (wei\u00df) hinzu, mischen Sie bis zur vollst\u00e4ndigen Aufl\u00f6sung. Dann lassen Sie es f\u00fcr 60 Minuten. Nach dieser Zeit 5 g kristallines Jod (schwarz) zugeben, intensiv mischen und ca. 12 Stunden stehen lassen.<\/p>\n","protected":false},"excerpt":{"rendered":"<p>Jod kristallin Name: Jod kristallin Synonyme: Iod, Jod Genre: Sauber Sauberkeit: czda Chemische Formel: I Anwendung von Jod: &#8211; Herstellung von Farbstoffen, &#8211; in der Fotografie, &#8211; Lugol Fluidkomponente, &#8211; St\u00e4rkeerkennung in der chemischen Analyse (Jodtest), &#8211; Jodd\u00e4mpfe werden zur Induktion von D\u00fcnnschichtchromatographieplatten verwendet. &#8211; in effektiven chemischen Experimenten. Jod ist in Wasser schlecht l\u00f6slich, [&hellip;]<\/p>\n","protected":false},"featured_media":12885,"comment_status":"open","ping_status":"closed","template":"","meta":{"inline_featured_image":false},"product_brand":[],"product_cat":[1490],"product_tag":[],"class_list":{"0":"post-12889","1":"product","2":"type-product","3":"status-publish","4":"has-post-thumbnail","6":"product_cat-jod-kristallin","8":"first","9":"instock","10":"taxable","11":"shipping-taxable","12":"purchasable","13":"product-type-simple"},"_links":{"self":[{"href":"https:\/\/sklep.biomus.eu\/de\/wp-json\/wp\/v2\/product\/12889","targetHints":{"allow":["GET"]}}],"collection":[{"href":"https:\/\/sklep.biomus.eu\/de\/wp-json\/wp\/v2\/product"}],"about":[{"href":"https:\/\/sklep.biomus.eu\/de\/wp-json\/wp\/v2\/types\/product"}],"replies":[{"embeddable":true,"href":"https:\/\/sklep.biomus.eu\/de\/wp-json\/wp\/v2\/comments?post=12889"}],"wp:featuredmedia":[{"embeddable":true,"href":"https:\/\/sklep.biomus.eu\/de\/wp-json\/wp\/v2\/media\/12885"}],"wp:attachment":[{"href":"https:\/\/sklep.biomus.eu\/de\/wp-json\/wp\/v2\/media?parent=12889"}],"wp:term":[{"taxonomy":"product_brand","embeddable":true,"href":"https:\/\/sklep.biomus.eu\/de\/wp-json\/wp\/v2\/product_brand?post=12889"},{"taxonomy":"product_cat","embeddable":true,"href":"https:\/\/sklep.biomus.eu\/de\/wp-json\/wp\/v2\/product_cat?post=12889"},{"taxonomy":"product_tag","embeddable":true,"href":"https:\/\/sklep.biomus.eu\/de\/wp-json\/wp\/v2\/product_tag?post=12889"}],"curies":[{"name":"wp","href":"https:\/\/api.w.org\/{rel}","templated":true}]}}