{"id":12976,"date":"2017-06-12T00:00:00","date_gmt":"2017-06-11T22:00:00","guid":{"rendered":"https:\/\/sklep.biomus.eu\/surowce-i-odczynniki-chemiczne\/dekstryna-zolta-1kg-2\/"},"modified":"2025-12-09T23:01:58","modified_gmt":"2025-12-09T22:01:58","slug":"dekstryna-zolta-1kg-2","status":"publish","type":"product","link":"https:\/\/sklep.biomus.eu\/de\/surowce-i-odczynniki-chemiczne\/dekstryna-zolta-1kg-2\/","title":{"rendered":"Gelbes Dextrin. Dekstryna \u017c\u00f3\u0142ta 1kg"},"content":{"rendered":"<p id=\"docs-internal-guid-47149657-3e57-107e-6103-116bd1dfed2b\" dir=\"ltr\">Gelbes Dextrin<\/p>\n<\/p>\n<p dir=\"ltr\">Name: Gelbes Dextrin<\/p>\n<p dir=\"ltr\">Synonyme: Dextrin, Dextrin, E1400<\/p>\n<p dir=\"ltr\">Genre: Sauber<\/p>\n<p dir=\"ltr\">Chemische Formel: (C 6 H 10 O 5) n<\/p>\n<\/p>\n<p dir=\"ltr\">Dextrine sind St\u00e4rkehydrolyseprodukte. Sie sind Stoffgemische mit unterschiedlichem Abbau des St\u00e4rkemolek\u00fcls. Ihre Produktion besteht darin, trockenes Kartoffelmehl bei einer Temperatur von ca. 200 \u00b0 C mit oder ohne S\u00e4uren zu erhitzen. Das gemeinsame Merkmal von Dextrinen ist die Unl\u00f6slichkeit in Alkohol &#8211; sie werden aus einer w\u00e4ssrigen L\u00f6sung mit Alkohol ausgef\u00e4llt.<\/p>\n<\/p>\n<p dir=\"ltr\">Anwendung<\/p>\n<p dir=\"ltr\">Gelbes Dextrin wird zum Formen von Sand mit kleinen und mittleren Gussteilen verwendet. Es wird in der Papier-, Gie\u00dferei-, Druck- und anderen Industrien verwendet. Verwendet in der Herstellung von Klebstoffen (Klebeb\u00e4nder, Umschl\u00e4ge, etc.) und Versteifung, und auch als Verdicker, Stabilisator und Bindemittel verwendet. Diese Substanz kann als L\u00f6sung oder in trockener Form verwendet werden. Dies ist das beliebteste Bindemittel in der Pyrotechnik. Gelbes Dextrin wird in ungiftigen B\u00fcroklebstoffen mit s\u00fc\u00dfem Geschmack und in billigen Kunststoffmassen (z. B. zur Herstellung von \u00f6kologischen Einweggeschirr) verwendet.<\/p>\n","protected":false},"excerpt":{"rendered":"<p>Gelbes Dextrin Name: Gelbes Dextrin Synonyme: Dextrin, Dextrin, E1400 Genre: Sauber Chemische Formel: (C 6 H 10 O 5) n Dextrine sind St\u00e4rkehydrolyseprodukte. Sie sind Stoffgemische mit unterschiedlichem Abbau des St\u00e4rkemolek\u00fcls. Ihre Produktion besteht darin, trockenes Kartoffelmehl bei einer Temperatur von ca. 200 \u00b0 C mit oder ohne S\u00e4uren zu erhitzen. Das gemeinsame Merkmal von [&hellip;]<\/p>\n","protected":false},"featured_media":12972,"comment_status":"open","ping_status":"closed","template":"","meta":{"inline_featured_image":false},"product_brand":[],"product_cat":[1189],"product_tag":[],"class_list":{"0":"post-12976","1":"product","2":"type-product","3":"status-publish","4":"has-post-thumbnail","6":"product_cat-gelbes-dextrin","8":"first","9":"instock","10":"taxable","11":"shipping-taxable","12":"purchasable","13":"product-type-simple"},"_links":{"self":[{"href":"https:\/\/sklep.biomus.eu\/de\/wp-json\/wp\/v2\/product\/12976","targetHints":{"allow":["GET"]}}],"collection":[{"href":"https:\/\/sklep.biomus.eu\/de\/wp-json\/wp\/v2\/product"}],"about":[{"href":"https:\/\/sklep.biomus.eu\/de\/wp-json\/wp\/v2\/types\/product"}],"replies":[{"embeddable":true,"href":"https:\/\/sklep.biomus.eu\/de\/wp-json\/wp\/v2\/comments?post=12976"}],"wp:featuredmedia":[{"embeddable":true,"href":"https:\/\/sklep.biomus.eu\/de\/wp-json\/wp\/v2\/media\/12972"}],"wp:attachment":[{"href":"https:\/\/sklep.biomus.eu\/de\/wp-json\/wp\/v2\/media?parent=12976"}],"wp:term":[{"taxonomy":"product_brand","embeddable":true,"href":"https:\/\/sklep.biomus.eu\/de\/wp-json\/wp\/v2\/product_brand?post=12976"},{"taxonomy":"product_cat","embeddable":true,"href":"https:\/\/sklep.biomus.eu\/de\/wp-json\/wp\/v2\/product_cat?post=12976"},{"taxonomy":"product_tag","embeddable":true,"href":"https:\/\/sklep.biomus.eu\/de\/wp-json\/wp\/v2\/product_tag?post=12976"}],"curies":[{"name":"wp","href":"https:\/\/api.w.org\/{rel}","templated":true}]}}