{"id":13057,"date":"2017-06-12T00:00:00","date_gmt":"2017-06-11T22:00:00","guid":{"rendered":"https:\/\/sklep.biomus.eu\/surowce-i-odczynniki-chemiczne\/acerola-1kg-2\/"},"modified":"2025-12-09T23:02:30","modified_gmt":"2025-12-09T22:02:30","slug":"acerola-1kg-2","status":"publish","type":"product","link":"https:\/\/sklep.biomus.eu\/de\/surowce-i-odczynniki-chemiczne\/acerola-1kg-2\/","title":{"rendered":"Acerola 1kg"},"content":{"rendered":"<p id=\"docs-internal-guid-a9667269-3e2a-bd7a-a5c9-ca987fcc154e\" dir=\"ltr\">Acerola<\/p>\n<\/p>\n<p dir=\"ltr\">Name: Acerola<\/p>\n<p dir=\"ltr\">Synonyme: Malpigia granatolistna, Malpighia glabra<\/p>\n<p dir=\"ltr\">Genre: Sauber<\/p>\n<p dir=\"ltr\">Reinheit: Acerola-Extrakt<\/p>\n<\/p>\n<p dir=\"ltr\">Malpigia granatolistna (Malpighia glabra L.), Acerola, granatolist Agave oder Kirsche aus Barbados ist eine Pflanze aus der Familie Malpigida. Kommt im s\u00fcdlichen Teil von Nordamerika (Texas, Mexiko), in Mittelamerika, n\u00f6rdlichen Teilen von S\u00fcdamerika, Spanien und Portugal vor. Es ist eine reiche Quelle von Vitamin C.<\/p>\n","protected":false},"excerpt":{"rendered":"<p>Acerola Name: Acerola Synonyme: Malpigia granatolistna, Malpighia glabra Genre: Sauber Reinheit: Acerola-Extrakt Malpigia granatolistna (Malpighia glabra L.), Acerola, granatolist Agave oder Kirsche aus Barbados ist eine Pflanze aus der Familie Malpigida. Kommt im s\u00fcdlichen Teil von Nordamerika (Texas, Mexiko), in Mittelamerika, n\u00f6rdlichen Teilen von S\u00fcdamerika, Spanien und Portugal vor. Es ist eine reiche Quelle von [&hellip;]<\/p>\n","protected":false},"featured_media":13054,"comment_status":"open","ping_status":"closed","template":"","meta":{"inline_featured_image":false},"product_brand":[],"product_cat":[1500],"product_tag":[],"class_list":{"0":"post-13057","1":"product","2":"type-product","3":"status-publish","4":"has-post-thumbnail","6":"product_cat-acerola","8":"first","9":"instock","10":"taxable","11":"shipping-taxable","12":"purchasable","13":"product-type-simple"},"_links":{"self":[{"href":"https:\/\/sklep.biomus.eu\/de\/wp-json\/wp\/v2\/product\/13057","targetHints":{"allow":["GET"]}}],"collection":[{"href":"https:\/\/sklep.biomus.eu\/de\/wp-json\/wp\/v2\/product"}],"about":[{"href":"https:\/\/sklep.biomus.eu\/de\/wp-json\/wp\/v2\/types\/product"}],"replies":[{"embeddable":true,"href":"https:\/\/sklep.biomus.eu\/de\/wp-json\/wp\/v2\/comments?post=13057"}],"wp:featuredmedia":[{"embeddable":true,"href":"https:\/\/sklep.biomus.eu\/de\/wp-json\/wp\/v2\/media\/13054"}],"wp:attachment":[{"href":"https:\/\/sklep.biomus.eu\/de\/wp-json\/wp\/v2\/media?parent=13057"}],"wp:term":[{"taxonomy":"product_brand","embeddable":true,"href":"https:\/\/sklep.biomus.eu\/de\/wp-json\/wp\/v2\/product_brand?post=13057"},{"taxonomy":"product_cat","embeddable":true,"href":"https:\/\/sklep.biomus.eu\/de\/wp-json\/wp\/v2\/product_cat?post=13057"},{"taxonomy":"product_tag","embeddable":true,"href":"https:\/\/sklep.biomus.eu\/de\/wp-json\/wp\/v2\/product_tag?post=13057"}],"curies":[{"name":"wp","href":"https:\/\/api.w.org\/{rel}","templated":true}]}}