{"id":13084,"date":"2017-05-03T00:00:00","date_gmt":"2017-05-02T22:00:00","guid":{"rendered":"https:\/\/sklep.biomus.eu\/surowce-i-odczynniki-chemiczne\/butelka-15l-1500ml-hdpe-biala-transparentna-prostokatna-2\/"},"modified":"2026-02-10T13:16:09","modified_gmt":"2026-02-10T12:16:09","slug":"butelka-15l-1500ml-hdpe-biala-transparentna-prostokatna-2","status":"publish","type":"product","link":"https:\/\/sklep.biomus.eu\/de\/surowce-i-odczynniki-chemiczne\/butelka-15l-1500ml-hdpe-biala-transparentna-prostokatna-2\/","title":{"rendered":"Flasche 1,5L 1500ml HDPE WEISS transparent rechteckig. Butelka 1,5L 1500ml HDPE BIA\u0141A transparentna prostok\u0105tna"},"content":{"rendered":"","protected":false},"excerpt":{"rendered":"<p>Flasche 1.5l, 1500ml HDPE<\/p>\n<p>Volumen 1500 ml<br \/>\nGewinde &#8211; innen 36 \/ au\u00dfen 44 mm<br \/>\nGewicht: 112 g + &#8211; 10%?<br \/>\nAbmessungen:<br \/>\n&#8211; eine Breite von 95 x 108 mm<br \/>\n&#8211; H\u00f6he ohne 220 mm Mutter?<br \/>\n&#8211; Max. 100 mm Etikett<br \/>\nSch\u00fcttgutbeh\u00e4lter: Plastikt\u00fcte &#8211; 50 St\u00fcck<br \/>\nVerf\u00fcgbarkeit: verf\u00fcgbar<\/p>\n","protected":false},"featured_media":16074,"comment_status":"open","ping_status":"closed","template":"","meta":{"inline_featured_image":false},"product_brand":[],"product_cat":[1032],"product_tag":[],"class_list":{"0":"post-13084","1":"product","2":"type-product","3":"status-publish","4":"has-post-thumbnail","6":"product_cat-opakowania","8":"first","9":"instock","10":"taxable","11":"shipping-taxable","12":"purchasable","13":"product-type-simple"},"_links":{"self":[{"href":"https:\/\/sklep.biomus.eu\/de\/wp-json\/wp\/v2\/product\/13084","targetHints":{"allow":["GET"]}}],"collection":[{"href":"https:\/\/sklep.biomus.eu\/de\/wp-json\/wp\/v2\/product"}],"about":[{"href":"https:\/\/sklep.biomus.eu\/de\/wp-json\/wp\/v2\/types\/product"}],"replies":[{"embeddable":true,"href":"https:\/\/sklep.biomus.eu\/de\/wp-json\/wp\/v2\/comments?post=13084"}],"wp:featuredmedia":[{"embeddable":true,"href":"https:\/\/sklep.biomus.eu\/de\/wp-json\/wp\/v2\/media\/16074"}],"wp:attachment":[{"href":"https:\/\/sklep.biomus.eu\/de\/wp-json\/wp\/v2\/media?parent=13084"}],"wp:term":[{"taxonomy":"product_brand","embeddable":true,"href":"https:\/\/sklep.biomus.eu\/de\/wp-json\/wp\/v2\/product_brand?post=13084"},{"taxonomy":"product_cat","embeddable":true,"href":"https:\/\/sklep.biomus.eu\/de\/wp-json\/wp\/v2\/product_cat?post=13084"},{"taxonomy":"product_tag","embeddable":true,"href":"https:\/\/sklep.biomus.eu\/de\/wp-json\/wp\/v2\/product_tag?post=13084"}],"curies":[{"name":"wp","href":"https:\/\/api.w.org\/{rel}","templated":true}]}}