{"id":13092,"date":"2017-05-03T00:00:00","date_gmt":"2017-05-02T22:00:00","guid":{"rendered":"https:\/\/sklep.biomus.eu\/surowce-i-odczynniki-chemiczne\/butelka-180ml-hdpe-biala-okragla-ze-zrywka-2\/"},"modified":"2026-02-10T13:17:51","modified_gmt":"2026-02-10T12:17:51","slug":"butelka-180ml-hdpe-biala-okragla-ze-zrywka-2","status":"publish","type":"product","link":"https:\/\/sklep.biomus.eu\/de\/surowce-i-odczynniki-chemiczne\/butelka-180ml-hdpe-biala-okragla-ze-zrywka-2\/","title":{"rendered":"Flasche 180ml HDPE WEISS rund mit Schleudern. Butelka 180ml HDPE BIA\u0141A okr\u0105g\u0142a ze zrywk\u0105"},"content":{"rendered":"","protected":false},"excerpt":{"rendered":"<p>HDPE-Flasche 180ml in wei\u00df, Deckel mit Schleudern in wei\u00df<\/p>\n<p>Volumen von 180 ml<br \/>\nGewinde &#8211; Kappe fi 43 mm<br \/>\nGewicht:<br \/>\nAbmessungen:<br \/>\n&#8211; 61 mm breit<br \/>\n&#8211; H\u00f6he ohne Mutter: 90 mm<br \/>\n&#8211; max Etikett:<br \/>\nSch\u00fcttgutbeh\u00e4lter: Plastikt\u00fcte oder Box &#8211; 100 St\u00fcck<br \/>\nVerf\u00fcgbarkeit:<br \/>\nwei\u00dfe Farbe &#8211; verf\u00fcgbar<\/p>\n","protected":false},"featured_media":16078,"comment_status":"open","ping_status":"closed","template":"","meta":{"inline_featured_image":false},"product_brand":[],"product_cat":[1032],"product_tag":[],"class_list":{"0":"post-13092","1":"product","2":"type-product","3":"status-publish","4":"has-post-thumbnail","6":"product_cat-opakowania","8":"first","9":"instock","10":"taxable","11":"shipping-taxable","12":"purchasable","13":"product-type-simple"},"_links":{"self":[{"href":"https:\/\/sklep.biomus.eu\/de\/wp-json\/wp\/v2\/product\/13092","targetHints":{"allow":["GET"]}}],"collection":[{"href":"https:\/\/sklep.biomus.eu\/de\/wp-json\/wp\/v2\/product"}],"about":[{"href":"https:\/\/sklep.biomus.eu\/de\/wp-json\/wp\/v2\/types\/product"}],"replies":[{"embeddable":true,"href":"https:\/\/sklep.biomus.eu\/de\/wp-json\/wp\/v2\/comments?post=13092"}],"wp:featuredmedia":[{"embeddable":true,"href":"https:\/\/sklep.biomus.eu\/de\/wp-json\/wp\/v2\/media\/16078"}],"wp:attachment":[{"href":"https:\/\/sklep.biomus.eu\/de\/wp-json\/wp\/v2\/media?parent=13092"}],"wp:term":[{"taxonomy":"product_brand","embeddable":true,"href":"https:\/\/sklep.biomus.eu\/de\/wp-json\/wp\/v2\/product_brand?post=13092"},{"taxonomy":"product_cat","embeddable":true,"href":"https:\/\/sklep.biomus.eu\/de\/wp-json\/wp\/v2\/product_cat?post=13092"},{"taxonomy":"product_tag","embeddable":true,"href":"https:\/\/sklep.biomus.eu\/de\/wp-json\/wp\/v2\/product_tag?post=13092"}],"curies":[{"name":"wp","href":"https:\/\/api.w.org\/{rel}","templated":true}]}}