{"id":13100,"date":"2017-05-03T00:00:00","date_gmt":"2017-05-02T22:00:00","guid":{"rendered":"https:\/\/sklep.biomus.eu\/surowce-i-odczynniki-chemiczne\/butelka-1l-hdpe-czarna-prostokatna-biomus-2\/"},"modified":"2026-02-10T13:19:29","modified_gmt":"2026-02-10T12:19:29","slug":"butelka-1l-hdpe-czarna-prostokatna-biomus-2","status":"publish","type":"product","link":"https:\/\/sklep.biomus.eu\/de\/surowce-i-odczynniki-chemiczne\/butelka-1l-hdpe-czarna-prostokatna-biomus-2\/","title":{"rendered":"Flasche 1L HDPE SCHWARZ rechteckig BIOMUS. Butelka 1L HDPE CZARNA prostok\u0105tna BIOMUS"},"content":{"rendered":"","protected":false},"excerpt":{"rendered":"<p>Flasche 1L HDPE schwarz &#8211;\u00a0 1000 ml mit<\/p>\n<p>Graduierung Gewinde &#8211; innen 36 \/ au\u00dfen 44 mm Gewicht: 66 g + &#8211; 10% Ma\u00dfe: &#8211; Breite 88 x 68 mm &#8211; H\u00f6he ohne Mutter 210 mm &#8211; Etikettenh\u00f6he 160 mm Max. Sammelverpackung: Plastikt\u00fcte &#8211; 100 St\u00fcck Verf\u00fcgbarkeit: wei\u00df, transparent<\/p>\n","protected":false},"featured_media":16080,"comment_status":"open","ping_status":"closed","template":"","meta":{"inline_featured_image":false},"product_brand":[],"product_cat":[1032],"product_tag":[],"class_list":{"0":"post-13100","1":"product","2":"type-product","3":"status-publish","4":"has-post-thumbnail","6":"product_cat-opakowania","8":"first","9":"instock","10":"taxable","11":"shipping-taxable","12":"purchasable","13":"product-type-simple"},"_links":{"self":[{"href":"https:\/\/sklep.biomus.eu\/de\/wp-json\/wp\/v2\/product\/13100","targetHints":{"allow":["GET"]}}],"collection":[{"href":"https:\/\/sklep.biomus.eu\/de\/wp-json\/wp\/v2\/product"}],"about":[{"href":"https:\/\/sklep.biomus.eu\/de\/wp-json\/wp\/v2\/types\/product"}],"replies":[{"embeddable":true,"href":"https:\/\/sklep.biomus.eu\/de\/wp-json\/wp\/v2\/comments?post=13100"}],"wp:featuredmedia":[{"embeddable":true,"href":"https:\/\/sklep.biomus.eu\/de\/wp-json\/wp\/v2\/media\/16080"}],"wp:attachment":[{"href":"https:\/\/sklep.biomus.eu\/de\/wp-json\/wp\/v2\/media?parent=13100"}],"wp:term":[{"taxonomy":"product_brand","embeddable":true,"href":"https:\/\/sklep.biomus.eu\/de\/wp-json\/wp\/v2\/product_brand?post=13100"},{"taxonomy":"product_cat","embeddable":true,"href":"https:\/\/sklep.biomus.eu\/de\/wp-json\/wp\/v2\/product_cat?post=13100"},{"taxonomy":"product_tag","embeddable":true,"href":"https:\/\/sklep.biomus.eu\/de\/wp-json\/wp\/v2\/product_tag?post=13100"}],"curies":[{"name":"wp","href":"https:\/\/api.w.org\/{rel}","templated":true}]}}