{"id":13104,"date":"2017-05-03T00:00:00","date_gmt":"2017-05-02T22:00:00","guid":{"rendered":"https:\/\/sklep.biomus.eu\/surowce-i-odczynniki-chemiczne\/butelka-250ml-hdpe-biala-transparentna-prostokatna-2\/"},"modified":"2026-02-10T13:15:17","modified_gmt":"2026-02-10T12:15:17","slug":"butelka-250ml-hdpe-biala-transparentna-prostokatna-2","status":"publish","type":"product","link":"https:\/\/sklep.biomus.eu\/de\/surowce-i-odczynniki-chemiczne\/butelka-250ml-hdpe-biala-transparentna-prostokatna-2\/","title":{"rendered":"Flasche 250ml HDPE WEISS transparent rechteckig BIOMUS. Butelka250ml HDPE BIA\u0141A transparentna prostok\u0105tna BIOMUS"},"content":{"rendered":"","protected":false},"excerpt":{"rendered":"<p>Butelka 250ml bia\u0142a transparentna HDPE z nakr\u0119tk\u0105<\/p>\n<p>obj\u0119to\u015b\u0107 250 ml<br \/>\nGwint \u2013 wew 36 \/ zew 44 mm<br \/>\nWaga: 27 g +- 10%<br \/>\nWymiary:<br \/>\n&#8211; szerokos\u0107 88 x 68 mm<br \/>\n&#8211; wysoko\u015b\u0107 bez nakr\u0119tki 88 mm<br \/>\n&#8211; etykieta wys max 45 mm<br \/>\nOpakowanie zbiorcze: pude\u0142ko kartonowe \u2013 96 szt<br \/>\ndost\u0119pno\u015b\u0107:<br \/>\nkolor bia\u0142y transparentny \u2013 dost\u0119pny<\/p>\n","protected":false},"featured_media":16072,"comment_status":"open","ping_status":"closed","template":"","meta":{"inline_featured_image":false},"product_brand":[],"product_cat":[1032],"product_tag":[],"class_list":{"0":"post-13104","1":"product","2":"type-product","3":"status-publish","4":"has-post-thumbnail","6":"product_cat-opakowania","8":"first","9":"instock","10":"taxable","11":"shipping-taxable","12":"purchasable","13":"product-type-simple"},"_links":{"self":[{"href":"https:\/\/sklep.biomus.eu\/de\/wp-json\/wp\/v2\/product\/13104","targetHints":{"allow":["GET"]}}],"collection":[{"href":"https:\/\/sklep.biomus.eu\/de\/wp-json\/wp\/v2\/product"}],"about":[{"href":"https:\/\/sklep.biomus.eu\/de\/wp-json\/wp\/v2\/types\/product"}],"replies":[{"embeddable":true,"href":"https:\/\/sklep.biomus.eu\/de\/wp-json\/wp\/v2\/comments?post=13104"}],"wp:featuredmedia":[{"embeddable":true,"href":"https:\/\/sklep.biomus.eu\/de\/wp-json\/wp\/v2\/media\/16072"}],"wp:attachment":[{"href":"https:\/\/sklep.biomus.eu\/de\/wp-json\/wp\/v2\/media?parent=13104"}],"wp:term":[{"taxonomy":"product_brand","embeddable":true,"href":"https:\/\/sklep.biomus.eu\/de\/wp-json\/wp\/v2\/product_brand?post=13104"},{"taxonomy":"product_cat","embeddable":true,"href":"https:\/\/sklep.biomus.eu\/de\/wp-json\/wp\/v2\/product_cat?post=13104"},{"taxonomy":"product_tag","embeddable":true,"href":"https:\/\/sklep.biomus.eu\/de\/wp-json\/wp\/v2\/product_tag?post=13104"}],"curies":[{"name":"wp","href":"https:\/\/api.w.org\/{rel}","templated":true}]}}