{"id":13108,"date":"2017-05-03T00:00:00","date_gmt":"2017-05-02T22:00:00","guid":{"rendered":"https:\/\/sklep.biomus.eu\/surowce-i-odczynniki-chemiczne\/butelka-500ml-hdpe-biala-transparentna-prostokatna-biomus-2\/"},"modified":"2026-02-10T13:11:07","modified_gmt":"2026-02-10T12:11:07","slug":"butelka-500ml-hdpe-biala-transparentna-prostokatna-biomus-2","status":"publish","type":"product","link":"https:\/\/sklep.biomus.eu\/de\/surowce-i-odczynniki-chemiczne\/butelka-500ml-hdpe-biala-transparentna-prostokatna-biomus-2\/","title":{"rendered":"Flasche 500ml HDPE WEISS transparent rechteckig BIOMUS. Butelka 500ml HDPE BIA\u0141A transparentna prostok\u0105tna BIOMUS"},"content":{"rendered":"","protected":false},"excerpt":{"rendered":"<p>Butelka 500ml bia\u0142a transparentna HDPE z nakr\u0119tk\u0105<\/p>\n<p>obj\u0119to\u015b\u0107 500 ml<br \/>\nGwint \u2013 wew 36 \/ zew 44 mm<br \/>\nWaga: 38 g +- 10%<br \/>\nWymiary:<br \/>\n&#8211; szerokos\u0107 88 x 68 mm<br \/>\n&#8211; wysoko\u015b\u0107 bez nakr\u0119tki 130 mm<br \/>\n&#8211; etykieta wys max 85 mm<br \/>\nOpakowanie zbiorcze: Worek foliowy \u2013 100 szt<br \/>\ndost\u0119pno\u015b\u0107:<br \/>\nkolor bia\u0142y transparentny \u2013 dost\u0119pny<\/p>\n","protected":false},"featured_media":16065,"comment_status":"open","ping_status":"closed","template":"","meta":{"inline_featured_image":false},"product_brand":[],"product_cat":[1032],"product_tag":[],"class_list":{"0":"post-13108","1":"product","2":"type-product","3":"status-publish","4":"has-post-thumbnail","6":"product_cat-opakowania","8":"first","9":"instock","10":"taxable","11":"shipping-taxable","12":"purchasable","13":"product-type-simple"},"_links":{"self":[{"href":"https:\/\/sklep.biomus.eu\/de\/wp-json\/wp\/v2\/product\/13108","targetHints":{"allow":["GET"]}}],"collection":[{"href":"https:\/\/sklep.biomus.eu\/de\/wp-json\/wp\/v2\/product"}],"about":[{"href":"https:\/\/sklep.biomus.eu\/de\/wp-json\/wp\/v2\/types\/product"}],"replies":[{"embeddable":true,"href":"https:\/\/sklep.biomus.eu\/de\/wp-json\/wp\/v2\/comments?post=13108"}],"wp:featuredmedia":[{"embeddable":true,"href":"https:\/\/sklep.biomus.eu\/de\/wp-json\/wp\/v2\/media\/16065"}],"wp:attachment":[{"href":"https:\/\/sklep.biomus.eu\/de\/wp-json\/wp\/v2\/media?parent=13108"}],"wp:term":[{"taxonomy":"product_brand","embeddable":true,"href":"https:\/\/sklep.biomus.eu\/de\/wp-json\/wp\/v2\/product_brand?post=13108"},{"taxonomy":"product_cat","embeddable":true,"href":"https:\/\/sklep.biomus.eu\/de\/wp-json\/wp\/v2\/product_cat?post=13108"},{"taxonomy":"product_tag","embeddable":true,"href":"https:\/\/sklep.biomus.eu\/de\/wp-json\/wp\/v2\/product_tag?post=13108"}],"curies":[{"name":"wp","href":"https:\/\/api.w.org\/{rel}","templated":true}]}}