{"id":13273,"date":"2016-08-18T00:00:00","date_gmt":"2016-08-17T22:00:00","guid":{"rendered":"https:\/\/sklep.biomus.eu\/surowce-i-odczynniki-chemiczne\/sol-himalajska-drobna-1kg-2\/"},"modified":"2025-12-09T23:04:59","modified_gmt":"2025-12-09T22:04:59","slug":"sol-himalajska-drobna-1kg-2","status":"publish","type":"product","link":"https:\/\/sklep.biomus.eu\/de\/surowce-i-odczynniki-chemiczne\/sol-himalajska-drobna-1kg-2\/","title":{"rendered":"Himalaya-Salz. S\u00f3l himalajska 1kg"},"content":{"rendered":"<p data-start=\"392\" data-end=\"429\">Himalaya Rosa Feinsalz BIOMUS 1kg<\/p>\n<p data-start=\"431\" data-end=\"502\">Ein Salz nat\u00fcrlichen Ursprungs, das am Fu\u00dfe des Himalaya gewonnen wird.<\/p>\n<p data-start=\"504\" data-end=\"665\">Name: Himalayasalz<br data-start=\"526\" data-end=\"529\" \/> Synonyme: rosa Salz, Himalayasalz<br data-start=\"566\" data-end=\"569\" \/> Form: fein (universal)<br data-start=\"595\" data-end=\"598\" \/> Qualit\u00e4t: Rein<br data-start=\"616\" data-end=\"619\" \/> CAS-Nr.: 7647-14-5<br data-start=\"641\" data-end=\"644\" \/> EG-Nr.: 231-598-3<\/p>\n","protected":false},"excerpt":{"rendered":"<p>Himalaya Rosa Feinsalz BIOMUS 1kg Ein Salz nat\u00fcrlichen Ursprungs, das am Fu\u00dfe des Himalaya gewonnen wird. Name: Himalayasalz Synonyme: rosa Salz, Himalayasalz Form: fein (universal) Qualit\u00e4t: Rein CAS-Nr.: 7647-14-5 EG-Nr.: 231-598-3<\/p>\n","protected":false},"featured_media":13269,"comment_status":"open","ping_status":"closed","template":"","meta":{"inline_featured_image":false},"product_brand":[],"product_cat":[1109],"product_tag":[],"class_list":{"0":"post-13273","1":"product","2":"type-product","3":"status-publish","4":"has-post-thumbnail","6":"product_cat-himalaya-salz","8":"first","9":"instock","10":"taxable","11":"shipping-taxable","12":"purchasable","13":"product-type-simple"},"_links":{"self":[{"href":"https:\/\/sklep.biomus.eu\/de\/wp-json\/wp\/v2\/product\/13273","targetHints":{"allow":["GET"]}}],"collection":[{"href":"https:\/\/sklep.biomus.eu\/de\/wp-json\/wp\/v2\/product"}],"about":[{"href":"https:\/\/sklep.biomus.eu\/de\/wp-json\/wp\/v2\/types\/product"}],"replies":[{"embeddable":true,"href":"https:\/\/sklep.biomus.eu\/de\/wp-json\/wp\/v2\/comments?post=13273"}],"wp:featuredmedia":[{"embeddable":true,"href":"https:\/\/sklep.biomus.eu\/de\/wp-json\/wp\/v2\/media\/13269"}],"wp:attachment":[{"href":"https:\/\/sklep.biomus.eu\/de\/wp-json\/wp\/v2\/media?parent=13273"}],"wp:term":[{"taxonomy":"product_brand","embeddable":true,"href":"https:\/\/sklep.biomus.eu\/de\/wp-json\/wp\/v2\/product_brand?post=13273"},{"taxonomy":"product_cat","embeddable":true,"href":"https:\/\/sklep.biomus.eu\/de\/wp-json\/wp\/v2\/product_cat?post=13273"},{"taxonomy":"product_tag","embeddable":true,"href":"https:\/\/sklep.biomus.eu\/de\/wp-json\/wp\/v2\/product_tag?post=13273"}],"curies":[{"name":"wp","href":"https:\/\/api.w.org\/{rel}","templated":true}]}}