{"id":13298,"date":"2016-08-18T00:00:00","date_gmt":"2016-08-17T22:00:00","guid":{"rendered":"https:\/\/sklep.biomus.eu\/surowce-i-odczynniki-chemiczne\/siarczan-niklu-1kg-2\/"},"modified":"2025-12-09T23:05:22","modified_gmt":"2025-12-09T22:05:22","slug":"siarczan-niklu-1kg-2","status":"publish","type":"product","link":"https:\/\/sklep.biomus.eu\/de\/surowce-i-odczynniki-chemiczne\/siarczan-niklu-1kg-2\/","title":{"rendered":"Nickelsulfat. Siarczan niklu 1kg"},"content":{"rendered":"<p id=\"docs-internal-guid-221f563d-3d8e-d36e-1d6a-bac4e8987e05\" dir=\"ltr\">Nickelsulfat<\/p>\n<\/p>\n<p dir=\"ltr\">Name: Nickelsulfat<\/p>\n<p dir=\"ltr\">Synonyme: Nickelhexahydratsulfat, Nickelsulfathexahydrat<\/p>\n<p dir=\"ltr\">Art: sauber<\/p>\n<p dir=\"ltr\">Sauberkeit: sauber<\/p>\n<p dir=\"ltr\">Chemische Formel: NiSO 4 \u00d7 6H 2 O<\/p>\n<\/p>\n<p dir=\"ltr\">Nickel (II) sulfat, NiSO4 ist eine anorganische chemische Verbindung. Es ist ein Nickelsalz der Schwefels\u00e4ure. Diese Substanz ist hoch l\u00f6slich, hat eine blaue Farbe und ist die Hauptquelle von Ni (2+) -Ionen in der Galvanisierung.<\/p>\n<\/p>\n<p dir=\"ltr\">Anwendung<\/p>\n<p dir=\"ltr\">&#8211; als Elektrolyt f\u00fcr die Vernickelung und elektrolytische Raffination,<\/p>\n<p dir=\"ltr\">&#8211; bei der Herstellung von galvanischen B\u00e4dern,<\/p>\n<p dir=\"ltr\">&#8211; in der chemischen Industrie zur Herstellung von Katalysatoren f\u00fcr die Hydrierung von Fetten,<\/p>\n<p dir=\"ltr\">&#8211; F\u00e4rben von M\u00f6rtel,<\/p>\n<p dir=\"ltr\">&#8211; Schw\u00e4rzung von Zink und Messing.<\/p>\n","protected":false},"excerpt":{"rendered":"<p>Nickelsulfat Name: Nickelsulfat Synonyme: Nickelhexahydratsulfat, Nickelsulfathexahydrat Art: sauber Sauberkeit: sauber Chemische Formel: NiSO 4 \u00d7 6H 2 O Nickel (II) sulfat, NiSO4 ist eine anorganische chemische Verbindung. Es ist ein Nickelsalz der Schwefels\u00e4ure. Diese Substanz ist hoch l\u00f6slich, hat eine blaue Farbe und ist die Hauptquelle von Ni (2+) -Ionen in der Galvanisierung. Anwendung &#8211; [&hellip;]<\/p>\n","protected":false},"featured_media":13294,"comment_status":"open","ping_status":"closed","template":"","meta":{"inline_featured_image":false},"product_brand":[],"product_cat":[1526],"product_tag":[],"class_list":{"0":"post-13298","1":"product","2":"type-product","3":"status-publish","4":"has-post-thumbnail","6":"product_cat-nickelsulfat","8":"first","9":"instock","10":"taxable","11":"shipping-taxable","12":"purchasable","13":"product-type-simple"},"_links":{"self":[{"href":"https:\/\/sklep.biomus.eu\/de\/wp-json\/wp\/v2\/product\/13298","targetHints":{"allow":["GET"]}}],"collection":[{"href":"https:\/\/sklep.biomus.eu\/de\/wp-json\/wp\/v2\/product"}],"about":[{"href":"https:\/\/sklep.biomus.eu\/de\/wp-json\/wp\/v2\/types\/product"}],"replies":[{"embeddable":true,"href":"https:\/\/sklep.biomus.eu\/de\/wp-json\/wp\/v2\/comments?post=13298"}],"wp:featuredmedia":[{"embeddable":true,"href":"https:\/\/sklep.biomus.eu\/de\/wp-json\/wp\/v2\/media\/13294"}],"wp:attachment":[{"href":"https:\/\/sklep.biomus.eu\/de\/wp-json\/wp\/v2\/media?parent=13298"}],"wp:term":[{"taxonomy":"product_brand","embeddable":true,"href":"https:\/\/sklep.biomus.eu\/de\/wp-json\/wp\/v2\/product_brand?post=13298"},{"taxonomy":"product_cat","embeddable":true,"href":"https:\/\/sklep.biomus.eu\/de\/wp-json\/wp\/v2\/product_cat?post=13298"},{"taxonomy":"product_tag","embeddable":true,"href":"https:\/\/sklep.biomus.eu\/de\/wp-json\/wp\/v2\/product_tag?post=13298"}],"curies":[{"name":"wp","href":"https:\/\/api.w.org\/{rel}","templated":true}]}}