{"id":13358,"date":"2016-08-18T00:00:00","date_gmt":"2016-08-17T22:00:00","guid":{"rendered":"https:\/\/sklep.biomus.eu\/surowce-i-odczynniki-chemiczne\/jodek-potasu-1kg-2\/"},"modified":"2026-01-23T12:11:10","modified_gmt":"2026-01-23T11:11:10","slug":"jodek-potasu-1kg-2","status":"publish","type":"product","link":"https:\/\/sklep.biomus.eu\/de\/surowce-i-odczynniki-chemiczne\/jodek-potasu-1kg-2\/","title":{"rendered":"Kaliumiodid. Jodek potasu 1kg"},"content":{"rendered":"<p id=\"docs-internal-guid-d2eac218-3d6a-2592-8082-57f49352c241\" dir=\"ltr\">Kaliumiodid<\/p>\n<p dir=\"ltr\">Name: Kaliumjod<\/p>\n<p dir=\"ltr\">Synonyme: Kaliumiodid<\/p>\n<p dir=\"ltr\">Art: Rein f\u00fcr Analysen<\/p>\n<p dir=\"ltr\">Sauberkeit: sauber min. 99,9%<\/p>\n<p dir=\"ltr\">Chemische Formel: KI<\/p>\n<p dir=\"ltr\">Kaliumiodid ist eine anorganische chemische Verbindung. Es ist das Kaliumsalz von Jodwasserstoffs\u00e4ure mit der Formel KI.<\/p>\n<p dir=\"ltr\">Anwendung:<\/p>\n<p dir=\"ltr\">&#8211; in organischen Synthesen,<\/p>\n<p dir=\"ltr\">&#8211; in der Spektroskopie,<\/p>\n<p dir=\"ltr\">&#8211; in der chemischen Analyse,<\/p>\n<p dir=\"ltr\">&#8211; in kleinen Mengen zu Speisesalz (Jodsalz) hinzugef\u00fcgt. Alternativ wird Kaliumiodat KIO3 verwendet,<\/p>\n<p dir=\"ltr\">&#8211; Lugol Fl\u00fcssigkeitskomponente (Jod in einer w\u00e4ssrigen L\u00f6sung von Kaliumjodid gel\u00f6st)<\/p>\n<p dir=\"ltr\">&#8211; die Iodkomponente<\/p>\n<p dir=\"ltr\">&#8211; in effektiven Experimenten wie &#8222;Zahnpasta f\u00fcr das Wort&#8220; (in Kombination mit 35% Wasserstoffperoxid &#8211; Perhydrol und Geschirrsp\u00fclmittel).<\/p>\n","protected":false},"excerpt":{"rendered":"<p>Kaliumiodid Name: Kaliumjod Synonyme: Kaliumiodid Art: Rein f\u00fcr Analysen Sauberkeit: sauber min. 99,9% Chemische Formel: KI Kaliumiodid ist eine anorganische chemische Verbindung. Es ist das Kaliumsalz von Jodwasserstoffs\u00e4ure mit der Formel KI. Anwendung: &#8211; in organischen Synthesen, &#8211; in der Spektroskopie, &#8211; in der chemischen Analyse, &#8211; in kleinen Mengen zu Speisesalz (Jodsalz) hinzugef\u00fcgt. Alternativ [&hellip;]<\/p>\n","protected":false},"featured_media":15744,"comment_status":"open","ping_status":"closed","template":"","meta":{"inline_featured_image":false},"product_brand":[],"product_cat":[1529],"product_tag":[],"class_list":{"0":"post-13358","1":"product","2":"type-product","3":"status-publish","4":"has-post-thumbnail","6":"product_cat-kaliumiodid","8":"first","9":"instock","10":"taxable","11":"shipping-taxable","12":"purchasable","13":"product-type-simple"},"_links":{"self":[{"href":"https:\/\/sklep.biomus.eu\/de\/wp-json\/wp\/v2\/product\/13358","targetHints":{"allow":["GET"]}}],"collection":[{"href":"https:\/\/sklep.biomus.eu\/de\/wp-json\/wp\/v2\/product"}],"about":[{"href":"https:\/\/sklep.biomus.eu\/de\/wp-json\/wp\/v2\/types\/product"}],"replies":[{"embeddable":true,"href":"https:\/\/sklep.biomus.eu\/de\/wp-json\/wp\/v2\/comments?post=13358"}],"wp:featuredmedia":[{"embeddable":true,"href":"https:\/\/sklep.biomus.eu\/de\/wp-json\/wp\/v2\/media\/15744"}],"wp:attachment":[{"href":"https:\/\/sklep.biomus.eu\/de\/wp-json\/wp\/v2\/media?parent=13358"}],"wp:term":[{"taxonomy":"product_brand","embeddable":true,"href":"https:\/\/sklep.biomus.eu\/de\/wp-json\/wp\/v2\/product_brand?post=13358"},{"taxonomy":"product_cat","embeddable":true,"href":"https:\/\/sklep.biomus.eu\/de\/wp-json\/wp\/v2\/product_cat?post=13358"},{"taxonomy":"product_tag","embeddable":true,"href":"https:\/\/sklep.biomus.eu\/de\/wp-json\/wp\/v2\/product_tag?post=13358"}],"curies":[{"name":"wp","href":"https:\/\/api.w.org\/{rel}","templated":true}]}}