{"id":13537,"date":"2016-08-18T00:00:00","date_gmt":"2016-08-17T22:00:00","guid":{"rendered":"https:\/\/sklep.biomus.eu\/surowce-i-odczynniki-chemiczne\/benzoesan-sodu-1kg-2\/"},"modified":"2025-12-09T23:07:38","modified_gmt":"2025-12-09T22:07:38","slug":"benzoesan-sodu-1kg-2","status":"publish","type":"product","link":"https:\/\/sklep.biomus.eu\/de\/surowce-i-odczynniki-chemiczne\/benzoesan-sodu-1kg-2\/","title":{"rendered":"Natriumbenzoat. Benzoesan sodu 1kg"},"content":{"rendered":"<p id=\"docs-internal-guid-f6a0e034-2f5d-051e-5e55-fa3b5cc1965e\" dir=\"ltr\">Natriumbenzoat<\/p>\n<\/p>\n<p dir=\"ltr\">Name: Natriumbenzoat<\/p>\n<p dir=\"ltr\">Synonyme: Natriumbenzoes\u00e4ure, Natriumbenzoat<\/p>\n<p dir=\"ltr\">Genre: Sauber<\/p>\n<p dir=\"ltr\">Reinheit: Pure ohne Beimischungen<\/p>\n<p dir=\"ltr\">Chemische Formel: NaC7H5O2<\/p>\n<\/p>\n<p dir=\"ltr\">Natriumbenzoat, C6H5COONa ist eine organische chemische Verbindung. Es ist das Natriumsalz der Benzoes\u00e4ure, das als Konservierungsmittel verwendet wird. Im industriellen Ma\u00dfstab wird es synthetisch erhalten. Natriumbenzoat hat bakteriostatische und fungistatische Eigenschaften, hemmt das Wachstum von Hefe, Schimmel und Butter, Essigs\u00e4ure und (in geringerem Ma\u00dfe) Milchs\u00e4urebakterien. Seine Aktivit\u00e4t wird durch die Anwesenheit von Schwefeldioxid, Kohlendioxid, Speisesalz, Zucker und Sorbins\u00e4ure (oder deren Salz) verst\u00e4rkt.<\/p>\n<\/p>\n<p dir=\"ltr\">Auftreten<\/p>\n<p dir=\"ltr\">Natriumbenzoat liegt als Anion haupts\u00e4chlich Beeren Benzoat, sondern auch in kleinen Mengen in Pilzen, Zimt, Preiselbeere, Gew\u00fcrznelken und einige Milchprodukte (durch bakterielle Fermentation).<\/p>\n<\/p>\n<p dir=\"ltr\">Anwendung von Natriumalbumin:<\/p>\n<p dir=\"ltr\">&#8211; ein in der Industrie weit verbreitetes Konservierungsmittel,<\/p>\n<p dir=\"ltr\">&#8211; wirkt auch als L\u00f6sungsvermittler,<\/p>\n<p dir=\"ltr\">&#8211; ist eine Komponente, die Korrosion in Fl\u00fcssigkeiten zur Aufbewahrung von chirurgischen Instrumenten verhindert,<\/p>\n<p dir=\"ltr\">&#8211; ist eine Komponente von Diagnosehilfen,<\/p>\n<p dir=\"ltr\">&#8211; es ist weit verbreitet in Amateur-und kommerziellen Pyrotechnik. Auf deren Basis wird beispielsweise eine pfeifende Mischung (Sweat Whistling oder SSA) hergestellt. Es ist auch ein guter gelber Flammenfarbstoff (dank des Natriumgehalts), der w\u00e4hrend der Verbrennung gro\u00dfe Mengen an Gas erzeugt.<\/p>\n","protected":false},"excerpt":{"rendered":"<p>Natriumbenzoat Name: Natriumbenzoat Synonyme: Natriumbenzoes\u00e4ure, Natriumbenzoat Genre: Sauber Reinheit: Pure ohne Beimischungen Chemische Formel: NaC7H5O2 Natriumbenzoat, C6H5COONa ist eine organische chemische Verbindung. Es ist das Natriumsalz der Benzoes\u00e4ure, das als Konservierungsmittel verwendet wird. Im industriellen Ma\u00dfstab wird es synthetisch erhalten. Natriumbenzoat hat bakteriostatische und fungistatische Eigenschaften, hemmt das Wachstum von Hefe, Schimmel und Butter, Essigs\u00e4ure [&hellip;]<\/p>\n","protected":false},"featured_media":16863,"comment_status":"open","ping_status":"closed","template":"","meta":{"inline_featured_image":false},"product_brand":[],"product_cat":[1543],"product_tag":[],"class_list":{"0":"post-13537","1":"product","2":"type-product","3":"status-publish","4":"has-post-thumbnail","6":"product_cat-natriumbenzoat","8":"first","9":"instock","10":"taxable","11":"shipping-taxable","12":"purchasable","13":"product-type-simple"},"_links":{"self":[{"href":"https:\/\/sklep.biomus.eu\/de\/wp-json\/wp\/v2\/product\/13537","targetHints":{"allow":["GET"]}}],"collection":[{"href":"https:\/\/sklep.biomus.eu\/de\/wp-json\/wp\/v2\/product"}],"about":[{"href":"https:\/\/sklep.biomus.eu\/de\/wp-json\/wp\/v2\/types\/product"}],"replies":[{"embeddable":true,"href":"https:\/\/sklep.biomus.eu\/de\/wp-json\/wp\/v2\/comments?post=13537"}],"wp:featuredmedia":[{"embeddable":true,"href":"https:\/\/sklep.biomus.eu\/de\/wp-json\/wp\/v2\/media\/16863"}],"wp:attachment":[{"href":"https:\/\/sklep.biomus.eu\/de\/wp-json\/wp\/v2\/media?parent=13537"}],"wp:term":[{"taxonomy":"product_brand","embeddable":true,"href":"https:\/\/sklep.biomus.eu\/de\/wp-json\/wp\/v2\/product_brand?post=13537"},{"taxonomy":"product_cat","embeddable":true,"href":"https:\/\/sklep.biomus.eu\/de\/wp-json\/wp\/v2\/product_cat?post=13537"},{"taxonomy":"product_tag","embeddable":true,"href":"https:\/\/sklep.biomus.eu\/de\/wp-json\/wp\/v2\/product_tag?post=13537"}],"curies":[{"name":"wp","href":"https:\/\/api.w.org\/{rel}","templated":true}]}}