{"id":13603,"date":"2016-08-18T00:00:00","date_gmt":"2016-08-17T22:00:00","guid":{"rendered":"https:\/\/sklep.biomus.eu\/surowce-i-odczynniki-chemiczne\/alkohol-benzylowy-1l-2\/"},"modified":"2025-12-09T23:08:39","modified_gmt":"2025-12-09T22:08:39","slug":"alkohol-benzylowy-1l-2","status":"publish","type":"product","link":"https:\/\/sklep.biomus.eu\/de\/surowce-i-odczynniki-chemiczne\/alkohol-benzylowy-1l-2\/","title":{"rendered":"Benzylalkohol. Alkohol benzylowy 1L"},"content":{"rendered":"<p id=\"docs-internal-guid-9aeb231e-47f2-9f16-9cce-2d76a0c09370\" dir=\"ltr\">Benzylalkohol<\/p>\n<\/p>\n<p dir=\"ltr\">Name: Benzylalkohol<\/p>\n<p dir=\"ltr\">Synonyme: Phenylmethanol, Phenylcarbinol, Alkohol benzylicus<\/p>\n<p dir=\"ltr\">Genre: Sauber<\/p>\n<p dir=\"ltr\">Reinheit: 100%<\/p>\n<p dir=\"ltr\">Chemische Formel: C7H8O, C6H5CH2OH<\/p>\n<\/p>\n<p dir=\"ltr\">Physikalische Eigenschaften<\/p>\n<p dir=\"ltr\">Benzylalkohol ist bei Raumtemperatur eine farblose Fl\u00fcssigkeit mit charakteristischem Geruch. Sein Siedepunkt betr\u00e4gt 205,3 \u00b0 C. Es mischt sich mit Ethanol, \u00c4ther und wenig Wasser.<\/p>\n<\/p>\n<p dir=\"ltr\">Auftreten<\/p>\n<p dir=\"ltr\">Benzylalkohol kommt in Form von Estern in \u00e4therischen \u00d6len vor, beispielsweise Rose, Jasmin oder Hyazinthe.<\/p>\n<\/p>\n<p dir=\"ltr\">Die Verwendung von Benzylalkohol:<\/p>\n<p dir=\"ltr\">&#8211; gutes L\u00f6sungsmittel unter anderem f\u00fcr Celluloseester und -ether, Harze, Schwefel oder Lacke. Ist eine Komponente von D\u00fcften,<\/p>\n<p dir=\"ltr\">&#8211; in der Alkoholindustrie &#8211; Herstellung von Lik\u00f6ren, aromatisierten Weinen, Getr\u00e4nken und Cocktails auf der Basis von aromatisiertem Wein,<\/p>\n<p dir=\"ltr\">&#8211; Aromaproduktion,<\/p>\n<p dir=\"ltr\">&#8211; in der pharmazeutischen Industrie &#8211; Derivate von Benzylalkohol,<\/p>\n<p dir=\"ltr\">&#8211; Konservierungsmittel &#8211; verhindert die Entwicklung und das \u00dcberleben von Mikroorganismen w\u00e4hrend der Produktlagerung,<\/p>\n<p dir=\"ltr\">&#8211; L\u00f6sungsmittel f\u00fcr andere in Kosmetika enthaltene hydrophile Substanzen,<\/p>\n<p dir=\"ltr\">&#8211; Viskosit\u00e4tsregler; verd\u00fcnnt kosmetische Pr\u00e4parate,<\/p>\n<p dir=\"ltr\">&#8211; ein Konservierungsmittel, das von Instituten zur Zertifizierung von Naturkosmetika verwendet werden darf.<\/p>\n","protected":false},"excerpt":{"rendered":"<p>Benzylalkohol Name: Benzylalkohol Synonyme: Phenylmethanol, Phenylcarbinol, Alkohol benzylicus Genre: Sauber Reinheit: 100% Chemische Formel: C7H8O, C6H5CH2OH Physikalische Eigenschaften Benzylalkohol ist bei Raumtemperatur eine farblose Fl\u00fcssigkeit mit charakteristischem Geruch. Sein Siedepunkt betr\u00e4gt 205,3 \u00b0 C. Es mischt sich mit Ethanol, \u00c4ther und wenig Wasser. Auftreten Benzylalkohol kommt in Form von Estern in \u00e4therischen \u00d6len vor, beispielsweise [&hellip;]<\/p>\n","protected":false},"featured_media":14972,"comment_status":"open","ping_status":"closed","template":"","meta":{"inline_featured_image":false},"product_brand":[],"product_cat":[1094],"product_tag":[],"class_list":{"0":"post-13603","1":"product","2":"type-product","3":"status-publish","4":"has-post-thumbnail","6":"product_cat-benzylalkohol","8":"first","9":"instock","10":"taxable","11":"shipping-taxable","12":"purchasable","13":"product-type-simple"},"_links":{"self":[{"href":"https:\/\/sklep.biomus.eu\/de\/wp-json\/wp\/v2\/product\/13603","targetHints":{"allow":["GET"]}}],"collection":[{"href":"https:\/\/sklep.biomus.eu\/de\/wp-json\/wp\/v2\/product"}],"about":[{"href":"https:\/\/sklep.biomus.eu\/de\/wp-json\/wp\/v2\/types\/product"}],"replies":[{"embeddable":true,"href":"https:\/\/sklep.biomus.eu\/de\/wp-json\/wp\/v2\/comments?post=13603"}],"wp:featuredmedia":[{"embeddable":true,"href":"https:\/\/sklep.biomus.eu\/de\/wp-json\/wp\/v2\/media\/14972"}],"wp:attachment":[{"href":"https:\/\/sklep.biomus.eu\/de\/wp-json\/wp\/v2\/media?parent=13603"}],"wp:term":[{"taxonomy":"product_brand","embeddable":true,"href":"https:\/\/sklep.biomus.eu\/de\/wp-json\/wp\/v2\/product_brand?post=13603"},{"taxonomy":"product_cat","embeddable":true,"href":"https:\/\/sklep.biomus.eu\/de\/wp-json\/wp\/v2\/product_cat?post=13603"},{"taxonomy":"product_tag","embeddable":true,"href":"https:\/\/sklep.biomus.eu\/de\/wp-json\/wp\/v2\/product_tag?post=13603"}],"curies":[{"name":"wp","href":"https:\/\/api.w.org\/{rel}","templated":true}]}}