{"id":13628,"date":"2016-08-18T00:00:00","date_gmt":"2016-08-17T22:00:00","guid":{"rendered":"https:\/\/sklep.biomus.eu\/surowce-i-odczynniki-chemiczne\/tiosiarczan-sodu-1kg-2\/"},"modified":"2025-12-09T23:09:01","modified_gmt":"2025-12-09T22:09:01","slug":"tiosiarczan-sodu-1kg-2","status":"publish","type":"product","link":"https:\/\/sklep.biomus.eu\/de\/surowce-i-odczynniki-chemiczne\/tiosiarczan-sodu-1kg-2\/","title":{"rendered":"Natriumthiosulfat. Tiosiarczan sodu 1kg"},"content":{"rendered":"<p id=\"docs-internal-guid-6033fbac-2f44-9208-cd28-00b846368d74\" dir=\"ltr\">Natriumthiosulfat<\/p>\n<\/p>\n<p dir=\"ltr\">Name: Natriumthiosulfat<\/p>\n<p dir=\"ltr\">Synonyme: Thiosulfat = STS, Natriumthiosulfat, Antichlor<\/p>\n<p dir=\"ltr\">Genre: Sauber<\/p>\n<p dir=\"ltr\">Reinheit: Pure ohne Beimischungen<\/p>\n<p dir=\"ltr\">Chemische Formel: Na2S2O3 \u00b7 5H2O<\/p>\n<\/p>\n<p dir=\"ltr\">Natriumthiosulfat (oder Thiosulfat = STS) ist ein Antioxidans, Fungizid und Chelator von Schwermetallen. Es wird bei der Vergiftung mit Cyanid und anderen toxischen Substanzen verwendet. In geeigneten Mengen l\u00f6st es die Verkalkung von Weichteilen und entfernt \u00fcbersch\u00fcssiges Kalzium.<\/p>\n<\/p>\n<p dir=\"ltr\">bilden stabile Komplexe mit Silberionen und damit nach der Induktion der unbelichteten Silberbromid wird von der Platte entfernt &#8211; in der herk\u00f6mmlichen Fotografie Natriumthiosulfat als Fixiermittel verwendet. Es wird auch h\u00e4ufig in der chemischen Analyse (Iodometrie), Analytik in effektiven Experimenten verwendet. Es ist eines der Gegenmittel f\u00fcr Kaliumcyanid.<\/p>\n<\/p>\n<p dir=\"ltr\">Natriumthiosulfat ist ein wei\u00dfer, geruchloser und kristalliner Feststoff (Pentahydrat).<\/p>\n<p dir=\"ltr\">Chemische Formel: Na2S2O3 * 5H2O<\/p>\n<p dir=\"ltr\">Schmelzpunkt: 48,5 \u00b0 C<\/p>\n<\/p>\n<p dir=\"ltr\">Natriumthiosulfat wird bei der Neutralisation von Chlor- und Jodl\u00f6sungen in Wasserreservoirs, Aquarien und Teichen verwendet. Chlor ist ein toxisches Element und sein \u00dcberschuss kann sch\u00e4dlich f\u00fcr Fische und Schalentiere sein.<\/p>\n<\/p>\n<p dir=\"ltr\">W\u00dfrigem Natriumthiosulfat (Na2S2O3 x 5H2O) bei 48 \u00b0 C schmilzt ein \u201eKristallwasser\u201c zu bilden, und Schmelzen treten in eine unterk\u00fchlte Fl\u00fcssigkeit. Durch das Einwerfen eines Natriumthiosulfatkristalls oder durch einen pl\u00f6tzlichen Impuls (Schlag) kristallisiert unter W\u00e4rmefreisetzung (bei ca. 45 \u00b0 C). Dieses Ph\u00e4nomen ist in chemischen Heizger\u00e4ten anwendbar.<\/p>\n<\/p>\n<p dir=\"ltr\">Natriumthiosulfat wird auch f\u00fcr Pilzinfektionen verwendet. Es wird dem Wasser in Duschwannen, Badewannen und Duschkabinen hinzugef\u00fcgt, um Ringelflechte loszuwerden. Natriumthiosulfat wird oft mit Salicyls\u00e4ure in Pr\u00e4paraten kombiniert, die zur Behandlung von wilden Schuppen bestimmt sind.<\/p>\n","protected":false},"excerpt":{"rendered":"<p>Natriumthiosulfat Name: Natriumthiosulfat Synonyme: Thiosulfat = STS, Natriumthiosulfat, Antichlor Genre: Sauber Reinheit: Pure ohne Beimischungen Chemische Formel: Na2S2O3 \u00b7 5H2O Natriumthiosulfat (oder Thiosulfat = STS) ist ein Antioxidans, Fungizid und Chelator von Schwermetallen. Es wird bei der Vergiftung mit Cyanid und anderen toxischen Substanzen verwendet. In geeigneten Mengen l\u00f6st es die Verkalkung von Weichteilen und [&hellip;]<\/p>\n","protected":false},"featured_media":13624,"comment_status":"open","ping_status":"closed","template":"","meta":{"inline_featured_image":false},"product_brand":[],"product_cat":[1549],"product_tag":[],"class_list":{"0":"post-13628","1":"product","2":"type-product","3":"status-publish","4":"has-post-thumbnail","6":"product_cat-natriumthiosulfat","8":"first","9":"instock","10":"taxable","11":"shipping-taxable","12":"purchasable","13":"product-type-simple"},"_links":{"self":[{"href":"https:\/\/sklep.biomus.eu\/de\/wp-json\/wp\/v2\/product\/13628","targetHints":{"allow":["GET"]}}],"collection":[{"href":"https:\/\/sklep.biomus.eu\/de\/wp-json\/wp\/v2\/product"}],"about":[{"href":"https:\/\/sklep.biomus.eu\/de\/wp-json\/wp\/v2\/types\/product"}],"replies":[{"embeddable":true,"href":"https:\/\/sklep.biomus.eu\/de\/wp-json\/wp\/v2\/comments?post=13628"}],"wp:featuredmedia":[{"embeddable":true,"href":"https:\/\/sklep.biomus.eu\/de\/wp-json\/wp\/v2\/media\/13624"}],"wp:attachment":[{"href":"https:\/\/sklep.biomus.eu\/de\/wp-json\/wp\/v2\/media?parent=13628"}],"wp:term":[{"taxonomy":"product_brand","embeddable":true,"href":"https:\/\/sklep.biomus.eu\/de\/wp-json\/wp\/v2\/product_brand?post=13628"},{"taxonomy":"product_cat","embeddable":true,"href":"https:\/\/sklep.biomus.eu\/de\/wp-json\/wp\/v2\/product_cat?post=13628"},{"taxonomy":"product_tag","embeddable":true,"href":"https:\/\/sklep.biomus.eu\/de\/wp-json\/wp\/v2\/product_tag?post=13628"}],"curies":[{"name":"wp","href":"https:\/\/api.w.org\/{rel}","templated":true}]}}