{"id":13948,"date":"2015-09-01T00:00:00","date_gmt":"2015-08-31T22:00:00","guid":{"rendered":"https:\/\/sklep.biomus.eu\/surowce-i-odczynniki-chemiczne\/siarczan-cynku-1kg-2\/"},"modified":"2025-12-09T23:13:11","modified_gmt":"2025-12-09T22:13:11","slug":"siarczan-cynku-1kg-2","status":"publish","type":"product","link":"https:\/\/sklep.biomus.eu\/de\/surowce-i-odczynniki-chemiczne\/siarczan-cynku-1kg-2\/","title":{"rendered":"Zinksulfat. Siarczan cynku 1kg"},"content":{"rendered":"<p id=\"docs-internal-guid-09ed92ac-29c7-4622-0ab1-0bfd9ff11f1e\" dir=\"ltr\">Zinksulfat<\/p>\n<p dir=\"ltr\">Art: rein, unverf\u00e4lscht<\/p>\n<\/p>\n<p dir=\"ltr\">Spezifikation<\/p>\n<p dir=\"ltr\">Name: Zinksulfat<\/p>\n<p dir=\"ltr\">Synonyme: Zinksulfat-Heptahydrat, Zinksulfat<\/p>\n<p dir=\"ltr\">Genre: Sauber<\/p>\n<p dir=\"ltr\">Reinheit: Rein, unangepasst, 99,5% min<\/p>\n<p dir=\"ltr\">Chemische Formel: ZnSO4 \u00b7 7H2O<\/p>\n<\/p>\n<p dir=\"ltr\">Was ist Zinksulfat?<\/p>\n<p dir=\"ltr\">Zinksulfat, ZnSO4 ist eine anorganische chemische Verbindung &#8211; ein Salz aus Schwefels\u00e4ure und Zink. Es hat die Form von wei\u00dfen, geruchlosen Kristallen, die sich leicht in Wasser l\u00f6sen. Es ist eine der wichtigsten Zinkverbindungen, die beispielsweise in Form einer Elektrolytkomponente bei der elektrolytischen Verzinkung weit verbreitet ist.<\/p>\n<\/p>\n<p dir=\"ltr\">Die Zinksulfatl\u00f6sung ist das wichtigste Zwischenprodukt im Zinkherstellungsprozess unter Verwendung der hydroelektrisch metallurgischen Methode.<\/p>\n<\/p>\n<p dir=\"ltr\">Zinksulfat kann durch Umsetzen von Schwefels\u00e4ure mit metallischem Zink, seinem Oxid oder Salzen fl\u00fcchtiger S\u00e4uren erhalten werden. Meistens liegt es in Form des ZnSO4-Salzes \u2022 7H2O vor.<\/p>\n","protected":false},"excerpt":{"rendered":"<p>Zinksulfat Art: rein, unverf\u00e4lscht Spezifikation Name: Zinksulfat Synonyme: Zinksulfat-Heptahydrat, Zinksulfat Genre: Sauber Reinheit: Rein, unangepasst, 99,5% min Chemische Formel: ZnSO4 \u00b7 7H2O Was ist Zinksulfat? Zinksulfat, ZnSO4 ist eine anorganische chemische Verbindung &#8211; ein Salz aus Schwefels\u00e4ure und Zink. Es hat die Form von wei\u00dfen, geruchlosen Kristallen, die sich leicht in Wasser l\u00f6sen. Es ist [&hellip;]<\/p>\n","protected":false},"featured_media":13944,"comment_status":"open","ping_status":"closed","template":"","meta":{"inline_featured_image":false},"product_brand":[],"product_cat":[1578],"product_tag":[],"class_list":{"0":"post-13948","1":"product","2":"type-product","3":"status-publish","4":"has-post-thumbnail","6":"product_cat-zinksulfat","8":"first","9":"instock","10":"taxable","11":"shipping-taxable","12":"purchasable","13":"product-type-simple"},"_links":{"self":[{"href":"https:\/\/sklep.biomus.eu\/de\/wp-json\/wp\/v2\/product\/13948","targetHints":{"allow":["GET"]}}],"collection":[{"href":"https:\/\/sklep.biomus.eu\/de\/wp-json\/wp\/v2\/product"}],"about":[{"href":"https:\/\/sklep.biomus.eu\/de\/wp-json\/wp\/v2\/types\/product"}],"replies":[{"embeddable":true,"href":"https:\/\/sklep.biomus.eu\/de\/wp-json\/wp\/v2\/comments?post=13948"}],"wp:featuredmedia":[{"embeddable":true,"href":"https:\/\/sklep.biomus.eu\/de\/wp-json\/wp\/v2\/media\/13944"}],"wp:attachment":[{"href":"https:\/\/sklep.biomus.eu\/de\/wp-json\/wp\/v2\/media?parent=13948"}],"wp:term":[{"taxonomy":"product_brand","embeddable":true,"href":"https:\/\/sklep.biomus.eu\/de\/wp-json\/wp\/v2\/product_brand?post=13948"},{"taxonomy":"product_cat","embeddable":true,"href":"https:\/\/sklep.biomus.eu\/de\/wp-json\/wp\/v2\/product_cat?post=13948"},{"taxonomy":"product_tag","embeddable":true,"href":"https:\/\/sklep.biomus.eu\/de\/wp-json\/wp\/v2\/product_tag?post=13948"}],"curies":[{"name":"wp","href":"https:\/\/api.w.org\/{rel}","templated":true}]}}