{"id":14062,"date":"2015-09-01T00:00:00","date_gmt":"2015-08-31T22:00:00","guid":{"rendered":"https:\/\/sklep.biomus.eu\/surowce-i-odczynniki-chemiczne\/nadweglan-sodu-1kg-2\/"},"modified":"2025-12-09T23:14:48","modified_gmt":"2025-12-09T22:14:48","slug":"nadweglan-sodu-1kg-2","status":"publish","type":"product","link":"https:\/\/sklep.biomus.eu\/de\/surowce-i-odczynniki-chemiczne\/nadweglan-sodu-1kg-2\/","title":{"rendered":"Natriumpercarbonat. Nadw\u0119glan sodu 1kg"},"content":{"rendered":"<p id=\"docs-internal-guid-d3713cb0-2969-bbb4-878f-11794a9ddda4\" dir=\"ltr\">Natriumpercarbonat<\/p>\n<\/p>\n<p dir=\"ltr\">Art: sauber<\/p>\n<\/p>\n<p dir=\"ltr\">Spezifikation<\/p>\n<p dir=\"ltr\">Name: Natriumpercarbonat<\/p>\n<p dir=\"ltr\">Synonyme: Natriumpercarbonat, Sauerstoffbleiche, Dinatriumcarbonat, Verbindung mit Wasserstoffperoxid (2: 3)<\/p>\n<p dir=\"ltr\">Genre: Sauber<\/p>\n<p dir=\"ltr\">Sauberkeit: Sauber<\/p>\n<p dir=\"ltr\">Chemische Formel: Na2CO3 x 1,5H2O2<\/p>\n<\/p>\n<p dir=\"ltr\">Anwendung<\/p>\n<p dir=\"ltr\">Natriumpercarbonat hat stark oxidierende Eigenschaften. Reaktionen in Wasser &#8211; hergestellt durch den Abbau von Wasserstoffperoxid (Sauerstoff, Wasser und Natriumcarbonat), was zu einer Reinigungswirkung und Bleaching (geeignet zum Reinigen und Waschen).<\/p>\n<p dir=\"ltr\">Diese chemische Reaktion wird von fast allen Herstellern von Waschpulvern, Reinigern und Geschirrsp\u00fclmitteln eingesetzt.<\/p>\n<\/p>\n<p dir=\"ltr\">W\u00e4sche<\/p>\n<p dir=\"ltr\">Zwei Essl\u00f6ffel Natriumpercarbonat sollten zum Waschen hinzugef\u00fcgt werden. Auf diese Weise k\u00f6nnen Sie wei\u00dfe und helle Stoffe vor Vergilbung und Vergrauen sch\u00fctzen.<\/p>\n<p dir=\"ltr\">Natriumpercarbonat l\u00f6st perfekt schwierige Ablagerungen und Flecken, beispielsweise von Kaffee, Tee, Wein und Gem\u00fcse. bei einer Temperatur von mindestens 40 \u00b0 C gewaschen wurde, vor dem Waschen oder Stoff einweichen f\u00fcr mehrere Stunden in einer L\u00f6sung von einem paar Essl\u00f6ffel Natriumpercarbonat in 3-5 l hei\u00dfem Wasser, um das beste Ergebnis zu erzielen sollte.<\/p>\n<p dir=\"ltr\">Achtung! Natriumpercarbonat hellt die Farben auf &#8211; eignet sich f\u00fcr Stoffe, die ihre Farbe nicht verlieren. Verwenden Sie es nicht zum Waschen von Seide und Wolle.<\/p>\n<\/p>\n<p dir=\"ltr\">Oberfl\u00e4chenreinigung<\/p>\n<p dir=\"ltr\">Natriumpercarbonat ist gut f\u00fcr die Reinigung von Flecken und Schmutz von vielen Oberfl\u00e4chen. Seine L\u00f6sung (1 Essl\u00f6ffel f\u00fcr 1 Liter warmes Wasser) kann zum Reinigen von Gardinen, wei\u00dfen Kleidern, Teppichen und Vorh\u00e4ngen verwendet werden.<\/p>\n","protected":false},"excerpt":{"rendered":"<p>Natriumpercarbonat Art: sauber Spezifikation Name: Natriumpercarbonat Synonyme: Natriumpercarbonat, Sauerstoffbleiche, Dinatriumcarbonat, Verbindung mit Wasserstoffperoxid (2: 3) Genre: Sauber Sauberkeit: Sauber Chemische Formel: Na2CO3 x 1,5H2O2 Anwendung Natriumpercarbonat hat stark oxidierende Eigenschaften. Reaktionen in Wasser &#8211; hergestellt durch den Abbau von Wasserstoffperoxid (Sauerstoff, Wasser und Natriumcarbonat), was zu einer Reinigungswirkung und Bleaching (geeignet zum Reinigen und Waschen). [&hellip;]<\/p>\n","protected":false},"featured_media":14058,"comment_status":"open","ping_status":"closed","template":"","meta":{"inline_featured_image":false},"product_brand":[],"product_cat":[1592],"product_tag":[],"class_list":{"0":"post-14062","1":"product","2":"type-product","3":"status-publish","4":"has-post-thumbnail","6":"product_cat-natriumpercarbonat","8":"first","9":"instock","10":"taxable","11":"shipping-taxable","12":"purchasable","13":"product-type-simple"},"_links":{"self":[{"href":"https:\/\/sklep.biomus.eu\/de\/wp-json\/wp\/v2\/product\/14062","targetHints":{"allow":["GET"]}}],"collection":[{"href":"https:\/\/sklep.biomus.eu\/de\/wp-json\/wp\/v2\/product"}],"about":[{"href":"https:\/\/sklep.biomus.eu\/de\/wp-json\/wp\/v2\/types\/product"}],"replies":[{"embeddable":true,"href":"https:\/\/sklep.biomus.eu\/de\/wp-json\/wp\/v2\/comments?post=14062"}],"wp:featuredmedia":[{"embeddable":true,"href":"https:\/\/sklep.biomus.eu\/de\/wp-json\/wp\/v2\/media\/14058"}],"wp:attachment":[{"href":"https:\/\/sklep.biomus.eu\/de\/wp-json\/wp\/v2\/media?parent=14062"}],"wp:term":[{"taxonomy":"product_brand","embeddable":true,"href":"https:\/\/sklep.biomus.eu\/de\/wp-json\/wp\/v2\/product_brand?post=14062"},{"taxonomy":"product_cat","embeddable":true,"href":"https:\/\/sklep.biomus.eu\/de\/wp-json\/wp\/v2\/product_cat?post=14062"},{"taxonomy":"product_tag","embeddable":true,"href":"https:\/\/sklep.biomus.eu\/de\/wp-json\/wp\/v2\/product_tag?post=14062"}],"curies":[{"name":"wp","href":"https:\/\/api.w.org\/{rel}","templated":true}]}}