{"id":14082,"date":"2015-09-01T00:00:00","date_gmt":"2015-08-31T22:00:00","guid":{"rendered":"https:\/\/sklep.biomus.eu\/surowce-i-odczynniki-chemiczne\/nadmanganian-potasu-1kg-2\/"},"modified":"2025-12-09T23:15:09","modified_gmt":"2025-12-09T22:15:09","slug":"nadmanganian-potasu-1kg-2","status":"publish","type":"product","link":"https:\/\/sklep.biomus.eu\/de\/surowce-i-odczynniki-chemiczne\/nadmanganian-potasu-1kg-2\/","title":{"rendered":"Kaliumpermanganat. Nadmanganian potasu 1kg"},"content":{"rendered":"<p id=\"docs-internal-guid-afafa8fe-2951-f610-fd6d-094ac0f21037\" dir=\"ltr\">Kaliumpermanganat<\/p>\n<\/p>\n<p dir=\"ltr\">Es wird in Form eines Oxidationsmittels in verschiedenen chemischen Reaktionen (insbesondere in der organischen Chemie) verwendet. Seine Mischung mit mischbar mit Glycerin, das um wykorzysztuje ein Feuer in rauen Umgebungen zu starten (z. B. ein Handheld-Sets von Dienstleistungen).<\/p>\n<\/p>\n<p dir=\"ltr\">Kaliumpermanganat hat starke bakterizide und fungizide Eigenschaften. Pellets dieser Verbindung werden h\u00e4ufig unter anderem zur Desinfektion von Waschwasser (z. B. zum Baden von Neugeborenen) verwendet. Diese Substanz ist ein Wirkstoff in Salben zur Dekontamination des Rachens und in Wunddesinfektionsmitteln. Die verd\u00fcnnte L\u00f6sung wird verwendet, um den Mund zu sp\u00fclen.<\/p>\n<\/p>\n<p dir=\"ltr\">Kaliumpermanganat wird bei der Sauerstoffherstellung durch Reaktion mit Wasserstoffperoxid oder w\u00e4hrend seiner starken Erhitzung verwendet. Es kann auch verwendet werden, um Chlor in Reaktion mit Salzs\u00e4ure zu erhalten.<\/p>\n<\/p>\n<p dir=\"ltr\">Art: rein technisch<\/p>\n<\/p>\n<p dir=\"ltr\">Spezifikation<\/p>\n<p dir=\"ltr\">Name: Kaliumpermanganat<\/p>\n<p dir=\"ltr\">Synonyme: kalium hypermanganicum, kalia<\/p>\n<p dir=\"ltr\">Art: Rein technisch<\/p>\n<p dir=\"ltr\">Reinheit: Rein 99,5%<\/p>\n<p dir=\"ltr\">Chemische Formel: KMnO4<\/p>\n","protected":false},"excerpt":{"rendered":"<p>Kaliumpermanganat Es wird in Form eines Oxidationsmittels in verschiedenen chemischen Reaktionen (insbesondere in der organischen Chemie) verwendet. Seine Mischung mit mischbar mit Glycerin, das um wykorzysztuje ein Feuer in rauen Umgebungen zu starten (z. B. ein Handheld-Sets von Dienstleistungen). Kaliumpermanganat hat starke bakterizide und fungizide Eigenschaften. Pellets dieser Verbindung werden h\u00e4ufig unter anderem zur Desinfektion [&hellip;]<\/p>\n","protected":false},"featured_media":14078,"comment_status":"open","ping_status":"closed","template":"","meta":{"inline_featured_image":false},"product_brand":[],"product_cat":[1428],"product_tag":[],"class_list":{"0":"post-14082","1":"product","2":"type-product","3":"status-publish","4":"has-post-thumbnail","6":"product_cat-kaliumpermanganat","8":"first","9":"instock","10":"taxable","11":"shipping-taxable","12":"purchasable","13":"product-type-simple"},"_links":{"self":[{"href":"https:\/\/sklep.biomus.eu\/de\/wp-json\/wp\/v2\/product\/14082","targetHints":{"allow":["GET"]}}],"collection":[{"href":"https:\/\/sklep.biomus.eu\/de\/wp-json\/wp\/v2\/product"}],"about":[{"href":"https:\/\/sklep.biomus.eu\/de\/wp-json\/wp\/v2\/types\/product"}],"replies":[{"embeddable":true,"href":"https:\/\/sklep.biomus.eu\/de\/wp-json\/wp\/v2\/comments?post=14082"}],"wp:featuredmedia":[{"embeddable":true,"href":"https:\/\/sklep.biomus.eu\/de\/wp-json\/wp\/v2\/media\/14078"}],"wp:attachment":[{"href":"https:\/\/sklep.biomus.eu\/de\/wp-json\/wp\/v2\/media?parent=14082"}],"wp:term":[{"taxonomy":"product_brand","embeddable":true,"href":"https:\/\/sklep.biomus.eu\/de\/wp-json\/wp\/v2\/product_brand?post=14082"},{"taxonomy":"product_cat","embeddable":true,"href":"https:\/\/sklep.biomus.eu\/de\/wp-json\/wp\/v2\/product_cat?post=14082"},{"taxonomy":"product_tag","embeddable":true,"href":"https:\/\/sklep.biomus.eu\/de\/wp-json\/wp\/v2\/product_tag?post=14082"}],"curies":[{"name":"wp","href":"https:\/\/api.w.org\/{rel}","templated":true}]}}