{"id":14328,"date":"2015-09-01T00:00:00","date_gmt":"2015-08-31T22:00:00","guid":{"rendered":"https:\/\/sklep.biomus.eu\/surowce-i-odczynniki-chemiczne\/kalafonia-sosnowa-1kg-2\/"},"modified":"2025-12-09T23:18:14","modified_gmt":"2025-12-09T22:18:14","slug":"kalafonia-sosnowa-1kg-2","status":"publish","type":"product","link":"https:\/\/sklep.biomus.eu\/de\/surowce-i-odczynniki-chemiczne\/kalafonia-sosnowa-1kg-2\/","title":{"rendered":"Kiefernkolonie. Kalafonia sosnowa 1kg"},"content":{"rendered":"<p id=\"docs-internal-guid-a9786a7e-252b-5332-aa36-9be5131b4d79\" dir=\"ltr\">Kiefernkolonie. Nuggets<\/p>\n<\/p>\n<p dir=\"ltr\">Name: Kiefernkolonie.<\/p>\n<p dir=\"ltr\">Synonyme: Kolophonium<\/p>\n<p dir=\"ltr\">Art: Nat\u00fcrlich<\/p>\n<p dir=\"ltr\">Kiefernkolonie<\/p>\n<\/p>\n<p dir=\"ltr\">Rosin (Gr. \u201eKolophonia\u201c aus dem Namen der Gruppe ionischer colophon) aus weichem Harz aus nat\u00fcrlichem Ursprung &#8211; den Rest nach Terpentin aus Nadel Harz (haupts\u00e4chlich pine) Destillieren. Es ist eine br\u00fcchige Substanz, sehr spr\u00f6de, glasig, halbtransparent, mit einer gelben, dunkelroten oder dunkelbraunen Farbe.<\/p>\n<\/p>\n<p dir=\"ltr\">Kolophonium hat einen charakteristischen harzigen Duft. Es ist schmelzbar und brennbar. L\u00f6slich in den meisten organischen L\u00f6sungsmitteln, einschlie\u00dflich Aceton, Amylalkohol, Butylether und Methyl, Benzin, \u00c4ther, Xylol, Toluol, Tetrachlorkohlenstoff und Terpentin\u00f6l, aber l\u00f6st sich nicht in Wasser. Kolophonium verseift hei\u00dfe Basenl\u00f6sungen.<\/p>\n<\/p>\n<p dir=\"ltr\">Anwendung<\/p>\n<\/p>\n<p dir=\"ltr\">&#8211; in der Apothekenrezeptur &#8211; eine Heilkomponente,<\/p>\n<p dir=\"ltr\">&#8211; Flussmittel beim L\u00f6ten mit Blei-Zinn-Legierung,<\/p>\n<p dir=\"ltr\">&#8211; Reiben der Borsten der Saiten in Saiteninstrumenten, um die Rauheit der Borsten und deren Griffigkeit zu Saiten zu erh\u00f6hen,<\/p>\n<p dir=\"ltr\">&#8211; fr\u00fcher von Handballern verwendet, um die Hand zu schmieren, um den Griff des Balls zu verbessern,<\/p>\n<p dir=\"ltr\">&#8211; Bindemittel in polygraphischen Farben, die die verschmierten Eigenschaften der Farbe verbessern,<\/p>\n<p dir=\"ltr\">&#8211; ein Bestandteil von Lacken, Lacken, Seifen, Siegellacken, Kunststoffen, Gummi,<\/p>\n<p dir=\"ltr\">&#8211; von T\u00e4nzern verwendet, um hohe Haftung von Ballettschuhen oder anderen Schuhen auf dem Boden zu erzielen,<\/p>\n<p dir=\"ltr\">&#8211; in Alkohol gel\u00f6st &#8211; als Lack zum Schutz vor Oxidation und zur Erleichterung des L\u00f6tens von Leiterplatten, die nach der Home-Methode hergestellt wurden.<\/p>\n<\/p>\n<p dir=\"ltr\">Achtung!<\/p>\n<p dir=\"ltr\">Kolophonium wird in Klumpen verkauft, wegen der Zerbrechlichkeit des Materials kann die Packung jedoch 5-10% Kolophoniumpulver oder kleinere Teilchen enthalten.<\/p>\n","protected":false},"excerpt":{"rendered":"<p>Kiefernkolonie. Nuggets Name: Kiefernkolonie. Synonyme: Kolophonium Art: Nat\u00fcrlich Kiefernkolonie Rosin (Gr. \u201eKolophonia\u201c aus dem Namen der Gruppe ionischer colophon) aus weichem Harz aus nat\u00fcrlichem Ursprung &#8211; den Rest nach Terpentin aus Nadel Harz (haupts\u00e4chlich pine) Destillieren. Es ist eine br\u00fcchige Substanz, sehr spr\u00f6de, glasig, halbtransparent, mit einer gelben, dunkelroten oder dunkelbraunen Farbe. Kolophonium hat einen [&hellip;]<\/p>\n","protected":false},"featured_media":17589,"comment_status":"open","ping_status":"closed","template":"","meta":{"inline_featured_image":false},"product_brand":[],"product_cat":[1363],"product_tag":[],"class_list":{"0":"post-14328","1":"product","2":"type-product","3":"status-publish","4":"has-post-thumbnail","6":"product_cat-kiefernkolonie-nuggets","8":"first","9":"instock","10":"taxable","11":"shipping-taxable","12":"purchasable","13":"product-type-simple"},"_links":{"self":[{"href":"https:\/\/sklep.biomus.eu\/de\/wp-json\/wp\/v2\/product\/14328","targetHints":{"allow":["GET"]}}],"collection":[{"href":"https:\/\/sklep.biomus.eu\/de\/wp-json\/wp\/v2\/product"}],"about":[{"href":"https:\/\/sklep.biomus.eu\/de\/wp-json\/wp\/v2\/types\/product"}],"replies":[{"embeddable":true,"href":"https:\/\/sklep.biomus.eu\/de\/wp-json\/wp\/v2\/comments?post=14328"}],"wp:featuredmedia":[{"embeddable":true,"href":"https:\/\/sklep.biomus.eu\/de\/wp-json\/wp\/v2\/media\/17589"}],"wp:attachment":[{"href":"https:\/\/sklep.biomus.eu\/de\/wp-json\/wp\/v2\/media?parent=14328"}],"wp:term":[{"taxonomy":"product_brand","embeddable":true,"href":"https:\/\/sklep.biomus.eu\/de\/wp-json\/wp\/v2\/product_brand?post=14328"},{"taxonomy":"product_cat","embeddable":true,"href":"https:\/\/sklep.biomus.eu\/de\/wp-json\/wp\/v2\/product_cat?post=14328"},{"taxonomy":"product_tag","embeddable":true,"href":"https:\/\/sklep.biomus.eu\/de\/wp-json\/wp\/v2\/product_tag?post=14328"}],"curies":[{"name":"wp","href":"https:\/\/api.w.org\/{rel}","templated":true}]}}