{"id":14425,"date":"2015-09-01T00:00:00","date_gmt":"2015-08-31T22:00:00","guid":{"rendered":"https:\/\/sklep.biomus.eu\/surowce-i-odczynniki-chemiczne\/fruktoza-1kg-2\/"},"modified":"2025-12-09T23:19:30","modified_gmt":"2025-12-09T22:19:30","slug":"fruktoza-1kg-2","status":"publish","type":"product","link":"https:\/\/sklep.biomus.eu\/de\/surowce-i-odczynniki-chemiczne\/fruktoza-1kg-2\/","title":{"rendered":"Fruktose. Fruktoza 1kg"},"content":{"rendered":"<p id=\"docs-internal-guid-d4840231-24d4-9849-0644-ec3b093182c1\" dir=\"ltr\">Fructose (Kristallfructose)<\/p>\n<p dir=\"ltr\">Name: Kristallfructose<\/p>\n<p dir=\"ltr\">Synonyme: Fruchtzucker, Fruktose<\/p>\n<p dir=\"ltr\">Art: Reiner NICHTS GMO (non-GMO)<\/p>\n<p dir=\"ltr\">Sauberkeit: Pure 100%<\/p>\n<p dir=\"ltr\">Chemische Formel: C6H12O6<\/p>\n<\/p>\n<p dir=\"ltr\">Auftreten<\/p>\n<p dir=\"ltr\">Fructose geh\u00f6rt zur Gruppe der Einfachzucker. Es kommt nat\u00fcrlich in verschiedenen Produkten vor, besonders in Fr\u00fcchten &#8211; dank ihm sind sie s\u00fc\u00df.<\/p>\n<p dir=\"ltr\">Fruktose ist eine Erg\u00e4nzung zu vielen Produkten.<\/p>\n<p dir=\"ltr\">Aufgrund des niedrigen glyk\u00e4mischen Index wird es als alternativer S\u00fc\u00dfstoff empfohlen.<\/p>\n","protected":false},"excerpt":{"rendered":"<p>Fructose (Kristallfructose) Name: Kristallfructose Synonyme: Fruchtzucker, Fruktose Art: Reiner NICHTS GMO (non-GMO) Sauberkeit: Pure 100% Chemische Formel: C6H12O6 Auftreten Fructose geh\u00f6rt zur Gruppe der Einfachzucker. Es kommt nat\u00fcrlich in verschiedenen Produkten vor, besonders in Fr\u00fcchten &#8211; dank ihm sind sie s\u00fc\u00df. Fruktose ist eine Erg\u00e4nzung zu vielen Produkten. Aufgrund des niedrigen glyk\u00e4mischen Index wird es [&hellip;]<\/p>\n","protected":false},"featured_media":14421,"comment_status":"open","ping_status":"closed","template":"","meta":{"inline_featured_image":false},"product_brand":[],"product_cat":[1609],"product_tag":[],"class_list":{"0":"post-14425","1":"product","2":"type-product","3":"status-publish","4":"has-post-thumbnail","6":"product_cat-fructose-kristallfructose","8":"first","9":"instock","10":"taxable","11":"shipping-taxable","12":"purchasable","13":"product-type-simple"},"_links":{"self":[{"href":"https:\/\/sklep.biomus.eu\/de\/wp-json\/wp\/v2\/product\/14425","targetHints":{"allow":["GET"]}}],"collection":[{"href":"https:\/\/sklep.biomus.eu\/de\/wp-json\/wp\/v2\/product"}],"about":[{"href":"https:\/\/sklep.biomus.eu\/de\/wp-json\/wp\/v2\/types\/product"}],"replies":[{"embeddable":true,"href":"https:\/\/sklep.biomus.eu\/de\/wp-json\/wp\/v2\/comments?post=14425"}],"wp:featuredmedia":[{"embeddable":true,"href":"https:\/\/sklep.biomus.eu\/de\/wp-json\/wp\/v2\/media\/14421"}],"wp:attachment":[{"href":"https:\/\/sklep.biomus.eu\/de\/wp-json\/wp\/v2\/media?parent=14425"}],"wp:term":[{"taxonomy":"product_brand","embeddable":true,"href":"https:\/\/sklep.biomus.eu\/de\/wp-json\/wp\/v2\/product_brand?post=14425"},{"taxonomy":"product_cat","embeddable":true,"href":"https:\/\/sklep.biomus.eu\/de\/wp-json\/wp\/v2\/product_cat?post=14425"},{"taxonomy":"product_tag","embeddable":true,"href":"https:\/\/sklep.biomus.eu\/de\/wp-json\/wp\/v2\/product_tag?post=14425"}],"curies":[{"name":"wp","href":"https:\/\/api.w.org\/{rel}","templated":true}]}}