{"id":14461,"date":"2015-09-01T00:00:00","date_gmt":"2015-08-31T22:00:00","guid":{"rendered":"https:\/\/sklep.biomus.eu\/surowce-i-odczynniki-chemiczne\/esencja-octowa-kwas-octowy-80-1l-2\/"},"modified":"2025-12-09T23:19:55","modified_gmt":"2025-12-09T22:19:55","slug":"esencja-octowa-kwas-octowy-80-1l-2","status":"publish","type":"product","link":"https:\/\/sklep.biomus.eu\/de\/surowce-i-odczynniki-chemiczne\/esencja-octowa-kwas-octowy-80-1l-2\/","title":{"rendered":"Essenz von Essigs\u00e4ure. Essigs\u00e4ure. Esencja octowa. Kwas octowy 1L"},"content":{"rendered":"<p id=\"docs-internal-guid-bfc6423c-43a4-ac6e-c84f-1c8920e3aacf\" dir=\"ltr\">Essigs\u00e4ure 80%. Essenz von Essigs\u00e4ure. Ethans\u00e4ure.<\/p>\n<\/p>\n<p dir=\"ltr\">Anwendung von Essigs\u00e4ure:<\/p>\n<p dir=\"ltr\">&#8211; organische Synthese,<\/p>\n<p dir=\"ltr\">&#8211; Herstellung von Kunstseide,<\/p>\n<p dir=\"ltr\">&#8211; Herstellung von Arzneimitteln (Aspirin),<\/p>\n<p dir=\"ltr\">&#8211; Herstellung von nicht brennbarem Folienband,<\/p>\n<p dir=\"ltr\">&#8211; Herstellung von Essigessenzen, Chloressigs\u00e4ure, Acetaten, Carboxymethylcellulose, Celluloseacetat,<\/p>\n<p dir=\"ltr\">&#8211; in der Heiztechnik &#8211; Kesselsteinentfernung,<\/p>\n<p dir=\"ltr\">&#8211; Bestandteil von Pufferl\u00f6sungen (in Form von einigen Prozent L\u00f6sung),<\/p>\n<p dir=\"ltr\">&#8211; L\u00f6sungsmittel bei der Raffination von Terephthals\u00e4ure, die f\u00fcr die gro\u00dfvolumige Herstellung von Polyethylenterephthalat (PET-Flaschen) verwendet wird,<\/p>\n<p dir=\"ltr\">&#8211; Konservierungsmittel<\/p>\n","protected":false},"excerpt":{"rendered":"<p>Essigs\u00e4ure 80%. Essenz von Essigs\u00e4ure. Ethans\u00e4ure. Anwendung von Essigs\u00e4ure: &#8211; organische Synthese, &#8211; Herstellung von Kunstseide, &#8211; Herstellung von Arzneimitteln (Aspirin), &#8211; Herstellung von nicht brennbarem Folienband, &#8211; Herstellung von Essigessenzen, Chloressigs\u00e4ure, Acetaten, Carboxymethylcellulose, Celluloseacetat, &#8211; in der Heiztechnik &#8211; Kesselsteinentfernung, &#8211; Bestandteil von Pufferl\u00f6sungen (in Form von einigen Prozent L\u00f6sung), &#8211; L\u00f6sungsmittel bei der [&hellip;]<\/p>\n","protected":false},"featured_media":15216,"comment_status":"open","ping_status":"closed","template":"","meta":{"inline_featured_image":false},"product_brand":[],"product_cat":[1055],"product_tag":[],"class_list":{"0":"post-14461","1":"product","2":"type-product","3":"status-publish","4":"has-post-thumbnail","6":"product_cat-essigsaure-80-essenz-von-essigsaure-ethansaure","8":"first","9":"instock","10":"taxable","11":"shipping-taxable","12":"purchasable","13":"product-type-simple"},"_links":{"self":[{"href":"https:\/\/sklep.biomus.eu\/de\/wp-json\/wp\/v2\/product\/14461","targetHints":{"allow":["GET"]}}],"collection":[{"href":"https:\/\/sklep.biomus.eu\/de\/wp-json\/wp\/v2\/product"}],"about":[{"href":"https:\/\/sklep.biomus.eu\/de\/wp-json\/wp\/v2\/types\/product"}],"replies":[{"embeddable":true,"href":"https:\/\/sklep.biomus.eu\/de\/wp-json\/wp\/v2\/comments?post=14461"}],"wp:featuredmedia":[{"embeddable":true,"href":"https:\/\/sklep.biomus.eu\/de\/wp-json\/wp\/v2\/media\/15216"}],"wp:attachment":[{"href":"https:\/\/sklep.biomus.eu\/de\/wp-json\/wp\/v2\/media?parent=14461"}],"wp:term":[{"taxonomy":"product_brand","embeddable":true,"href":"https:\/\/sklep.biomus.eu\/de\/wp-json\/wp\/v2\/product_brand?post=14461"},{"taxonomy":"product_cat","embeddable":true,"href":"https:\/\/sklep.biomus.eu\/de\/wp-json\/wp\/v2\/product_cat?post=14461"},{"taxonomy":"product_tag","embeddable":true,"href":"https:\/\/sklep.biomus.eu\/de\/wp-json\/wp\/v2\/product_tag?post=14461"}],"curies":[{"name":"wp","href":"https:\/\/api.w.org\/{rel}","templated":true}]}}