{"id":14771,"date":"2015-09-01T00:00:00","date_gmt":"2015-08-31T22:00:00","guid":{"rendered":"https:\/\/sklep.biomus.eu\/surowce-i-odczynniki-chemiczne\/askorbinian-sodu-czysty-min-995-1kg-2\/"},"modified":"2025-12-09T23:23:15","modified_gmt":"2025-12-09T22:23:15","slug":"askorbinian-sodu-czysty-min-995-1kg-2","status":"publish","type":"product","link":"https:\/\/sklep.biomus.eu\/de\/surowce-i-odczynniki-chemiczne\/askorbinian-sodu-czysty-min-995-1kg-2\/","title":{"rendered":"Natriumascorbat. Reinigen Sie mindestens 99,5%. Askorbinian sodu. Czysty min 99,5% 1kg"},"content":{"rendered":"<p id=\"docs-internal-guid-b1b1b496-23f9-6a85-226f-592de3505380\" dir=\"ltr\">Natriumascorbat. Vitamin C. Rein<\/p>\n<p dir=\"ltr\">Natriumascorbat &#8211; es ist eine organische chemische Verbindung der Ascorbat-Gruppe &#8211; ein Salz von Ascorbins\u00e4ure und Natrium. Es wird durch Glukosefermentation und Oxidation erhalten. Es wird beispielsweise als Antioxidans verwendet.<\/p>\n<\/p>\n<p dir=\"ltr\">Art: sauber<\/p>\n<\/p>\n<p dir=\"ltr\">Es hat einen salz\u00e4hnlichen Geschmack, ist aber etwas weniger salzig und gut in Wasser l\u00f6slich.<\/p>\n<p dir=\"ltr\">Es kommt in Form eines kristallinen oder k\u00f6rnigen wei\u00dfen Pulvers vor.<\/p>\n<p dir=\"ltr\">Natriumascorbat ist eine organische chemische Verbindung, Ascorbins\u00e4ure und Natriumsalz. Es wird im Prozess der Glukosefermentation durch Bakterien und dann Oxidation erhalten. Natriumascorbat hat ausgezeichnete antioxidative Eigenschaften und ist ein chemisches Reagens. 1 g reines Natriumascorbat enth\u00e4lt ungef\u00e4hr 889 mg Vitamin C und ungef\u00e4hr 111 mg Natrium. Es ist weniger sauer als Ascorbins\u00e4ure. Natriumascorbat in der nat\u00fcrlichen Umgebung wird h\u00e4ufig in Gem\u00fcse und Obst gefunden.<\/p>\n<p dir=\"ltr\">Spezifikation<\/p>\n<p dir=\"ltr\">Name: Natriumascorbat<\/p>\n<p dir=\"ltr\">Synonyme: Ascorbins\u00e4ure und Natriumsalz. Natriumascorbat, gepuffert<\/p>\n<p dir=\"ltr\">Genre: Sauber<\/p>\n<p dir=\"ltr\">Sauberkeit: Rein mindestens 99,5%<\/p>\n<p dir=\"ltr\">Chemische Formel: C6H7NaO6<\/p>\n","protected":false},"excerpt":{"rendered":"<p>Natriumascorbat. Vitamin C. Rein Natriumascorbat &#8211; es ist eine organische chemische Verbindung der Ascorbat-Gruppe &#8211; ein Salz von Ascorbins\u00e4ure und Natrium. Es wird durch Glukosefermentation und Oxidation erhalten. Es wird beispielsweise als Antioxidans verwendet. Art: sauber Es hat einen salz\u00e4hnlichen Geschmack, ist aber etwas weniger salzig und gut in Wasser l\u00f6slich. Es kommt in Form [&hellip;]<\/p>\n","protected":false},"featured_media":14879,"comment_status":"open","ping_status":"closed","template":"","meta":{"inline_featured_image":false},"product_brand":[],"product_cat":[1503,827],"product_tag":[],"class_list":{"0":"post-14771","1":"product","2":"type-product","3":"status-publish","4":"has-post-thumbnail","6":"product_cat-natriumascorbat-vitamin-c-pur","7":"product_cat-bestseller","9":"first","10":"instock","11":"taxable","12":"shipping-taxable","13":"purchasable","14":"product-type-simple"},"_links":{"self":[{"href":"https:\/\/sklep.biomus.eu\/de\/wp-json\/wp\/v2\/product\/14771","targetHints":{"allow":["GET"]}}],"collection":[{"href":"https:\/\/sklep.biomus.eu\/de\/wp-json\/wp\/v2\/product"}],"about":[{"href":"https:\/\/sklep.biomus.eu\/de\/wp-json\/wp\/v2\/types\/product"}],"replies":[{"embeddable":true,"href":"https:\/\/sklep.biomus.eu\/de\/wp-json\/wp\/v2\/comments?post=14771"}],"wp:featuredmedia":[{"embeddable":true,"href":"https:\/\/sklep.biomus.eu\/de\/wp-json\/wp\/v2\/media\/14879"}],"wp:attachment":[{"href":"https:\/\/sklep.biomus.eu\/de\/wp-json\/wp\/v2\/media?parent=14771"}],"wp:term":[{"taxonomy":"product_brand","embeddable":true,"href":"https:\/\/sklep.biomus.eu\/de\/wp-json\/wp\/v2\/product_brand?post=14771"},{"taxonomy":"product_cat","embeddable":true,"href":"https:\/\/sklep.biomus.eu\/de\/wp-json\/wp\/v2\/product_cat?post=14771"},{"taxonomy":"product_tag","embeddable":true,"href":"https:\/\/sklep.biomus.eu\/de\/wp-json\/wp\/v2\/product_tag?post=14771"}],"curies":[{"name":"wp","href":"https:\/\/api.w.org\/{rel}","templated":true}]}}